{"id":1082,"date":"2018-08-15T10:39:30","date_gmt":"2018-08-15T09:39:30","guid":{"rendered":"http:\/\/josip-rukelj.from.hr\/?page_id=1082"},"modified":"2024-01-20T19:48:56","modified_gmt":"2024-01-20T18:48:56","slug":"razno","status":"publish","type":"page","link":"http:\/\/josip-rukelj.from.hr\/?page_id=1082","title":{"rendered":"Razno"},"content":{"rendered":"<p><a href=\"https:\/\/drive.google.com\/file\/d\/1k42n8ym-pi8V5k-g35OhIi0v8BuE9tQF\/view?usp=sharing\" target=\"_blank\" rel=\"noopener\"><strong>Svi to rade! (moral\/etika)<\/strong><\/a><\/p>\n<hr>\n<blockquote data-secret=\"GIhC4qohFc\" class=\"wp-embedded-content\"><p><a href=\"https:\/\/www.bitno.net\/academicus\/osam-vrhunskih-znanstvenika-koji-su-vjerovali-u-boga\/\">Osam vrhunskih znanstvenika koji su vjerovali u Boga<\/a><\/p><\/blockquote>\n<p><iframe class=\"wp-embedded-content\" sandbox=\"allow-scripts\" security=\"restricted\" style=\"position: absolute; clip: rect(1px, 1px, 1px, 1px);\" src=\"https:\/\/www.bitno.net\/academicus\/osam-vrhunskih-znanstvenika-koji-su-vjerovali-u-boga\/embed\/#?secret=GIhC4qohFc\" data-secret=\"GIhC4qohFc\" width=\"584\" height=\"329\" title=\"&#8220;Osam vrhunskih znanstvenika koji su vjerovali u Boga&#8221; &#8212; Bitno.net\" frameborder=\"0\" marginwidth=\"0\" marginheight=\"0\" scrolling=\"no\"><\/iframe><\/p>\n<hr>\n<p><strong>Ovdje donosimo zanimljivosti u vezi Svetog Ivana Pavla II. i broja 13.<\/strong><\/p>\n<p><strong>On je imao 58 godina kada je postao papa. (5+8=13)<\/strong><\/p>\n<p><strong>Njegova slu\u017eba pape trajala je 9301 dan. (9+3+0+1=13)<\/strong><\/p>\n<p><strong>Atentat na Papu Ivana Pavla II. je bio 13. svibnja (1981) &#8211; 1917. isti dan po\u010dela su ukazanja u Fatimi (jedan od tajni bila je atentat na Papu)<\/strong><\/p>\n<p><strong>Umro je u 13. tjednu u godini.<\/strong><\/p>\n<p><strong>Kada je umirao imao je 85 godina. (8+5=13)<\/strong><\/p>\n<p><strong>Datum njegove smrti je: 2.4.2005. (2+4+2+5=13)<\/strong><\/p>\n<p><strong>Vrijeme smrti je 21:37 (2+1+3+7=13)<\/strong><\/p>\n<p><strong>Bio je 265. papa po redu (2+6+5=13)<\/strong><\/p>\n<hr>\n<p><strong>Mojoj Lijepoj<\/strong><\/p>\n<p>Ja sam je gledao u svitanje dana<br \/>\nU tihim no\u0107ima od zvjezdanog sna<br \/>\nRumenim sutonima ona me ljubi<br \/>\nZelenim poljima i beskrajem dna<\/p>\n<p>Ja sam je gledao kroz kapljice ki\u0161e<br \/>\nOna je svjetlo \u0161to me vodi kroz no\u0107<br \/>\nOlujnim valovima ona me nji\u0161e<br \/>\nOna je ljubav koja ne mo\u017ee pro\u0107i<\/p>\n<p>Ja bih ugledao sunce<br \/>\nKad bih ugledao nju<br \/>\nJa bih imao ljepotu<br \/>\nDa je pored mene tu<\/p>\n<p>Ja sam znao da \u0107u svoju ljubav pokloniti njoj<br \/>\nMojoj lijepoj zemlji Hrvatskoj<br \/>\nJa sam znao da \u0107u svoju ljubav pokloniti njoj<br \/>\nMojoj lijepoj zemlji Hrvatskoj<\/p>\n<hr>\n<p><strong>Dokumenti (pdf):<\/strong><br \/>\n<a href=\"https:\/\/drive.google.com\/file\/d\/11NL4V17zP9-TA_WToCSCR31SntB4hJEW\/view?usp=sharing\" target=\"_blank\" rel=\"noopener\">Prakti\u010dni vodi\u010d za svjetske religije<\/a>&nbsp;(KS)<br \/>\n<a href=\"http:\/\/josip-rukelj.from.hr\/files\/2014\/09\/Pravila-J-Baricevic.pdf\" target=\"_blank\" rel=\"noopener\">PRAVILA ZA DOBRE ME\u0110USOBNE ODNOSE .<\/a>.. (Josip Bari\u010devi\u0107)<\/p>\n<hr>\n<p><a title=\"PRIPREMA ZA DAN SJE\u0106ANJA NA HOLOKAUST\" href=\"http:\/\/josip-rukelj.from.hr\/files\/2014\/09\/PRIPREMA-ZA-DAN-SJE%C4%86ANJA-NA-HOLOKAUST.pdf\" target=\"_blank\" rel=\"noopener\">PRIPREMA ZA DAN SJE\u0106ANJA NA HOLOKAUST<\/a>&nbsp;(27. sije\u010dnja)<br \/>\n<a href=\"https:\/\/www.youtube.com\/watch?v=nt8E1kUtg0w\" target=\"_blank\" rel=\"noopener\">Video 1. (Radovi u\u010denika)<\/a><br \/>\n<a href=\"https:\/\/www.youtube.com\/watch?v=449ZOWbUkf0\" target=\"_blank\" rel=\"noopener\">Video 2. (Auschwitz)<\/a><br \/>\n<a href=\"https:\/\/www.youtube.com\/watch?v=Iq7xbHsl3fE\" target=\"_blank\" rel=\"noopener\">Video 3. (\u0160to je holokaust?)<\/a><br \/>\n<a href=\"https:\/\/www.google.com\/search?q=holokaust&amp;sca_esv=600096508&amp;rlz=1C1GCEB_enHR871HR871&amp;hl=hr&amp;tbm=vid&amp;sxsrf=ACQVn0-3GQ03D9eSPh4LkUowtBOk-emyvA:1705774528792&amp;ei=wA2sZb3yL7fSwPAP7_m-sAk&amp;start=10&amp;sa=N&amp;ved=2ahUKEwi90uumyeyDAxU3KRAIHe-8D5Y4HhDy0wN6BAgOEAY&amp;biw=1536&amp;bih=703&amp;dpr=1.25#fpstate=ive&amp;vld=cid:79043eb1,vid:rhoyquOkI50,st:0\" target=\"_blank\" rel=\"noopener\">Video 4. (Lea Deutsch)<\/a><br \/>\n&#8220;Holokaust je bilo sistematsko, birokratsko, od dr\u017eave odobreno progonstvo i ubojstvo probli\u017eno \u0161est milijuna \u017didova, od strane nacisti\u010dkog re\u017eima i njihovih kolaboracionista. &#8216;Holokaust&#8217; je rije\u010d gr\u010dkog podrijetla i zna\u010di &#8216;\u017ertva vatre&#8217;. Nacisti, koji su na vlast do\u0161li u sije\u010dnju 1933., vjerovali su u to da su Nijemci &#8216;rasno superiorni&#8217; a da su \u017didovi osu\u0111eni na &#8216;\u017eivot nedostojan \u017eivota&#8217;. Za vrijeme holokausta, nacisti su tako\u0111er ciljali na druge skupine zbog, kako su smatrali, &#8216;rasne inferiornosti&#8217;: na Rome\/Sinte (Cigane), invalide, i neke od slavenskih naroda (Poljake, Ruse i druge). Druge skupine su proganjane zbog politi\u010dkih razloga ili pona\u0161anja, me\u0111u njima i komunisti, socijalisti, Jehovini svjedoci, i homoseksualci. &#8221; Memorijalni muzej Holokausta, SAD<\/p>\n<p><a href=\"https:\/\/www.enciklopedija.hr\/clanak\/25975\" target=\"_blank\" rel=\"noopener\">Holokaust (Hrvatska enciklopedija)<\/a><\/p>\n<hr>\n<p><strong>Prezentacije:<\/strong> (OneDrive PPS\/PPT)<\/p>\n<p><a href=\"https:\/\/1drv.ms\/p\/s!AisB5CpHkFiggmVEySDfyS90pNF2\" target=\"_blank\" rel=\"noopener\">Lijepe fotografije<\/a><\/p>\n<p><a href=\"http:\/\/1drv.ms\/MKHxoZ\" target=\"_blank\" rel=\"noopener\">Povijesne fotografije<\/a><\/p>\n<p><a href=\"https:\/\/1drv.ms\/p\/s!AisB5CpHkFigjjvXXQ7IlvOqfLzI\" target=\"_blank\" rel=\"noopener\">\u017divotinje (poruke dana)<\/a><\/p>\n<hr>\n<p>&nbsp;<\/p>\n<ol>\n<li><a title=\"Dobro se dobrim vra\u0107a\" href=\"http:\/\/www.youtube.com\/watch?v=nwAYpLVyeFU&amp;list=PLvzOwE5lWqhQWsPsW5PQQ5gj5OBewwgUw&amp;index=4\" target=\"_blank\" rel=\"noopener\">Dobro se dobrim vra\u0107a (video)<\/a><\/li>\n<li><a title=\"Idemo na zeleno (semafor)\" href=\"http:\/\/www.youtube.com\/watch?v=7nI57gjhVd8;index=4\" target=\"_blank\" rel=\"noopener\">Idemo na zeleno (semafor)<\/a><\/li>\n<li><a href=\"http:\/\/www.etv-hellas.net\/videos\/2014-03-05.html\" target=\"_blank\" rel=\"noopener\">Snaga ljubavi<\/a>&nbsp;(\u0397 \u0394\u03a5\u039d\u0391\u039c\u0397 \u03a4\u0397\u03a3 \u0391\u0393\u0391\u03a0\u0397\u03a3)<\/li>\n<\/ol>\n<hr>\n<p><strong>Neizmjerna ljubav: Pogledajte kako stariji brat brine o mla\u0111oj bolesnoj sestri<\/strong><\/p>\n<p><iframe loading=\"lazy\" title=\"The Cochran Family - Unsung Hero Award\" width=\"584\" height=\"329\" src=\"https:\/\/www.youtube.com\/embed\/3_UYh5_YVmI?feature=oembed\" frameborder=\"0\" allow=\"accelerometer; autoplay; clipboard-write; encrypted-media; gyroscope; picture-in-picture; web-share\" allowfullscreen><\/iframe><\/p>\n<hr>\n<p><strong>Dirljivo svjedo\u010danstvo o invalidnosti: Otvorimo o\u010di prema istinskoj ljepoti<\/strong><\/p>\n<p><iframe loading=\"lazy\" title=\"Pro Infirmis \u00abBecause who is perfect?\u00bb\" width=\"584\" height=\"329\" src=\"https:\/\/www.youtube.com\/embed\/E8umFV69fNg?feature=oembed\" frameborder=\"0\" allow=\"accelerometer; autoplay; clipboard-write; encrypted-media; gyroscope; picture-in-picture; web-share\" allowfullscreen><\/iframe><\/p>\n<hr>\n<p><a href=\"http:\/\/www.slideshare.net\/josip2010\/religije-u-brojkama-kana-2248\" target=\"_blank\" rel=\"noopener\">Religije u brojkama<\/a><\/p>\n<p><a title=\"Religije u brojkama\" href=\"http:\/\/josip-rukelj.from.hr\/files\/2014\/02\/religije-m1.jpg\" target=\"_blank\" rel=\"noopener\"><img loading=\"lazy\" class=\"size-medium wp-image-136 aligncenter\" src=\"http:\/\/josip-rukelj.from.hr\/files\/2014\/02\/religije-m1-300x198.jpg\" alt=\"religije-m1\" width=\"300\" height=\"198\" srcset=\"http:\/\/josip-rukelj.from.hr\/files\/2014\/02\/religije-m1-300x198.jpg 300w, http:\/\/josip-rukelj.from.hr\/files\/2014\/02\/religije-m1-454x300.jpg 454w, http:\/\/josip-rukelj.from.hr\/files\/2014\/02\/religije-m1.jpg 800w\" sizes=\"(max-width: 300px) 100vw, 300px\" \/><\/a><\/p>\n<div><strong> <a title=\"Religije u brojkama (Kana, 2\/248)\" href=\"https:\/\/www.slideshare.net\/josip2010\/religije-u-brojkama-kana-2248\" target=\"_blank\" rel=\"noopener\">Religije u brojkama (Kana, 2\/248)<\/a><br \/>\n<\/strong><\/div>\n<div>\n<hr>\n<\/div>\n<p><strong>Word dokumenti:<\/strong><\/p>\n<p><a href=\"https:\/\/drive.google.com\/file\/d\/0B9sUxAFAm1xFcGxxVmVYc3F1VDQ\/edit?usp=sharing\" target=\"_blank\" rel=\"noopener\">Izreke o obitelji i braku<\/a><\/p>\n<hr>\n<p>&nbsp;<\/p>\n","protected":false},"excerpt":{"rendered":"<p>Svi to rade! (moral\/etika) Osam vrhunskih znanstvenika koji su vjerovali u Boga Ovdje donosimo zanimljivosti u vezi Svetog Ivana Pavla II. i broja 13. On je imao 58 godina kada je postao papa. (5+8=13) Njegova slu\u017eba pape trajala je 9301 &hellip; <a href=\"http:\/\/josip-rukelj.from.hr\/?page_id=1082\">Nastavi \u010ditati <span class=\"meta-nav\">&rarr;<\/span><\/a><\/p>\n","protected":false},"author":357,"featured_media":0,"parent":0,"menu_order":0,"comment_status":"closed","ping_status":"closed","template":"","meta":{"ngg_post_thumbnail":0},"yoast_head":"<!-- This site is optimized with the Yoast SEO plugin v17.5 - https:\/\/yoast.com\/wordpress\/plugins\/seo\/ -->\n<meta name=\"robots\" content=\"index, follow, max-snippet:-1, max-image-preview:large, max-video-preview:-1\" \/>\n<link rel=\"canonical\" href=\"http:\/\/josip-rukelj.from.hr\/?page_id=1082\" \/>\n<meta property=\"og:locale\" content=\"hr_HR\" \/>\n<meta property=\"og:type\" content=\"article\" \/>\n<meta property=\"og:title\" content=\"Razno - Religiozna kultura i etika\" \/>\n<meta property=\"og:description\" content=\"Svi to rade! (moral\/etika) Osam vrhunskih znanstvenika koji su vjerovali u Boga Ovdje donosimo zanimljivosti u vezi Svetog Ivana Pavla II. i broja 13. On je imao 58 godina kada je postao papa. (5+8=13) Njegova slu\u017eba pape trajala je 9301 &hellip; Nastavi \u010ditati &rarr;\" \/>\n<meta property=\"og:url\" content=\"http:\/\/josip-rukelj.from.hr\/?page_id=1082\" \/>\n<meta property=\"og:site_name\" content=\"Religiozna kultura i etika\" \/>\n<meta property=\"article:modified_time\" content=\"2024-01-20T18:48:56+00:00\" \/>\n<meta property=\"og:image\" content=\"http:\/\/josip-rukelj.from.hr\/files\/2014\/02\/religije-m1-300x198.jpg\" \/>\n<meta name=\"twitter:card\" content=\"summary\" \/>\n<meta name=\"twitter:label1\" content=\"Procijenjeno vrijeme \u010ditanja\" \/>\n\t<meta name=\"twitter:data1\" content=\"2 minute\" \/>\n<script type=\"application\/ld+json\" class=\"yoast-schema-graph\">{\"@context\":\"https:\/\/schema.org\",\"@graph\":[{\"@type\":[\"Person\",\"Organization\"],\"@id\":\"http:\/\/josip-rukelj.from.hr\/#\/schema\/person\/aea8c0e9f30d13d5482591504b7e2d90\",\"name\":\"josip-rukelj\",\"logo\":{\"@id\":\"http:\/\/josip-rukelj.from.hr\/#personlogo\"},\"sameAs\":[\"http:\/\/www.josiprukelj.com\"]},{\"@type\":\"WebSite\",\"@id\":\"http:\/\/josip-rukelj.from.hr\/#website\",\"url\":\"http:\/\/josip-rukelj.from.hr\/\",\"name\":\"Religiozna kultura i etika\",\"description\":\"Upoznaj samog sebe\",\"publisher\":{\"@id\":\"http:\/\/josip-rukelj.from.hr\/#\/schema\/person\/aea8c0e9f30d13d5482591504b7e2d90\"},\"potentialAction\":[{\"@type\":\"SearchAction\",\"target\":{\"@type\":\"EntryPoint\",\"urlTemplate\":\"http:\/\/josip-rukelj.from.hr\/?s={search_term_string}\"},\"query-input\":\"required name=search_term_string\"}],\"inLanguage\":\"hr\"},{\"@type\":\"ImageObject\",\"@id\":\"http:\/\/josip-rukelj.from.hr\/?page_id=1082#primaryimage\",\"inLanguage\":\"hr\",\"url\":\"http:\/\/josip-rukelj.from.hr\/files\/2014\/02\/religije-m1-300x198.jpg\",\"contentUrl\":\"http:\/\/josip-rukelj.from.hr\/files\/2014\/02\/religije-m1-300x198.jpg\"},{\"@type\":\"WebPage\",\"@id\":\"http:\/\/josip-rukelj.from.hr\/?page_id=1082#webpage\",\"url\":\"http:\/\/josip-rukelj.from.hr\/?page_id=1082\",\"name\":\"Razno - Religiozna kultura i etika\",\"isPartOf\":{\"@id\":\"http:\/\/josip-rukelj.from.hr\/#website\"},\"primaryImageOfPage\":{\"@id\":\"http:\/\/josip-rukelj.from.hr\/?page_id=1082#primaryimage\"},\"datePublished\":\"2018-08-15T09:39:30+00:00\",\"dateModified\":\"2024-01-20T18:48:56+00:00\",\"breadcrumb\":{\"@id\":\"http:\/\/josip-rukelj.from.hr\/?page_id=1082#breadcrumb\"},\"inLanguage\":\"hr\",\"potentialAction\":[{\"@type\":\"ReadAction\",\"target\":[\"http:\/\/josip-rukelj.from.hr\/?page_id=1082\"]}]},{\"@type\":\"BreadcrumbList\",\"@id\":\"http:\/\/josip-rukelj.from.hr\/?page_id=1082#breadcrumb\",\"itemListElement\":[{\"@type\":\"ListItem\",\"position\":1,\"name\":\"Home\",\"item\":\"http:\/\/josip-rukelj.from.hr\/\"},{\"@type\":\"ListItem\",\"position\":2,\"name\":\"Razno\"}]}]}<\/script>\n<!-- \/ Yoast SEO plugin. -->","yoast_head_json":{"robots":{"index":"index","follow":"follow","max-snippet":"max-snippet:-1","max-image-preview":"max-image-preview:large","max-video-preview":"max-video-preview:-1"},"canonical":"http:\/\/josip-rukelj.from.hr\/?page_id=1082","og_locale":"hr_HR","og_type":"article","og_title":"Razno - Religiozna kultura i etika","og_description":"Svi to rade! (moral\/etika) Osam vrhunskih znanstvenika koji su vjerovali u Boga Ovdje donosimo zanimljivosti u vezi Svetog Ivana Pavla II. i broja 13. On je imao 58 godina kada je postao papa. (5+8=13) Njegova slu\u017eba pape trajala je 9301 &hellip; Nastavi \u010ditati &rarr;","og_url":"http:\/\/josip-rukelj.from.hr\/?page_id=1082","og_site_name":"Religiozna kultura i etika","article_modified_time":"2024-01-20T18:48:56+00:00","og_image":[{"url":"http:\/\/josip-rukelj.from.hr\/files\/2014\/02\/religije-m1-300x198.jpg"}],"twitter_card":"summary","twitter_misc":{"Procijenjeno vrijeme \u010ditanja":"2 minute"},"schema":{"@context":"https:\/\/schema.org","@graph":[{"@type":["Person","Organization"],"@id":"http:\/\/josip-rukelj.from.hr\/#\/schema\/person\/aea8c0e9f30d13d5482591504b7e2d90","name":"josip-rukelj","logo":{"@id":"http:\/\/josip-rukelj.from.hr\/#personlogo"},"sameAs":["http:\/\/www.josiprukelj.com"]},{"@type":"WebSite","@id":"http:\/\/josip-rukelj.from.hr\/#website","url":"http:\/\/josip-rukelj.from.hr\/","name":"Religiozna kultura i etika","description":"Upoznaj samog sebe","publisher":{"@id":"http:\/\/josip-rukelj.from.hr\/#\/schema\/person\/aea8c0e9f30d13d5482591504b7e2d90"},"potentialAction":[{"@type":"SearchAction","target":{"@type":"EntryPoint","urlTemplate":"http:\/\/josip-rukelj.from.hr\/?s={search_term_string}"},"query-input":"required name=search_term_string"}],"inLanguage":"hr"},{"@type":"ImageObject","@id":"http:\/\/josip-rukelj.from.hr\/?page_id=1082#primaryimage","inLanguage":"hr","url":"http:\/\/josip-rukelj.from.hr\/files\/2014\/02\/religije-m1-300x198.jpg","contentUrl":"http:\/\/josip-rukelj.from.hr\/files\/2014\/02\/religije-m1-300x198.jpg"},{"@type":"WebPage","@id":"http:\/\/josip-rukelj.from.hr\/?page_id=1082#webpage","url":"http:\/\/josip-rukelj.from.hr\/?page_id=1082","name":"Razno - Religiozna kultura i etika","isPartOf":{"@id":"http:\/\/josip-rukelj.from.hr\/#website"},"primaryImageOfPage":{"@id":"http:\/\/josip-rukelj.from.hr\/?page_id=1082#primaryimage"},"datePublished":"2018-08-15T09:39:30+00:00","dateModified":"2024-01-20T18:48:56+00:00","breadcrumb":{"@id":"http:\/\/josip-rukelj.from.hr\/?page_id=1082#breadcrumb"},"inLanguage":"hr","potentialAction":[{"@type":"ReadAction","target":["http:\/\/josip-rukelj.from.hr\/?page_id=1082"]}]},{"@type":"BreadcrumbList","@id":"http:\/\/josip-rukelj.from.hr\/?page_id=1082#breadcrumb","itemListElement":[{"@type":"ListItem","position":1,"name":"Home","item":"http:\/\/josip-rukelj.from.hr\/"},{"@type":"ListItem","position":2,"name":"Razno"}]}]}},"_links":{"self":[{"href":"http:\/\/josip-rukelj.from.hr\/index.php?rest_route=\/wp\/v2\/pages\/1082"}],"collection":[{"href":"http:\/\/josip-rukelj.from.hr\/index.php?rest_route=\/wp\/v2\/pages"}],"about":[{"href":"http:\/\/josip-rukelj.from.hr\/index.php?rest_route=\/wp\/v2\/types\/page"}],"author":[{"embeddable":true,"href":"http:\/\/josip-rukelj.from.hr\/index.php?rest_route=\/wp\/v2\/users\/357"}],"replies":[{"embeddable":true,"href":"http:\/\/josip-rukelj.from.hr\/index.php?rest_route=%2Fwp%2Fv2%2Fcomments&post=1082"}],"version-history":[{"count":17,"href":"http:\/\/josip-rukelj.from.hr\/index.php?rest_route=\/wp\/v2\/pages\/1082\/revisions"}],"predecessor-version":[{"id":2298,"href":"http:\/\/josip-rukelj.from.hr\/index.php?rest_route=\/wp\/v2\/pages\/1082\/revisions\/2298"}],"wp:attachment":[{"href":"http:\/\/josip-rukelj.from.hr\/index.php?rest_route=%2Fwp%2Fv2%2Fmedia&parent=1082"}],"curies":[{"name":"wp","href":"https:\/\/api.w.org\/{rel}","templated":true}]}}