{"id":205,"date":"2014-02-28T22:09:25","date_gmt":"2014-02-28T21:09:25","guid":{"rendered":"http:\/\/josip-rukelj.from.hr\/?page_id=205"},"modified":"2018-09-01T19:24:18","modified_gmt":"2018-09-01T18:24:18","slug":"religiozna-kultura","status":"publish","type":"page","link":"http:\/\/josip-rukelj.from.hr\/?page_id=205","title":{"rendered":"Vjeronauk"},"content":{"rendered":"<p><iframe loading=\"lazy\" width=\"584\" height=\"329\" src=\"https:\/\/www.youtube.com\/embed\/lPqrAdya9KM?feature=oembed\" frameborder=\"0\" allow=\"autoplay; encrypted-media\" allowfullscreen><\/iframe><\/p>\n<hr>\n<blockquote data-secret=\"a7GbAfe0kx\" class=\"wp-embedded-content\"><p><a href=\"https:\/\/www.bitno.net\/mulitmedija\/nick-vujicic-nikad-ne-odustaj\/\">Nick Vuji\u010di\u0107 &#8211; Nikad ne odustaj<\/a><\/p><\/blockquote>\n<p><iframe class=\"wp-embedded-content\" sandbox=\"allow-scripts\" security=\"restricted\" style=\"position: absolute; clip: rect(1px, 1px, 1px, 1px);\" src=\"https:\/\/www.bitno.net\/mulitmedija\/nick-vujicic-nikad-ne-odustaj\/embed\/#?secret=a7GbAfe0kx\" data-secret=\"a7GbAfe0kx\" width=\"584\" height=\"329\" title=\"&#8220;Nick Vuji\u010di\u0107 &#8211; Nikad ne odustaj&#8221; &#8212; Bitno.net\" frameborder=\"0\" marginwidth=\"0\" marginheight=\"0\" scrolling=\"no\"><\/iframe><\/p>\n<hr>\n<blockquote data-secret=\"xv3ah4wz30\" class=\"wp-embedded-content\"><p><a href=\"https:\/\/www.bitno.net\/mulitmedija\/video-andrea-bocelli-majci-su-rekli-da-me-pobaci-ali-ona-to-nije-ucinila-hvala-joj-na-tome\/\">[VIDEO] Andrea Bocelli: &#8216;Majci su rekli da me pobaci, ali ona to nije u\u010dinila &#8211; hvala joj na tome!&#8217;<\/a><\/p><\/blockquote>\n<p><iframe class=\"wp-embedded-content\" sandbox=\"allow-scripts\" security=\"restricted\" style=\"position: absolute; clip: rect(1px, 1px, 1px, 1px);\" src=\"https:\/\/www.bitno.net\/mulitmedija\/video-andrea-bocelli-majci-su-rekli-da-me-pobaci-ali-ona-to-nije-ucinila-hvala-joj-na-tome\/embed\/#?secret=xv3ah4wz30\" data-secret=\"xv3ah4wz30\" width=\"584\" height=\"329\" title=\"&#8220;[VIDEO] Andrea Bocelli: &#8216;Majci su rekli da me pobaci, ali ona to nije u\u010dinila &#8211; hvala joj na tome!&#8217;&#8221; &#8212; Bitno.net\" frameborder=\"0\" marginwidth=\"0\" marginheight=\"0\" scrolling=\"no\"><\/iframe><\/p>\n<hr>\n<blockquote data-secret=\"pbpJfQWmxe\" class=\"wp-embedded-content\"><p><a href=\"https:\/\/www.bitno.net\/mulitmedija\/video-emanuellina-poruka-krscanima\/\">[VIDEO] Emanuellina poruka kr\u0161\u0107anima<\/a><\/p><\/blockquote>\n<p><iframe class=\"wp-embedded-content\" sandbox=\"allow-scripts\" security=\"restricted\" style=\"position: absolute; clip: rect(1px, 1px, 1px, 1px);\" src=\"https:\/\/www.bitno.net\/mulitmedija\/video-emanuellina-poruka-krscanima\/embed\/#?secret=pbpJfQWmxe\" data-secret=\"pbpJfQWmxe\" width=\"584\" height=\"329\" title=\"&#8220;[VIDEO] Emanuellina poruka kr\u0161\u0107anima&#8221; &#8212; Bitno.net\" frameborder=\"0\" marginwidth=\"0\" marginheight=\"0\" scrolling=\"no\"><\/iframe><\/p>\n<hr>\n<blockquote data-secret=\"KdrKco3z3i\" class=\"wp-embedded-content\"><p><a href=\"https:\/\/www.bitno.net\/mulitmedija\/video-5-minuta-s-isusom\/\">[VIDEO] 5 minuta s Isusom<\/a><\/p><\/blockquote>\n<p><iframe class=\"wp-embedded-content\" sandbox=\"allow-scripts\" security=\"restricted\" style=\"position: absolute; clip: rect(1px, 1px, 1px, 1px);\" src=\"https:\/\/www.bitno.net\/mulitmedija\/video-5-minuta-s-isusom\/embed\/#?secret=KdrKco3z3i\" data-secret=\"KdrKco3z3i\" width=\"584\" height=\"329\" title=\"&#8220;[VIDEO] 5 minuta s Isusom&#8221; &#8212; Bitno.net\" frameborder=\"0\" marginwidth=\"0\" marginheight=\"0\" scrolling=\"no\"><\/iframe><\/p>\n<hr>\n<h1 class=\"Single-article__h1\">[VIDEO] Bo\u017eje poruke nama \u2013 neobi\u010dna i privla\u010dna kampanja Katoli\u010dke crkve u Singapuru<\/h1>\n<p><iframe loading=\"lazy\" width=\"584\" height=\"438\" src=\"https:\/\/www.youtube.com\/embed\/iCXPbtQjt24?feature=oembed\" frameborder=\"0\" allow=\"autoplay; encrypted-media\" allowfullscreen><\/iframe><\/p>\n<hr>\n<h1 class=\"Single-article__h1\"><a href=\"https:\/\/www.youtube.com\/watch?v=K7kaw40pPYw\" target=\"_blank\">(VIDEO) \u010cudo \u017eivota: Pogledajte animirani prikaz razvoja djeteta<br \/>\n<\/a><a href=\"https:\/\/www.youtube.com\/watch?v=K7kaw40pPYw\" target=\"_blank\">u maternici kroz 9 mjeseci<\/a><\/h1>\n<p><iframe loading=\"lazy\" width=\"584\" height=\"329\" src=\"https:\/\/www.youtube.com\/embed\/K7kaw40pPYw?feature=oembed\" frameborder=\"0\" allow=\"autoplay; encrypted-media\" allowfullscreen><\/iframe><\/p>\n<p>____________________________________________________________<\/p>\n<h1 class=\"Single-article__h1\"><a href=\"https:\/\/www.bitno.net\/mulitmedija\/video\/zasto-su-dosli-vlakom-josko-marusic-animirani-film-abortus\/\" target=\"_blank\">\u201cZa\u0161to su do\u0161li vlakom\u201d ime je filma poznatog hrvatskog autora animiranih filmova, karikaturista i publicista Jo\u0161ka Maru\u0161i\u0107a iz 2015.<\/a><\/h1>\n<p>____________________________________________________________<\/p>\n<div class=\"Single-article__body\"><a href=\"https:\/\/www.facebook.com\/video.php?v=687704354645595&amp;set=vb.100396796709690&amp;type=2&amp;theater\" target=\"_blank\"><strong>Dokumentarni film &#8211; Moja Afrika (misije)<\/strong><\/a><\/div>\n<div class=\"Single-article__body\">&nbsp;____________________________________________________________<\/div>\n<h1 class=\"Single-article__h1\"><a href=\"https:\/\/www.bitno.net\/mulitmedija\/video-ti-si-bozje-remek-djelo\/\">Ti si Bo\u017eje remek djelo<\/a><br \/>\nhttps:\/\/www.bitno.net\/mulitmedija\/video-ti-si-bozje-remek-djelo\/<\/h1>\n<p><iframe loading=\"lazy\" width=\"584\" height=\"438\" src=\"https:\/\/www.youtube.com\/embed\/z6ADkrCCRNU?feature=oembed\" frameborder=\"0\" allow=\"autoplay; encrypted-media\" allowfullscreen><\/iframe><\/p>\n<p>____________________________________________________________<\/p>\n<p><iframe loading=\"lazy\" width=\"584\" height=\"329\" src=\"https:\/\/www.youtube.com\/embed\/WcGbUtc-s2Y?feature=oembed\" frameborder=\"0\" allow=\"autoplay; encrypted-media\" allowfullscreen><\/iframe><\/p>\n<p>____________________________________________________________<\/p>\n<p><iframe loading=\"lazy\" width=\"584\" height=\"438\" src=\"https:\/\/www.youtube.com\/embed\/Mfe4JKVFDdw?feature=oembed\" frameborder=\"0\" allow=\"autoplay; encrypted-media\" allowfullscreen><\/iframe><\/p>\n<p>____________________________________________________________<\/p>\n<p>Ovo \u0107e vas odu\u0161eviti: Poslu\u0161ajte molitvu &#8216;O\u010de na\u0161&#8217; otpjevanu na svahiliju:<a href=\"https:\/\/www.bitno.net\/mulitmedija\/video\/molitva-oce-nas-svahili-baba-yetu\/\">&nbsp;https:\/\/www.bitno.net\/mulitmedija\/video\/molitva-oce-nas-svahili-baba-yetu\/<\/a><\/p>\n<p><iframe loading=\"lazy\" width=\"584\" height=\"329\" src=\"https:\/\/www.youtube.com\/embed\/vsINANZ6Riw?feature=oembed\" frameborder=\"0\" allow=\"autoplay; encrypted-media\" allowfullscreen><\/iframe><\/p>\n<p>____________________________________________________________<\/p>\n<p><iframe loading=\"lazy\" width=\"584\" height=\"329\" src=\"https:\/\/www.youtube.com\/embed\/f0tEcxLDDd4?feature=oembed\" frameborder=\"0\" allow=\"autoplay; encrypted-media\" allowfullscreen><\/iframe><\/p>\n<p>____________________________________________________________<\/p>\n<p><strong>Razlozi za vjeru u Boga: Moralni argument<\/strong><\/p>\n<p><iframe loading=\"lazy\" width=\"584\" height=\"329\" src=\"https:\/\/www.youtube.com\/embed\/kur6hLtdpVI?feature=oembed\" frameborder=\"0\" allow=\"autoplay; encrypted-media\" allowfullscreen><\/iframe><\/p>\n<p>____________________________________________________________<\/p>\n<p><a href=\"https:\/\/drive.google.com\/folderview?id=0B1XZlcQ2sBEnY1ZFTC1CeTVUUFE&amp;usp=sharing\" target=\"_blank\">Kri\u017eni put (Po\u0111i za mnom) &#8211; T. Ivan\u010di\u0107<\/a><\/p>\n<p>____________________________________________________________<\/p>\n<p><a href=\"http:\/\/www.bitno.net\/mulitmedija\/video-istinita-prica-o-pobacaju\/\" target=\"_blank\">Istinita pri\u010da o tinejd\u017eerskoj trudno\u0107i \u2013 imala je dva izbora<\/a><\/p>\n<p>____________________________________________________________<\/p>\n<p><iframe loading=\"lazy\" width=\"584\" height=\"329\" src=\"https:\/\/www.youtube.com\/embed\/SolGBZ2f6L0?feature=oembed\" frameborder=\"0\" allow=\"autoplay; encrypted-media\" allowfullscreen><\/iframe><\/p>\n<p>____________________________________________________________<\/p>\n<h1><a href=\"http:\/\/www.pastoralmladih.hr\/Oaza\/Promisljaj-srcem\/Nema-veceg-dara-od-prijatelja!.aspx\" target=\"_blank\">O prijateljstvu&#8230;<\/a><\/h1>\n<p>____________________________________________________________<\/p>\n<h1><a href=\"http:\/\/www.bitno.net\/mulitmedija\/video-zasto-nam-je-isus-dao-svoje-tijelo-za-jelo\/\">Za\u0161to nam je Isus dao svoje tijelo za jelo?<\/a><\/h1>\n<p><iframe loading=\"lazy\" width=\"584\" height=\"329\" src=\"https:\/\/www.youtube.com\/embed\/oN2Rx5YgeJk?feature=oembed\" frameborder=\"0\" allow=\"autoplay; encrypted-media\" allowfullscreen><\/iframe><\/p>\n<p>____________________________________________________________<\/p>\n<p><span style=\"color: #000000;font-weight: bold\">Svjedo\u010danstvo &#8211; sestra Dijana govori o svom duhovnom pozivu<\/span><\/p>\n<p><iframe loading=\"lazy\" width=\"584\" height=\"329\" src=\"https:\/\/www.youtube.com\/embed\/KdqNq3Nd2fg?feature=oembed\" frameborder=\"0\" allow=\"autoplay; encrypted-media\" allowfullscreen><\/iframe><\/p>\n<p>____________________________________________________________<\/p>\n","protected":false},"excerpt":{"rendered":"<p>Nick Vuji\u010di\u0107 &#8211; Nikad ne odustaj [VIDEO] Andrea Bocelli: &#8216;Majci su rekli da me pobaci, ali ona to nije u\u010dinila &#8211; hvala joj na tome!&#8217; [VIDEO] Emanuellina poruka kr\u0161\u0107anima [VIDEO] 5 minuta s Isusom [VIDEO] Bo\u017eje poruke nama \u2013 neobi\u010dna &hellip; <a href=\"http:\/\/josip-rukelj.from.hr\/?page_id=205\">Nastavi \u010ditati <span class=\"meta-nav\">&rarr;<\/span><\/a><\/p>\n","protected":false},"author":357,"featured_media":0,"parent":0,"menu_order":0,"comment_status":"closed","ping_status":"closed","template":"","meta":{"ngg_post_thumbnail":0},"yoast_head":"<!-- This site is optimized with the Yoast SEO plugin v17.5 - https:\/\/yoast.com\/wordpress\/plugins\/seo\/ -->\n<meta name=\"robots\" content=\"index, follow, max-snippet:-1, max-image-preview:large, max-video-preview:-1\" \/>\n<link rel=\"canonical\" href=\"http:\/\/josip-rukelj.from.hr\/?page_id=205\" \/>\n<meta property=\"og:locale\" content=\"hr_HR\" \/>\n<meta property=\"og:type\" content=\"article\" \/>\n<meta property=\"og:title\" content=\"Vjeronauk - Religiozna kultura i etika\" \/>\n<meta property=\"og:description\" content=\"Nick Vuji\u010di\u0107 &#8211; Nikad ne odustaj [VIDEO] Andrea Bocelli: &#8216;Majci su rekli da me pobaci, ali ona to nije u\u010dinila &#8211; hvala joj na tome!&#8217; [VIDEO] Emanuellina poruka kr\u0161\u0107anima [VIDEO] 5 minuta s Isusom [VIDEO] Bo\u017eje poruke nama \u2013 neobi\u010dna &hellip; Nastavi \u010ditati &rarr;\" \/>\n<meta property=\"og:url\" content=\"http:\/\/josip-rukelj.from.hr\/?page_id=205\" \/>\n<meta property=\"og:site_name\" content=\"Religiozna kultura i etika\" \/>\n<meta property=\"article:modified_time\" content=\"2018-09-01T18:24:18+00:00\" \/>\n<meta name=\"twitter:card\" content=\"summary\" \/>\n<meta name=\"twitter:label1\" content=\"Procijenjeno vrijeme \u010ditanja\" \/>\n\t<meta name=\"twitter:data1\" content=\"1 minuta\" \/>\n<script type=\"application\/ld+json\" class=\"yoast-schema-graph\">{\"@context\":\"https:\/\/schema.org\",\"@graph\":[{\"@type\":[\"Person\",\"Organization\"],\"@id\":\"http:\/\/josip-rukelj.from.hr\/#\/schema\/person\/aea8c0e9f30d13d5482591504b7e2d90\",\"name\":\"josip-rukelj\",\"logo\":{\"@id\":\"http:\/\/josip-rukelj.from.hr\/#personlogo\"},\"sameAs\":[\"http:\/\/www.josiprukelj.com\"]},{\"@type\":\"WebSite\",\"@id\":\"http:\/\/josip-rukelj.from.hr\/#website\",\"url\":\"http:\/\/josip-rukelj.from.hr\/\",\"name\":\"Religiozna kultura i etika\",\"description\":\"Upoznaj samog sebe\",\"publisher\":{\"@id\":\"http:\/\/josip-rukelj.from.hr\/#\/schema\/person\/aea8c0e9f30d13d5482591504b7e2d90\"},\"potentialAction\":[{\"@type\":\"SearchAction\",\"target\":{\"@type\":\"EntryPoint\",\"urlTemplate\":\"http:\/\/josip-rukelj.from.hr\/?s={search_term_string}\"},\"query-input\":\"required name=search_term_string\"}],\"inLanguage\":\"hr\"},{\"@type\":\"WebPage\",\"@id\":\"http:\/\/josip-rukelj.from.hr\/?page_id=205#webpage\",\"url\":\"http:\/\/josip-rukelj.from.hr\/?page_id=205\",\"name\":\"Vjeronauk - Religiozna kultura i etika\",\"isPartOf\":{\"@id\":\"http:\/\/josip-rukelj.from.hr\/#website\"},\"datePublished\":\"2014-02-28T21:09:25+00:00\",\"dateModified\":\"2018-09-01T18:24:18+00:00\",\"breadcrumb\":{\"@id\":\"http:\/\/josip-rukelj.from.hr\/?page_id=205#breadcrumb\"},\"inLanguage\":\"hr\",\"potentialAction\":[{\"@type\":\"ReadAction\",\"target\":[\"http:\/\/josip-rukelj.from.hr\/?page_id=205\"]}]},{\"@type\":\"BreadcrumbList\",\"@id\":\"http:\/\/josip-rukelj.from.hr\/?page_id=205#breadcrumb\",\"itemListElement\":[{\"@type\":\"ListItem\",\"position\":1,\"name\":\"Home\",\"item\":\"http:\/\/josip-rukelj.from.hr\/\"},{\"@type\":\"ListItem\",\"position\":2,\"name\":\"Vjeronauk\"}]}]}<\/script>\n<!-- \/ Yoast SEO plugin. -->","yoast_head_json":{"robots":{"index":"index","follow":"follow","max-snippet":"max-snippet:-1","max-image-preview":"max-image-preview:large","max-video-preview":"max-video-preview:-1"},"canonical":"http:\/\/josip-rukelj.from.hr\/?page_id=205","og_locale":"hr_HR","og_type":"article","og_title":"Vjeronauk - Religiozna kultura i etika","og_description":"Nick Vuji\u010di\u0107 &#8211; Nikad ne odustaj [VIDEO] Andrea Bocelli: &#8216;Majci su rekli da me pobaci, ali ona to nije u\u010dinila &#8211; hvala joj na tome!&#8217; [VIDEO] Emanuellina poruka kr\u0161\u0107anima [VIDEO] 5 minuta s Isusom [VIDEO] Bo\u017eje poruke nama \u2013 neobi\u010dna &hellip; Nastavi \u010ditati &rarr;","og_url":"http:\/\/josip-rukelj.from.hr\/?page_id=205","og_site_name":"Religiozna kultura i etika","article_modified_time":"2018-09-01T18:24:18+00:00","twitter_card":"summary","twitter_misc":{"Procijenjeno vrijeme \u010ditanja":"1 minuta"},"schema":{"@context":"https:\/\/schema.org","@graph":[{"@type":["Person","Organization"],"@id":"http:\/\/josip-rukelj.from.hr\/#\/schema\/person\/aea8c0e9f30d13d5482591504b7e2d90","name":"josip-rukelj","logo":{"@id":"http:\/\/josip-rukelj.from.hr\/#personlogo"},"sameAs":["http:\/\/www.josiprukelj.com"]},{"@type":"WebSite","@id":"http:\/\/josip-rukelj.from.hr\/#website","url":"http:\/\/josip-rukelj.from.hr\/","name":"Religiozna kultura i etika","description":"Upoznaj samog sebe","publisher":{"@id":"http:\/\/josip-rukelj.from.hr\/#\/schema\/person\/aea8c0e9f30d13d5482591504b7e2d90"},"potentialAction":[{"@type":"SearchAction","target":{"@type":"EntryPoint","urlTemplate":"http:\/\/josip-rukelj.from.hr\/?s={search_term_string}"},"query-input":"required name=search_term_string"}],"inLanguage":"hr"},{"@type":"WebPage","@id":"http:\/\/josip-rukelj.from.hr\/?page_id=205#webpage","url":"http:\/\/josip-rukelj.from.hr\/?page_id=205","name":"Vjeronauk - Religiozna kultura i etika","isPartOf":{"@id":"http:\/\/josip-rukelj.from.hr\/#website"},"datePublished":"2014-02-28T21:09:25+00:00","dateModified":"2018-09-01T18:24:18+00:00","breadcrumb":{"@id":"http:\/\/josip-rukelj.from.hr\/?page_id=205#breadcrumb"},"inLanguage":"hr","potentialAction":[{"@type":"ReadAction","target":["http:\/\/josip-rukelj.from.hr\/?page_id=205"]}]},{"@type":"BreadcrumbList","@id":"http:\/\/josip-rukelj.from.hr\/?page_id=205#breadcrumb","itemListElement":[{"@type":"ListItem","position":1,"name":"Home","item":"http:\/\/josip-rukelj.from.hr\/"},{"@type":"ListItem","position":2,"name":"Vjeronauk"}]}]}},"_links":{"self":[{"href":"http:\/\/josip-rukelj.from.hr\/index.php?rest_route=\/wp\/v2\/pages\/205"}],"collection":[{"href":"http:\/\/josip-rukelj.from.hr\/index.php?rest_route=\/wp\/v2\/pages"}],"about":[{"href":"http:\/\/josip-rukelj.from.hr\/index.php?rest_route=\/wp\/v2\/types\/page"}],"author":[{"embeddable":true,"href":"http:\/\/josip-rukelj.from.hr\/index.php?rest_route=\/wp\/v2\/users\/357"}],"replies":[{"embeddable":true,"href":"http:\/\/josip-rukelj.from.hr\/index.php?rest_route=%2Fwp%2Fv2%2Fcomments&post=205"}],"version-history":[{"count":88,"href":"http:\/\/josip-rukelj.from.hr\/index.php?rest_route=\/wp\/v2\/pages\/205\/revisions"}],"predecessor-version":[{"id":1117,"href":"http:\/\/josip-rukelj.from.hr\/index.php?rest_route=\/wp\/v2\/pages\/205\/revisions\/1117"}],"wp:attachment":[{"href":"http:\/\/josip-rukelj.from.hr\/index.php?rest_route=%2Fwp%2Fv2%2Fmedia&parent=205"}],"curies":[{"name":"wp","href":"https:\/\/api.w.org\/{rel}","templated":true}]}}