{"id":2397,"date":"2024-10-20T17:49:01","date_gmt":"2024-10-20T16:49:01","guid":{"rendered":"http:\/\/josip-rukelj.from.hr\/?page_id=2397"},"modified":"2025-02-09T20:15:11","modified_gmt":"2025-02-09T19:15:11","slug":"4-raz-etika","status":"publish","type":"page","link":"http:\/\/josip-rukelj.from.hr\/?page_id=2397","title":{"rendered":"4. raz. (etika)"},"content":{"rendered":"<h1>1. ODGOVORNOST ZA PRIRODU<br \/>\n1. Uvod u u\u010denje i pou\u010davanje Etike u 4. razredu<br \/>\n2. Uvod u 1. poglavlje<br \/>\n3. Od ekonomije fosilnih goriva prema zelenoj ekonomiji<br \/>\n4. Odgovornost za budu\u0107nost<br \/>\n5. <a href=\"https:\/\/testmoz.com\/q\/14029396\" target=\"_blank\" rel=\"noopener\">Ponavljanje i provjera znanja<\/a><\/h1>\n<p><a href=\"http:\/\/josip-rukelj.from.hr\/files\/2024\/10\/Odgovornost-za-prirodu.png\" target=\"_blank\" rel=\"noopener\"><img loading=\"lazy\" class=\"alignnone wp-image-2402 size-thumbnail\" src=\"http:\/\/josip-rukelj.from.hr\/files\/2024\/10\/Odgovornost-za-prirodu-150x150.png\" alt=\"\" width=\"150\" height=\"150\" srcset=\"http:\/\/josip-rukelj.from.hr\/files\/2024\/10\/Odgovornost-za-prirodu-150x150.png 150w, http:\/\/josip-rukelj.from.hr\/files\/2024\/10\/Odgovornost-za-prirodu-300x300.png 300w, http:\/\/josip-rukelj.from.hr\/files\/2024\/10\/Odgovornost-za-prirodu.png 547w\" sizes=\"(max-width: 150px) 100vw, 150px\" \/><\/a><\/p>\n<h1>2. \u010cOVJEK I DRUGE \u017dIVOTINJE<br \/>\n6. Uvod u 2. poglavlje<br \/>\n7. Za\u0161tita \u017eivotinja<br \/>\n8. Stilovi prehrane ili stilovi \u017eivota<br \/>\n9. Ponavljanje i provjera znanja<br \/>\n10. Pisanje eseja<\/h1>\n<h1>3. MO\u0106 TEHNOLOGIJE U RUKAMA \u010cOVJEKA<br \/>\n11. Uvod u 3. poglavlje<br \/>\n12. Umjetna inteligencija<br \/>\n13. Geneti\u010dki modificirani organizmi<br \/>\n14. Ponavljanje i provjera znanja<\/h1>\n<h1>4. TEHNOLO\u0160KO POBOLJ\u0160ANJE \u010cOVJEKA<br \/>\n15. Uvod u 4. poglavlje<br \/>\n16. Transhumanizam<br \/>\n17. Biotehnologija i pobolj\u0161anje \u010dovjeka<br \/>\n18. <a href=\"https:\/\/testmoz.com\/q\/14250928\" target=\"_blank\" rel=\"noopener\">Ponavljanje i provjera znanja<\/a><\/h1>\n<h1>5. OSOBNE ODLUKE PRED \u017dIVOTNIM IZAZOVIMA<br \/>\n19. Uvod u 5. poglavlje<br \/>\n20. Osobne odluke<br \/>\n21. \u017divotni izazovi<br \/>\n22. Sloboda mi\u0161ljenja ili djelovanja<br \/>\n23. Privatni interes u javnome prostoru<br \/>\n24. Odgovornost vlade za stanje dru\u0161tva i dobrobit gra\u0111ana<br \/>\n25. Ponavljanje i provjera znanja<br \/>\n26. Pisanje eseja<\/h1>\n<h1>6. SLOBODA I ODGOVORNOST U JAVNOME PROSTORU<br \/>\n27. Uvod u 6. poglavlje<br \/>\n28. Ideologija i istina + Kriti\u010dko prihva\u0107anje i opovrgavanje<br \/>\n29. Privatni interes u javnome prostoru<br \/>\n30. Ponavljanje i provjera znanja<br \/>\n31. Vrednovanje nau\u010denoga<br \/>\n32. Zaklju\u010divanje ocjena<\/h1>\n","protected":false},"excerpt":{"rendered":"<p>1. ODGOVORNOST ZA PRIRODU 1. Uvod u u\u010denje i pou\u010davanje Etike u 4. razredu 2. Uvod u 1. poglavlje 3. Od ekonomije fosilnih goriva prema zelenoj ekonomiji 4. Odgovornost za budu\u0107nost 5. Ponavljanje i provjera znanja 2. \u010cOVJEK I DRUGE &hellip; <a href=\"http:\/\/josip-rukelj.from.hr\/?page_id=2397\">Nastavi \u010ditati <span class=\"meta-nav\">&rarr;<\/span><\/a><\/p>\n","protected":false},"author":357,"featured_media":0,"parent":223,"menu_order":0,"comment_status":"closed","ping_status":"closed","template":"","meta":{"ngg_post_thumbnail":0},"yoast_head":"<!-- This site is optimized with the Yoast SEO plugin v17.5 - https:\/\/yoast.com\/wordpress\/plugins\/seo\/ -->\n<meta name=\"robots\" content=\"index, follow, max-snippet:-1, max-image-preview:large, max-video-preview:-1\" \/>\n<link rel=\"canonical\" href=\"http:\/\/josip-rukelj.from.hr\/?page_id=2397\" \/>\n<meta property=\"og:locale\" content=\"hr_HR\" \/>\n<meta property=\"og:type\" content=\"article\" \/>\n<meta property=\"og:title\" content=\"4. raz. (etika) - Religiozna kultura i etika\" \/>\n<meta property=\"og:description\" content=\"1. ODGOVORNOST ZA PRIRODU 1. Uvod u u\u010denje i pou\u010davanje Etike u 4. razredu 2. Uvod u 1. poglavlje 3. Od ekonomije fosilnih goriva prema zelenoj ekonomiji 4. Odgovornost za budu\u0107nost 5. Ponavljanje i provjera znanja 2. \u010cOVJEK I DRUGE &hellip; Nastavi \u010ditati &rarr;\" \/>\n<meta property=\"og:url\" content=\"http:\/\/josip-rukelj.from.hr\/?page_id=2397\" \/>\n<meta property=\"og:site_name\" content=\"Religiozna kultura i etika\" \/>\n<meta property=\"article:modified_time\" content=\"2025-02-09T19:15:11+00:00\" \/>\n<meta property=\"og:image\" content=\"http:\/\/from.hr\/josip-rukelj\/files\/2024\/10\/Odgovornost-za-prirodu-150x150.png\" \/>\n<meta name=\"twitter:card\" content=\"summary\" \/>\n<meta name=\"twitter:label1\" content=\"Procijenjeno vrijeme \u010ditanja\" \/>\n\t<meta name=\"twitter:data1\" content=\"2 minute\" \/>\n<script type=\"application\/ld+json\" class=\"yoast-schema-graph\">{\"@context\":\"https:\/\/schema.org\",\"@graph\":[{\"@type\":[\"Person\",\"Organization\"],\"@id\":\"http:\/\/josip-rukelj.from.hr\/#\/schema\/person\/aea8c0e9f30d13d5482591504b7e2d90\",\"name\":\"josip-rukelj\",\"logo\":{\"@id\":\"http:\/\/josip-rukelj.from.hr\/#personlogo\"},\"sameAs\":[\"http:\/\/www.josiprukelj.com\"]},{\"@type\":\"WebSite\",\"@id\":\"http:\/\/josip-rukelj.from.hr\/#website\",\"url\":\"http:\/\/josip-rukelj.from.hr\/\",\"name\":\"Religiozna kultura i etika\",\"description\":\"Upoznaj samog sebe\",\"publisher\":{\"@id\":\"http:\/\/josip-rukelj.from.hr\/#\/schema\/person\/aea8c0e9f30d13d5482591504b7e2d90\"},\"potentialAction\":[{\"@type\":\"SearchAction\",\"target\":{\"@type\":\"EntryPoint\",\"urlTemplate\":\"http:\/\/josip-rukelj.from.hr\/?s={search_term_string}\"},\"query-input\":\"required name=search_term_string\"}],\"inLanguage\":\"hr\"},{\"@type\":\"ImageObject\",\"@id\":\"http:\/\/josip-rukelj.from.hr\/?page_id=2397#primaryimage\",\"inLanguage\":\"hr\",\"url\":\"http:\/\/from.hr\/josip-rukelj\/files\/2024\/10\/Odgovornost-za-prirodu-150x150.png\",\"contentUrl\":\"http:\/\/from.hr\/josip-rukelj\/files\/2024\/10\/Odgovornost-za-prirodu-150x150.png\"},{\"@type\":\"WebPage\",\"@id\":\"http:\/\/josip-rukelj.from.hr\/?page_id=2397#webpage\",\"url\":\"http:\/\/josip-rukelj.from.hr\/?page_id=2397\",\"name\":\"4. raz. (etika) - Religiozna kultura i etika\",\"isPartOf\":{\"@id\":\"http:\/\/josip-rukelj.from.hr\/#website\"},\"primaryImageOfPage\":{\"@id\":\"http:\/\/josip-rukelj.from.hr\/?page_id=2397#primaryimage\"},\"datePublished\":\"2024-10-20T16:49:01+00:00\",\"dateModified\":\"2025-02-09T19:15:11+00:00\",\"breadcrumb\":{\"@id\":\"http:\/\/josip-rukelj.from.hr\/?page_id=2397#breadcrumb\"},\"inLanguage\":\"hr\",\"potentialAction\":[{\"@type\":\"ReadAction\",\"target\":[\"http:\/\/josip-rukelj.from.hr\/?page_id=2397\"]}]},{\"@type\":\"BreadcrumbList\",\"@id\":\"http:\/\/josip-rukelj.from.hr\/?page_id=2397#breadcrumb\",\"itemListElement\":[{\"@type\":\"ListItem\",\"position\":1,\"name\":\"Home\",\"item\":\"http:\/\/josip-rukelj.from.hr\/\"},{\"@type\":\"ListItem\",\"position\":2,\"name\":\"Etika\",\"item\":\"http:\/\/josip-rukelj.from.hr\/?page_id=223\"},{\"@type\":\"ListItem\",\"position\":3,\"name\":\"4. raz. (etika)\"}]}]}<\/script>\n<!-- \/ Yoast SEO plugin. -->","yoast_head_json":{"robots":{"index":"index","follow":"follow","max-snippet":"max-snippet:-1","max-image-preview":"max-image-preview:large","max-video-preview":"max-video-preview:-1"},"canonical":"http:\/\/josip-rukelj.from.hr\/?page_id=2397","og_locale":"hr_HR","og_type":"article","og_title":"4. raz. (etika) - Religiozna kultura i etika","og_description":"1. ODGOVORNOST ZA PRIRODU 1. Uvod u u\u010denje i pou\u010davanje Etike u 4. razredu 2. Uvod u 1. poglavlje 3. Od ekonomije fosilnih goriva prema zelenoj ekonomiji 4. Odgovornost za budu\u0107nost 5. Ponavljanje i provjera znanja 2. \u010cOVJEK I DRUGE &hellip; Nastavi \u010ditati &rarr;","og_url":"http:\/\/josip-rukelj.from.hr\/?page_id=2397","og_site_name":"Religiozna kultura i etika","article_modified_time":"2025-02-09T19:15:11+00:00","og_image":[{"url":"http:\/\/from.hr\/josip-rukelj\/files\/2024\/10\/Odgovornost-za-prirodu-150x150.png"}],"twitter_card":"summary","twitter_misc":{"Procijenjeno vrijeme \u010ditanja":"2 minute"},"schema":{"@context":"https:\/\/schema.org","@graph":[{"@type":["Person","Organization"],"@id":"http:\/\/josip-rukelj.from.hr\/#\/schema\/person\/aea8c0e9f30d13d5482591504b7e2d90","name":"josip-rukelj","logo":{"@id":"http:\/\/josip-rukelj.from.hr\/#personlogo"},"sameAs":["http:\/\/www.josiprukelj.com"]},{"@type":"WebSite","@id":"http:\/\/josip-rukelj.from.hr\/#website","url":"http:\/\/josip-rukelj.from.hr\/","name":"Religiozna kultura i etika","description":"Upoznaj samog sebe","publisher":{"@id":"http:\/\/josip-rukelj.from.hr\/#\/schema\/person\/aea8c0e9f30d13d5482591504b7e2d90"},"potentialAction":[{"@type":"SearchAction","target":{"@type":"EntryPoint","urlTemplate":"http:\/\/josip-rukelj.from.hr\/?s={search_term_string}"},"query-input":"required name=search_term_string"}],"inLanguage":"hr"},{"@type":"ImageObject","@id":"http:\/\/josip-rukelj.from.hr\/?page_id=2397#primaryimage","inLanguage":"hr","url":"http:\/\/from.hr\/josip-rukelj\/files\/2024\/10\/Odgovornost-za-prirodu-150x150.png","contentUrl":"http:\/\/from.hr\/josip-rukelj\/files\/2024\/10\/Odgovornost-za-prirodu-150x150.png"},{"@type":"WebPage","@id":"http:\/\/josip-rukelj.from.hr\/?page_id=2397#webpage","url":"http:\/\/josip-rukelj.from.hr\/?page_id=2397","name":"4. raz. (etika) - Religiozna kultura i etika","isPartOf":{"@id":"http:\/\/josip-rukelj.from.hr\/#website"},"primaryImageOfPage":{"@id":"http:\/\/josip-rukelj.from.hr\/?page_id=2397#primaryimage"},"datePublished":"2024-10-20T16:49:01+00:00","dateModified":"2025-02-09T19:15:11+00:00","breadcrumb":{"@id":"http:\/\/josip-rukelj.from.hr\/?page_id=2397#breadcrumb"},"inLanguage":"hr","potentialAction":[{"@type":"ReadAction","target":["http:\/\/josip-rukelj.from.hr\/?page_id=2397"]}]},{"@type":"BreadcrumbList","@id":"http:\/\/josip-rukelj.from.hr\/?page_id=2397#breadcrumb","itemListElement":[{"@type":"ListItem","position":1,"name":"Home","item":"http:\/\/josip-rukelj.from.hr\/"},{"@type":"ListItem","position":2,"name":"Etika","item":"http:\/\/josip-rukelj.from.hr\/?page_id=223"},{"@type":"ListItem","position":3,"name":"4. raz. (etika)"}]}]}},"_links":{"self":[{"href":"http:\/\/josip-rukelj.from.hr\/index.php?rest_route=\/wp\/v2\/pages\/2397"}],"collection":[{"href":"http:\/\/josip-rukelj.from.hr\/index.php?rest_route=\/wp\/v2\/pages"}],"about":[{"href":"http:\/\/josip-rukelj.from.hr\/index.php?rest_route=\/wp\/v2\/types\/page"}],"author":[{"embeddable":true,"href":"http:\/\/josip-rukelj.from.hr\/index.php?rest_route=\/wp\/v2\/users\/357"}],"replies":[{"embeddable":true,"href":"http:\/\/josip-rukelj.from.hr\/index.php?rest_route=%2Fwp%2Fv2%2Fcomments&post=2397"}],"version-history":[{"count":8,"href":"http:\/\/josip-rukelj.from.hr\/index.php?rest_route=\/wp\/v2\/pages\/2397\/revisions"}],"predecessor-version":[{"id":2457,"href":"http:\/\/josip-rukelj.from.hr\/index.php?rest_route=\/wp\/v2\/pages\/2397\/revisions\/2457"}],"up":[{"embeddable":true,"href":"http:\/\/josip-rukelj.from.hr\/index.php?rest_route=\/wp\/v2\/pages\/223"}],"wp:attachment":[{"href":"http:\/\/josip-rukelj.from.hr\/index.php?rest_route=%2Fwp%2Fv2%2Fmedia&parent=2397"}],"curies":[{"name":"wp","href":"https:\/\/api.w.org\/{rel}","templated":true}]}}