{"id":2488,"date":"2026-02-27T18:43:24","date_gmt":"2026-02-27T17:43:24","guid":{"rendered":"http:\/\/josip-rukelj.from.hr\/?page_id=2488"},"modified":"2026-04-04T18:09:32","modified_gmt":"2026-04-04T17:09:32","slug":"za-polaznike-obrazovanja-odraslih-od-sk-god-2025-2026","status":"publish","type":"page","link":"http:\/\/josip-rukelj.from.hr\/?page_id=2488","title":{"rendered":"Obrazovanje odraslih"},"content":{"rendered":"<h1 align=\"center\"><strong>Za polaznike obrazovanja odraslih<br \/>\nu Trgova\u010dkoj \u0161koli u Zagrebu<\/strong><br \/>\n<strong>za predmet vjeronauk \u2013 \u0161k. god. 2025.\/2026.<\/strong><\/h1>\n<hr>\n<p>Ispit se temelji na vjeronau\u010dnom ud\u017ebeniku \u201c<strong>Gradimo bolji svijet<\/strong>&nbsp;\u201d (Ud\u017ebenik katoli\u010dkog vjeronauka za&nbsp;<strong>4. razred srednjih \u0161kola<\/strong>), KS, Zagreb, 2021.) te prilo\u017eenim radnim listovima.<\/p>\n<p><strong>Ud\u017ebenik se mo\u017ee vidjeti na:<\/strong><br \/>\n<a href=\"https:\/\/eknjige.ks.hr\/prijava\" target=\"_blank\" rel=\"noopener\">https:\/\/eknjige.ks.hr\/prijava <\/a>&nbsp;<br \/>\nPrijava sa sljede\u0107im korisni\u010dkim podatcima:<br \/>\nkorisni\u010dko ime:&nbsp;<strong>ucionica<br \/>\n<\/strong>lozinka:&nbsp;<strong>ucenik<\/strong><\/p>\n<hr>\n<p>Radni listovi za ponavljanje:<\/p>\n<p><a href=\"http:\/\/josip-rukelj.from.hr\/files\/2026\/02\/Suvremeni-oblici-ateizma.pdf\" target=\"_blank\" rel=\"noopener\"><strong>1. Suvremeni oblici ateizma<\/strong><\/a><br \/>\n<a href=\"https:\/\/wordwall.net\/hr\/resource\/109647379\/vjeronauk\/suvremeni-oblici-ateizma\" target=\"_blank\" rel=\"noopener\">Pojava i oblici ateizma (<strong>ponavljanje: flash cards<\/strong>)<\/a><br \/>\n<a href=\"http:\/\/josip-rukelj.from.hr\/files\/2026\/02\/Predodzbe-o-Bogu.pdf\" target=\"_blank\" rel=\"noopener\"><strong>2. Predod\u017ebe o Bogu<\/strong><\/a><br \/>\n<a href=\"https:\/\/wordwall.net\/hr\/resource\/109649602\" target=\"_blank\" rel=\"noopener\">Ponavljanje: razvrstaj u grupe<\/a><\/p>\n<p>Sljede\u0107e tri stavke su obra\u0111ene u prethodnim razredima, a djelomi\u010dno se ponavljaju u ud\u017ebeniku za 4. razred.&nbsp;<br \/>\n<a href=\"https:\/\/onedrive.live.com\/view.aspx?resid=A05890472AE4012B!2324&amp;ithint=file%2cpptx&amp;app=PowerPoint&amp;authkey=!ANhOs_KZJu1OhbI\" target=\"_blank\" rel=\"noopener\">PowerPoint <strong>(Asocijacije Stari i Novi zavjet)<\/strong><\/a><br \/>\n<a href=\"https:\/\/wordwall.net\/hr\/resource\/109652262\" target=\"_blank\" rel=\"noopener\"><strong>Stari zavjet (pove\u017ei pojmove u skupinu)<\/strong><\/a><br \/>\n<a href=\"https:\/\/wordwall.net\/play\/109687\/706\/936\" target=\"_blank\" rel=\"noopener\"><strong>Novi zavjet (pove\u017ei pojmove u skupinu)<\/strong><\/a><\/p>\n<p><strong><a href=\"http:\/\/josip-rukelj.from.hr\/files\/2026\/02\/Dostojantvo-ljudske-osobe-i-sustvaratelj.pdf\" target=\"_blank\" rel=\"noopener\">3. Dostojanstvo ljudske osobe i sustvaratelj<\/a><br \/>\n<\/strong><a href=\"https:\/\/testmoz.com\/11806506\/\" target=\"_blank\" rel=\"noopener\">\u010covjek i njegovo dostojanstvo danas <\/a><strong><a href=\"https:\/\/testmoz.com\/11806506\/\" target=\"_blank\" rel=\"noopener\">(testmoz.com)<\/a><br \/>\n<\/strong><strong><a href=\"http:\/\/josip-rukelj.from.hr\/files\/2026\/02\/O-covjeku-sustvaratelju-i-vrijednosti-rada.pdf\" target=\"_blank\" rel=\"noopener\">4. O \u010dovjeku sustvaratelju i vrijednosti rada<\/a><br \/>\n<\/strong><a href=\"https:\/\/testmozusercontent.com\/q\/2024307\/student\" target=\"_blank\" rel=\"noopener\">Ljudski rad i stvarala\u0161tvo <strong>(testmoz.com)<\/strong><\/a><br \/>\n<a href=\"http:\/\/josip-rukelj.from.hr\/files\/2026\/03\/Izazovi-znanstveno-tehnickog-napretka-1.pdf\" target=\"_blank\" rel=\"noopener\"><strong>5. Izazovi znanstveno-tehni\u010dkog napretka<\/strong><\/a><br \/>\n<a href=\"http:\/\/josip-rukelj.from.hr\/files\/2026\/03\/Izazovi-znanstveno-tehnickog-napretka-odgovori.pdf\" target=\"_blank\" rel=\"noopener\"><strong>&#8211; odgovori<\/strong><\/a><\/p>\n<p>Sadr\u017eaj \u0107e se obraditi na nastavnom satu.<br \/>\n<strong><a href=\"https:\/\/docs.google.com\/presentation\/d\/1P5-cDQNKW0JPGXoWZTclC_sfwfQwcfF9\/edit?usp=sharing&amp;ouid=114932099743017794409&amp;rtpof=true&amp;sd=true\" target=\"_blank\" rel=\"noopener\">Suvremena religioznost i novi religiozni pokreti (PPS)<\/a><\/strong><\/p>\n<p>&nbsp;<\/p>\n","protected":false},"excerpt":{"rendered":"<p>Za polaznike obrazovanja odraslih u Trgova\u010dkoj \u0161koli u Zagrebu za predmet vjeronauk \u2013 \u0161k. god. 2025.\/2026. Ispit se temelji na vjeronau\u010dnom ud\u017ebeniku \u201cGradimo bolji svijet&nbsp;\u201d (Ud\u017ebenik katoli\u010dkog vjeronauka za&nbsp;4. razred srednjih \u0161kola), KS, Zagreb, 2021.) te prilo\u017eenim radnim listovima. Ud\u017ebenik &hellip; <a href=\"http:\/\/josip-rukelj.from.hr\/?page_id=2488\">Nastavi \u010ditati <span class=\"meta-nav\">&rarr;<\/span><\/a><\/p>\n","protected":false},"author":357,"featured_media":0,"parent":0,"menu_order":0,"comment_status":"closed","ping_status":"closed","template":"","meta":{"ngg_post_thumbnail":0},"yoast_head":"<!-- This site is optimized with the Yoast SEO plugin v17.5 - https:\/\/yoast.com\/wordpress\/plugins\/seo\/ -->\n<meta name=\"robots\" content=\"index, follow, max-snippet:-1, max-image-preview:large, max-video-preview:-1\" \/>\n<link rel=\"canonical\" href=\"http:\/\/josip-rukelj.from.hr\/?page_id=2488\" \/>\n<meta property=\"og:locale\" content=\"hr_HR\" \/>\n<meta property=\"og:type\" content=\"article\" \/>\n<meta property=\"og:title\" content=\"Obrazovanje odraslih - Religiozna kultura i etika\" \/>\n<meta property=\"og:description\" content=\"Za polaznike obrazovanja odraslih u Trgova\u010dkoj \u0161koli u Zagrebu za predmet vjeronauk \u2013 \u0161k. god. 2025.\/2026. Ispit se temelji na vjeronau\u010dnom ud\u017ebeniku \u201cGradimo bolji svijet&nbsp;\u201d (Ud\u017ebenik katoli\u010dkog vjeronauka za&nbsp;4. razred srednjih \u0161kola), KS, Zagreb, 2021.) te prilo\u017eenim radnim listovima. Ud\u017ebenik &hellip; Nastavi \u010ditati &rarr;\" \/>\n<meta property=\"og:url\" content=\"http:\/\/josip-rukelj.from.hr\/?page_id=2488\" \/>\n<meta property=\"og:site_name\" content=\"Religiozna kultura i etika\" \/>\n<meta property=\"article:modified_time\" content=\"2026-04-04T17:09:32+00:00\" \/>\n<meta name=\"twitter:card\" content=\"summary\" \/>\n<meta name=\"twitter:label1\" content=\"Procijenjeno vrijeme \u010ditanja\" \/>\n\t<meta name=\"twitter:data1\" content=\"1 minuta\" \/>\n<script type=\"application\/ld+json\" class=\"yoast-schema-graph\">{\"@context\":\"https:\/\/schema.org\",\"@graph\":[{\"@type\":[\"Person\",\"Organization\"],\"@id\":\"http:\/\/josip-rukelj.from.hr\/#\/schema\/person\/aea8c0e9f30d13d5482591504b7e2d90\",\"name\":\"josip-rukelj\",\"logo\":{\"@id\":\"http:\/\/josip-rukelj.from.hr\/#personlogo\"},\"sameAs\":[\"http:\/\/www.josiprukelj.com\"]},{\"@type\":\"WebSite\",\"@id\":\"http:\/\/josip-rukelj.from.hr\/#website\",\"url\":\"http:\/\/josip-rukelj.from.hr\/\",\"name\":\"Religiozna kultura i etika\",\"description\":\"Upoznaj samog sebe\",\"publisher\":{\"@id\":\"http:\/\/josip-rukelj.from.hr\/#\/schema\/person\/aea8c0e9f30d13d5482591504b7e2d90\"},\"potentialAction\":[{\"@type\":\"SearchAction\",\"target\":{\"@type\":\"EntryPoint\",\"urlTemplate\":\"http:\/\/josip-rukelj.from.hr\/?s={search_term_string}\"},\"query-input\":\"required name=search_term_string\"}],\"inLanguage\":\"hr\"},{\"@type\":\"WebPage\",\"@id\":\"http:\/\/josip-rukelj.from.hr\/?page_id=2488#webpage\",\"url\":\"http:\/\/josip-rukelj.from.hr\/?page_id=2488\",\"name\":\"Obrazovanje odraslih - Religiozna kultura i etika\",\"isPartOf\":{\"@id\":\"http:\/\/josip-rukelj.from.hr\/#website\"},\"datePublished\":\"2026-02-27T17:43:24+00:00\",\"dateModified\":\"2026-04-04T17:09:32+00:00\",\"breadcrumb\":{\"@id\":\"http:\/\/josip-rukelj.from.hr\/?page_id=2488#breadcrumb\"},\"inLanguage\":\"hr\",\"potentialAction\":[{\"@type\":\"ReadAction\",\"target\":[\"http:\/\/josip-rukelj.from.hr\/?page_id=2488\"]}]},{\"@type\":\"BreadcrumbList\",\"@id\":\"http:\/\/josip-rukelj.from.hr\/?page_id=2488#breadcrumb\",\"itemListElement\":[{\"@type\":\"ListItem\",\"position\":1,\"name\":\"Home\",\"item\":\"http:\/\/josip-rukelj.from.hr\/\"},{\"@type\":\"ListItem\",\"position\":2,\"name\":\"Obrazovanje odraslih\"}]}]}<\/script>\n<!-- \/ Yoast SEO plugin. -->","yoast_head_json":{"robots":{"index":"index","follow":"follow","max-snippet":"max-snippet:-1","max-image-preview":"max-image-preview:large","max-video-preview":"max-video-preview:-1"},"canonical":"http:\/\/josip-rukelj.from.hr\/?page_id=2488","og_locale":"hr_HR","og_type":"article","og_title":"Obrazovanje odraslih - Religiozna kultura i etika","og_description":"Za polaznike obrazovanja odraslih u Trgova\u010dkoj \u0161koli u Zagrebu za predmet vjeronauk \u2013 \u0161k. god. 2025.\/2026. Ispit se temelji na vjeronau\u010dnom ud\u017ebeniku \u201cGradimo bolji svijet&nbsp;\u201d (Ud\u017ebenik katoli\u010dkog vjeronauka za&nbsp;4. razred srednjih \u0161kola), KS, Zagreb, 2021.) te prilo\u017eenim radnim listovima. Ud\u017ebenik &hellip; Nastavi \u010ditati &rarr;","og_url":"http:\/\/josip-rukelj.from.hr\/?page_id=2488","og_site_name":"Religiozna kultura i etika","article_modified_time":"2026-04-04T17:09:32+00:00","twitter_card":"summary","twitter_misc":{"Procijenjeno vrijeme \u010ditanja":"1 minuta"},"schema":{"@context":"https:\/\/schema.org","@graph":[{"@type":["Person","Organization"],"@id":"http:\/\/josip-rukelj.from.hr\/#\/schema\/person\/aea8c0e9f30d13d5482591504b7e2d90","name":"josip-rukelj","logo":{"@id":"http:\/\/josip-rukelj.from.hr\/#personlogo"},"sameAs":["http:\/\/www.josiprukelj.com"]},{"@type":"WebSite","@id":"http:\/\/josip-rukelj.from.hr\/#website","url":"http:\/\/josip-rukelj.from.hr\/","name":"Religiozna kultura i etika","description":"Upoznaj samog sebe","publisher":{"@id":"http:\/\/josip-rukelj.from.hr\/#\/schema\/person\/aea8c0e9f30d13d5482591504b7e2d90"},"potentialAction":[{"@type":"SearchAction","target":{"@type":"EntryPoint","urlTemplate":"http:\/\/josip-rukelj.from.hr\/?s={search_term_string}"},"query-input":"required name=search_term_string"}],"inLanguage":"hr"},{"@type":"WebPage","@id":"http:\/\/josip-rukelj.from.hr\/?page_id=2488#webpage","url":"http:\/\/josip-rukelj.from.hr\/?page_id=2488","name":"Obrazovanje odraslih - Religiozna kultura i etika","isPartOf":{"@id":"http:\/\/josip-rukelj.from.hr\/#website"},"datePublished":"2026-02-27T17:43:24+00:00","dateModified":"2026-04-04T17:09:32+00:00","breadcrumb":{"@id":"http:\/\/josip-rukelj.from.hr\/?page_id=2488#breadcrumb"},"inLanguage":"hr","potentialAction":[{"@type":"ReadAction","target":["http:\/\/josip-rukelj.from.hr\/?page_id=2488"]}]},{"@type":"BreadcrumbList","@id":"http:\/\/josip-rukelj.from.hr\/?page_id=2488#breadcrumb","itemListElement":[{"@type":"ListItem","position":1,"name":"Home","item":"http:\/\/josip-rukelj.from.hr\/"},{"@type":"ListItem","position":2,"name":"Obrazovanje odraslih"}]}]}},"_links":{"self":[{"href":"http:\/\/josip-rukelj.from.hr\/index.php?rest_route=\/wp\/v2\/pages\/2488"}],"collection":[{"href":"http:\/\/josip-rukelj.from.hr\/index.php?rest_route=\/wp\/v2\/pages"}],"about":[{"href":"http:\/\/josip-rukelj.from.hr\/index.php?rest_route=\/wp\/v2\/types\/page"}],"author":[{"embeddable":true,"href":"http:\/\/josip-rukelj.from.hr\/index.php?rest_route=\/wp\/v2\/users\/357"}],"replies":[{"embeddable":true,"href":"http:\/\/josip-rukelj.from.hr\/index.php?rest_route=%2Fwp%2Fv2%2Fcomments&post=2488"}],"version-history":[{"count":31,"href":"http:\/\/josip-rukelj.from.hr\/index.php?rest_route=\/wp\/v2\/pages\/2488\/revisions"}],"predecessor-version":[{"id":2536,"href":"http:\/\/josip-rukelj.from.hr\/index.php?rest_route=\/wp\/v2\/pages\/2488\/revisions\/2536"}],"wp:attachment":[{"href":"http:\/\/josip-rukelj.from.hr\/index.php?rest_route=%2Fwp%2Fv2%2Fmedia&parent=2488"}],"curies":[{"name":"wp","href":"https:\/\/api.w.org\/{rel}","templated":true}]}}