{"id":264,"date":"2014-04-11T08:10:26","date_gmt":"2014-04-11T07:10:26","guid":{"rendered":"http:\/\/josip-rukelj.from.hr\/?page_id=264"},"modified":"2023-11-17T08:48:03","modified_gmt":"2023-11-17T07:48:03","slug":"esej","status":"publish","type":"page","link":"http:\/\/josip-rukelj.from.hr\/?page_id=264","title":{"rendered":"Esej"},"content":{"rendered":"<p><strong><u><span style=\"color: #993300\">1. razred<\/span><\/u><\/strong><\/p>\n<ol>\n<li><span style=\"color: #993300\"><strong>Tko sam ja?<\/strong><\/span><\/li>\n<li><span style=\"color: #993300\"><strong>Kr\u0161\u0107anska vjera kao odgovor smisla<\/strong><\/span><\/li>\n<li><span style=\"color: #993300\"><strong>\u010covjek je po naravi religiozan<\/strong><\/span><\/li>\n<\/ol>\n<hr>\n<ol>\n<li><strong>Biblija &#8211; sveto pismo kr\u0161\u0107ana<\/strong><\/li>\n<li><strong>Biblija &#8211; nadnaravna objava (glavni doga\u0111aji)<\/strong><\/li>\n<li><strong>Isus Krist je Mesija i spasitelj (glavni doga\u0111aji)<\/strong><\/li>\n<li><strong>Isus Krist i Kraljevstvo Bo\u017eje<\/strong><\/li>\n<li>Biblija je neka vrsta \u201ednevnika\u201c vjere jednog naroda<\/li>\n<li>Biblija je knjiga koja opisuje vjeru Crkve<\/li>\n<li>Biblija je knjiga \u201estarine\u201c koju treba razumjeti njenim kulturno-povijesnim okvirima<\/li>\n<\/ol>\n<p>____________________________________________________________________<\/p>\n<p>1. razred<\/p>\n<ol>\n<li><strong>Kr\u0161\u0107anska vjera kao odgovor smisla<\/strong><\/li>\n<li><strong>\u017divjeti kao protagonist&nbsp;i \u017eivotna upori\u0161ta<\/strong><\/li>\n<li><strong>Bog je posljednji temelj ljudskog smisla<\/strong><\/li>\n<li><strong>\u010covjek je po naravi religiozan<\/strong><\/li>\n<\/ol>\n<p><span style=\"color: #993300\"><strong><u>1. razred<\/u><\/strong><\/span><\/p>\n<ol>\n<li><span style=\"color: #993300\"><strong>Isus Krist (povijesna osoba, \u010dovjek i Bog, Sin Bo\u017eji)<\/strong><\/span><\/li>\n<li><span style=\"color: #993300\"><strong>Kraljevstvo Bo\u017eje &#8211; Isusova ponuda<\/strong><\/span><\/li>\n<li><span style=\"color: #993300\"><strong>\u010covjek &#8211; moralno bi\u0107e (Isus sredi\u0161te kr\u0161\u0107anskog morala)<\/strong><\/span><\/li>\n<li><span style=\"color: #993300\"><strong>Moral u drugim religijama i kr\u0161\u0107anski moral<\/strong><\/span><\/li>\n<\/ol>\n<p>____________________________________________________________________<\/p>\n<p><span style=\"text-decoration: underline\"><strong><span style=\"color: #993300;text-decoration: underline\">2. razred<\/span><\/strong><\/span><\/p>\n<p style=\"padding-left: 30px\"><span style=\"color: #993300\"><strong>1. Bog te stvorio bez tvoje volje, ali te ne\u0107e spasiti bez tvoje volje (sv. Augustin) i na\u0161a sloboda<\/strong><\/span><br \/>\n<span style=\"color: #993300\"> <strong>2. Na slobodu smo pozvani (Sloboda na ljubav)<\/strong><\/span><br \/>\n<span style=\"color: #993300\"> <strong>3. \u0160to zna\u010di biti pravi prijatelj? (Bo\u017eji prijatelj)<\/strong><\/span><br \/>\n<span style=\"color: #993300\"> <strong>4. Isus najslobodniji \u010dovjek ili Isusov poziv na slobodu<\/strong><\/span><\/p>\n<hr>\n<ol>\n<li><strong>\u0160to je du\u0161a tijelu, to su kr\u0161\u0107ani u svijetu i kr\u0161\u0107aninom se ne ra\u0111a, kr\u0161\u0107aninom se postaje (objasni ove dvije izreke)<\/strong><\/li>\n<li><strong>Polaganje kr\u0161\u0107anskih temelja u Europi \/ u Hrvata<\/strong><\/li>\n<li><strong>Sjene srednjeg vijeka &#8211; \u017ealosne pojave u Crkvi<\/strong><\/li>\n<li><strong>Franjevci i dominikanci (prosja\u010dki crkveni redovi)<\/strong><\/li>\n<li><strong>Crkva i suvremeno doba (moderna)<\/strong><\/li>\n<\/ol>\n<p>ili<\/p>\n<ol>\n<li><span style=\"color: #993300\"><strong>Pokr\u0161tavanje Hrvata i Europe<\/strong><\/span><\/li>\n<li><span style=\"color: #993300\"><strong>Grijesi Crkve srednjeg vijeka (inkvizicija, kri\u017earski ratovi, raskol u Crkvi)<\/strong><\/span><\/li>\n<li><span style=\"color: #993300\"><strong>Svijetle strane srednjeg vijeka: franjevci i dominikanci<\/strong><\/span><\/li>\n<li><span style=\"color: #993300\"><strong>Reformacija i protestantizam (16. st.)<\/strong><\/span><\/li>\n<li><span style=\"color: #993300\"><strong>Evangelizacija i ekumenizam<\/strong><\/span><\/li>\n<li><span style=\"color: #993300\"><strong>Opi\u0161i zna\u010dajne osobe u povijesti Crkve<\/strong><\/span><\/li>\n<\/ol>\n<p>____________________________________________________________________<\/p>\n<p>2. razred<\/p>\n<ol>\n<li><strong>Tko se Gospodina boji, nalazi prave prijatelje, jer kakav je \u010dovjek, takav mu i prijatelj. <\/strong>(Knjiga Sirahova)<\/li>\n<li><strong><strong>Ljubav i zaljubljenost <\/strong>(<\/strong><em>Ljubav je samo jedna, ali njezinih kopija ima tisu\u0107e\/Francois &nbsp;de La Rochefoucauld<\/em><strong>)<\/strong><\/li>\n<li><strong>Isus najslobodniji \u010dovjek<\/strong><\/li>\n<li><strong>Adolescencija i vjera mladih<\/strong><\/li>\n<\/ol>\n<p>____________________________________________________________________<\/p>\n<p>2. raz. <strong>(2018.\/2019.)<\/strong><\/p>\n<ol>\n<li><strong>Vjera i prijelaz na drugu obalu (u hodu prema zrelosti)<\/strong><\/li>\n<li><strong>Pravi prijatelj je balzam \u017eivota, nalazi ga onaj tko se Gospodina boji. (prorok Amos)<\/strong><\/li>\n<li><strong>Ljubav \u2013 ususret drugome (vrste ljubavi)<\/strong><\/li>\n<li><strong>Isusov poziv na slobodu (Gospodin je Duh, a gdje je Duh Gospodnji, ondje je sloboda. 2 Kor 3,17)<\/strong><\/li>\n<\/ol>\n<hr>\n<p>2. raz. (ispravak)<\/p>\n<ol>\n<li>Vjera i prijelaz na drugu obalu (mladi &#8211; adolescencija)<\/li>\n<li>Pravi prijatelj je balzam \u017eivota, nalazi ga onaj tko se Gospodina boji. (prorok Amos)<\/li>\n<li>Isusov poziv na slobodu (Gospodin je Duh, a gdje je Duh Gospodnji, ondje je sloboda. 2 Kor 3,17)<\/li>\n<\/ol>\n<p>____________________________________________________________________<\/p>\n<p><span style=\"text-decoration: underline\"><span style=\"color: #993300;text-decoration: underline\"><strong>3. razed<\/strong><\/span><\/span><\/p>\n<p style=\"padding-left: 30px\"><span style=\"color: #993300\"><strong>1. Tko je \u010dovjek<\/strong> (predod\u017ebe o \u010dovjeku; \u010dovjek stvorenje Bo\u017eje; slika Bo\u017eja \u2013 temelj ljudskog dostojanstva)<br \/>\n<\/span><span style=\"color: #993300\"><strong>2. Dokazi Bo\u017eje opstojnosti (ili postojanja)<\/strong>&nbsp;<br \/>\n(kozmolo\u0161ki argument, teleolo\u0161ki argument)<br \/>\n<\/span><span style=\"color: #993300\"><strong>3. Isus je objavio Boga kao Oca<br \/>\n<\/strong><\/span><span style=\"color: #993300\"><strong>4. Trojstvo \u2013 lice koje je Bog objavio<br \/>\n<\/strong><\/span><span style=\"color: #993300\"><strong>5.<\/strong> Molitveno izra\u017eavanje: <strong>Zahvala Bogu Stvoritelju<\/strong><\/span><\/p>\n<hr>\n<ol>\n<li><strong>\u010covjek je (slika Bo\u017eja) Bo\u017eje remek djelo<\/strong><\/li>\n<li><strong>Mladi na Isusovom putu (\u010covjek moralno bi\u0107e)<\/strong><\/li>\n<li><strong>Dobro i zlo u \u017eivotu (mladih) (Kriterij dobra i zla)<\/strong><\/li>\n<li><strong>Za\u0161to i kako odgajati ispravnu i istinitu savjest<\/strong><\/li>\n<\/ol>\n<p>____________________________________________________________________<\/p>\n<p><strong><span style=\"color: #993300\">3. raz.&nbsp;<\/span><\/strong><\/p>\n<ol>\n<li><span style=\"color: #993300\"><strong>Tko ti otkri da si gol. &#8211; Idi i odsada vi\u0161e nemoj grije\u0161iti<\/strong><\/span><\/li>\n<li><strong><span style=\"color: #993300\">Kr\u0161\u0107anski brak danas<\/span><\/strong><\/li>\n<li><strong><span style=\"color: #993300\">Obitelj &#8211; \u0161kola odgovornosti i vjere<\/span><\/strong><\/li>\n<li><strong><span style=\"color: #993300\">Sakrament \u017eenidbe (ima svoje utemeljenje u Bogu)<\/span><\/strong><\/li>\n<\/ol>\n<ol>\n<li><strong><span style=\"color: #993300\">Prijetnje i povrede ljudskog \u017eivota&nbsp;(bioetika)<\/span><\/strong><\/li>\n<li><strong><span style=\"color: #993300\">Bioetika: eutanazija, transplantacija organa, eutanazija i kloniranje<\/span><\/strong><\/li>\n<\/ol>\n<p>____________________________________________________________________<\/p>\n<p>4. raz.<\/p>\n<ol>\n<li><strong>Pojave i oblici ateizma &#8211; religioznost, vjera i Crkva<\/strong><\/li>\n<li><strong>Razli\u010diti oblici religioznosti i duhovnosti &#8211; suvremena religioznost<\/strong><\/li>\n<li><strong>Predod\u017ebe o Bogu i kr\u0161\u0107anska duhovnost<\/strong><\/li>\n<li><strong>Svjedo\u010danstvo Boga u Starom i Novom zavjetu<\/strong><\/li>\n<\/ol>\n<hr>\n<p>4. raz.<\/p>\n<ol>\n<li><strong>Mladi i suvremena religioznost (vjera, nevjera, nova religioznost)<\/strong><\/li>\n<li><strong>\u0160to povezuje tra\u017eitelje duhovnog (Boga)?<\/strong><\/li>\n<li><strong>Bog u svjedo\u010danstvu Biblije i krive slike o Bogu<\/strong><\/li>\n<li><strong>Pitanje Boga pred iskustvom patnje i zla u svijetu<\/strong><\/li>\n<li><strong>Opis mojeg odnosa prema Bogu (rast i oblikovanje)<\/strong><\/li>\n<\/ol>\n<hr>\n<p>4. raz.<\/p>\n<ol>\n<li><span style=\"color: #993300\"><strong>Poziv i zanimanje &#8211; \u010dovjek sustvaratelj<\/strong><\/span><\/li>\n<li><strong><span style=\"color: #993300\">\u010covjek i njegovo dostojanstvo danas<\/span><\/strong><\/li>\n<li><span style=\"color: #993300\"><strong>Dostojanstvo radnika i \u010dovjeka u virtualnom svijetu<\/strong><\/span><\/li>\n<li><span style=\"color: #993300\"><strong>\u010covjekovo dostojanstvo u Bibliji i kr\u0161\u0107anstvu<\/strong><\/span><\/li>\n<\/ol>\n<hr>\n<ol>\n<li><strong>Pravednost, solidarnost i briga za siroma\u0161ne &#8211; socijalni nauk Crkve<\/strong><\/li>\n<li><strong>Izazovi znanstveno-tehni\u010dkog napretka<\/strong>:<br \/>\na) Budu\u0107nost i mo\u0107 znanja (Znanost je bez religije slaba i nemo\u0107na, a religija je bez znanosti slijepa. (A. Einstein)<br \/>\nb) Informatizacija i globalizacija &#8211; Mnogi bi htjeli razumjeti svijet, a vidjeli su ga samo kroz klju\u010danicu. (Njema\u010dka mudrost)<br \/>\nc) Znanost u slu\u017ebi pobolj\u0161anja \u017eivota &#8211; Ja do\u0111oh da \u017eivot imaju, u izobilju da ga imaju. (Iv 10,11)<br \/>\nd) Briga za okoli\u0161 &#8211; Vje\u017ebajte se u umjerenosti, jer se tako mo\u017ee sa\u010duvati zdravlje tijela i du\u0161e. (don Ivan Bosco)<br \/>\ne) Zajedni\u0161tvom do napretka &#8211; A ovo je moja zapovijed: ljubite jedni druge kao \u0161to sam ja vas ljubio! (Iv 15,12)<\/li>\n<\/ol>\n","protected":false},"excerpt":{"rendered":"<p>1. razred Tko sam ja? Kr\u0161\u0107anska vjera kao odgovor smisla \u010covjek je po naravi religiozan Biblija &#8211; sveto pismo kr\u0161\u0107ana Biblija &#8211; nadnaravna objava (glavni doga\u0111aji) Isus Krist je Mesija i spasitelj (glavni doga\u0111aji) Isus Krist i Kraljevstvo Bo\u017eje Biblija &hellip; <a href=\"http:\/\/josip-rukelj.from.hr\/?page_id=264\">Nastavi \u010ditati <span class=\"meta-nav\">&rarr;<\/span><\/a><\/p>\n","protected":false},"author":357,"featured_media":0,"parent":205,"menu_order":0,"comment_status":"closed","ping_status":"closed","template":"","meta":{"ngg_post_thumbnail":0},"yoast_head":"<!-- This site is optimized with the Yoast SEO plugin v17.5 - https:\/\/yoast.com\/wordpress\/plugins\/seo\/ -->\n<meta name=\"robots\" content=\"index, follow, max-snippet:-1, max-image-preview:large, max-video-preview:-1\" \/>\n<link rel=\"canonical\" href=\"http:\/\/josip-rukelj.from.hr\/?page_id=264\" \/>\n<meta property=\"og:locale\" content=\"hr_HR\" \/>\n<meta property=\"og:type\" content=\"article\" \/>\n<meta property=\"og:title\" content=\"Esej - Religiozna kultura i etika\" \/>\n<meta property=\"og:description\" content=\"1. razred Tko sam ja? Kr\u0161\u0107anska vjera kao odgovor smisla \u010covjek je po naravi religiozan Biblija &#8211; sveto pismo kr\u0161\u0107ana Biblija &#8211; nadnaravna objava (glavni doga\u0111aji) Isus Krist je Mesija i spasitelj (glavni doga\u0111aji) Isus Krist i Kraljevstvo Bo\u017eje Biblija &hellip; Nastavi \u010ditati &rarr;\" \/>\n<meta property=\"og:url\" content=\"http:\/\/josip-rukelj.from.hr\/?page_id=264\" \/>\n<meta property=\"og:site_name\" content=\"Religiozna kultura i etika\" \/>\n<meta property=\"article:modified_time\" content=\"2023-11-17T07:48:03+00:00\" \/>\n<meta name=\"twitter:card\" content=\"summary\" \/>\n<meta name=\"twitter:label1\" content=\"Procijenjeno vrijeme \u010ditanja\" \/>\n\t<meta name=\"twitter:data1\" content=\"4 minute\" \/>\n<script type=\"application\/ld+json\" class=\"yoast-schema-graph\">{\"@context\":\"https:\/\/schema.org\",\"@graph\":[{\"@type\":[\"Person\",\"Organization\"],\"@id\":\"http:\/\/josip-rukelj.from.hr\/#\/schema\/person\/aea8c0e9f30d13d5482591504b7e2d90\",\"name\":\"josip-rukelj\",\"logo\":{\"@id\":\"http:\/\/josip-rukelj.from.hr\/#personlogo\"},\"sameAs\":[\"http:\/\/www.josiprukelj.com\"]},{\"@type\":\"WebSite\",\"@id\":\"http:\/\/josip-rukelj.from.hr\/#website\",\"url\":\"http:\/\/josip-rukelj.from.hr\/\",\"name\":\"Religiozna kultura i etika\",\"description\":\"Upoznaj samog sebe\",\"publisher\":{\"@id\":\"http:\/\/josip-rukelj.from.hr\/#\/schema\/person\/aea8c0e9f30d13d5482591504b7e2d90\"},\"potentialAction\":[{\"@type\":\"SearchAction\",\"target\":{\"@type\":\"EntryPoint\",\"urlTemplate\":\"http:\/\/josip-rukelj.from.hr\/?s={search_term_string}\"},\"query-input\":\"required name=search_term_string\"}],\"inLanguage\":\"hr\"},{\"@type\":\"WebPage\",\"@id\":\"http:\/\/josip-rukelj.from.hr\/?page_id=264#webpage\",\"url\":\"http:\/\/josip-rukelj.from.hr\/?page_id=264\",\"name\":\"Esej - Religiozna kultura i etika\",\"isPartOf\":{\"@id\":\"http:\/\/josip-rukelj.from.hr\/#website\"},\"datePublished\":\"2014-04-11T07:10:26+00:00\",\"dateModified\":\"2023-11-17T07:48:03+00:00\",\"breadcrumb\":{\"@id\":\"http:\/\/josip-rukelj.from.hr\/?page_id=264#breadcrumb\"},\"inLanguage\":\"hr\",\"potentialAction\":[{\"@type\":\"ReadAction\",\"target\":[\"http:\/\/josip-rukelj.from.hr\/?page_id=264\"]}]},{\"@type\":\"BreadcrumbList\",\"@id\":\"http:\/\/josip-rukelj.from.hr\/?page_id=264#breadcrumb\",\"itemListElement\":[{\"@type\":\"ListItem\",\"position\":1,\"name\":\"Home\",\"item\":\"http:\/\/josip-rukelj.from.hr\/\"},{\"@type\":\"ListItem\",\"position\":2,\"name\":\"Vjeronauk\",\"item\":\"http:\/\/josip-rukelj.from.hr\/?page_id=205\"},{\"@type\":\"ListItem\",\"position\":3,\"name\":\"Esej\"}]}]}<\/script>\n<!-- \/ Yoast SEO plugin. -->","yoast_head_json":{"robots":{"index":"index","follow":"follow","max-snippet":"max-snippet:-1","max-image-preview":"max-image-preview:large","max-video-preview":"max-video-preview:-1"},"canonical":"http:\/\/josip-rukelj.from.hr\/?page_id=264","og_locale":"hr_HR","og_type":"article","og_title":"Esej - Religiozna kultura i etika","og_description":"1. razred Tko sam ja? Kr\u0161\u0107anska vjera kao odgovor smisla \u010covjek je po naravi religiozan Biblija &#8211; sveto pismo kr\u0161\u0107ana Biblija &#8211; nadnaravna objava (glavni doga\u0111aji) Isus Krist je Mesija i spasitelj (glavni doga\u0111aji) Isus Krist i Kraljevstvo Bo\u017eje Biblija &hellip; Nastavi \u010ditati &rarr;","og_url":"http:\/\/josip-rukelj.from.hr\/?page_id=264","og_site_name":"Religiozna kultura i etika","article_modified_time":"2023-11-17T07:48:03+00:00","twitter_card":"summary","twitter_misc":{"Procijenjeno vrijeme \u010ditanja":"4 minute"},"schema":{"@context":"https:\/\/schema.org","@graph":[{"@type":["Person","Organization"],"@id":"http:\/\/josip-rukelj.from.hr\/#\/schema\/person\/aea8c0e9f30d13d5482591504b7e2d90","name":"josip-rukelj","logo":{"@id":"http:\/\/josip-rukelj.from.hr\/#personlogo"},"sameAs":["http:\/\/www.josiprukelj.com"]},{"@type":"WebSite","@id":"http:\/\/josip-rukelj.from.hr\/#website","url":"http:\/\/josip-rukelj.from.hr\/","name":"Religiozna kultura i etika","description":"Upoznaj samog sebe","publisher":{"@id":"http:\/\/josip-rukelj.from.hr\/#\/schema\/person\/aea8c0e9f30d13d5482591504b7e2d90"},"potentialAction":[{"@type":"SearchAction","target":{"@type":"EntryPoint","urlTemplate":"http:\/\/josip-rukelj.from.hr\/?s={search_term_string}"},"query-input":"required name=search_term_string"}],"inLanguage":"hr"},{"@type":"WebPage","@id":"http:\/\/josip-rukelj.from.hr\/?page_id=264#webpage","url":"http:\/\/josip-rukelj.from.hr\/?page_id=264","name":"Esej - Religiozna kultura i etika","isPartOf":{"@id":"http:\/\/josip-rukelj.from.hr\/#website"},"datePublished":"2014-04-11T07:10:26+00:00","dateModified":"2023-11-17T07:48:03+00:00","breadcrumb":{"@id":"http:\/\/josip-rukelj.from.hr\/?page_id=264#breadcrumb"},"inLanguage":"hr","potentialAction":[{"@type":"ReadAction","target":["http:\/\/josip-rukelj.from.hr\/?page_id=264"]}]},{"@type":"BreadcrumbList","@id":"http:\/\/josip-rukelj.from.hr\/?page_id=264#breadcrumb","itemListElement":[{"@type":"ListItem","position":1,"name":"Home","item":"http:\/\/josip-rukelj.from.hr\/"},{"@type":"ListItem","position":2,"name":"Vjeronauk","item":"http:\/\/josip-rukelj.from.hr\/?page_id=205"},{"@type":"ListItem","position":3,"name":"Esej"}]}]}},"_links":{"self":[{"href":"http:\/\/josip-rukelj.from.hr\/index.php?rest_route=\/wp\/v2\/pages\/264"}],"collection":[{"href":"http:\/\/josip-rukelj.from.hr\/index.php?rest_route=\/wp\/v2\/pages"}],"about":[{"href":"http:\/\/josip-rukelj.from.hr\/index.php?rest_route=\/wp\/v2\/types\/page"}],"author":[{"embeddable":true,"href":"http:\/\/josip-rukelj.from.hr\/index.php?rest_route=\/wp\/v2\/users\/357"}],"replies":[{"embeddable":true,"href":"http:\/\/josip-rukelj.from.hr\/index.php?rest_route=%2Fwp%2Fv2%2Fcomments&post=264"}],"version-history":[{"count":59,"href":"http:\/\/josip-rukelj.from.hr\/index.php?rest_route=\/wp\/v2\/pages\/264\/revisions"}],"predecessor-version":[{"id":2280,"href":"http:\/\/josip-rukelj.from.hr\/index.php?rest_route=\/wp\/v2\/pages\/264\/revisions\/2280"}],"up":[{"embeddable":true,"href":"http:\/\/josip-rukelj.from.hr\/index.php?rest_route=\/wp\/v2\/pages\/205"}],"wp:attachment":[{"href":"http:\/\/josip-rukelj.from.hr\/index.php?rest_route=%2Fwp%2Fv2%2Fmedia&parent=264"}],"curies":[{"name":"wp","href":"https:\/\/api.w.org\/{rel}","templated":true}]}}