{"id":348,"date":"2015-05-08T09:21:30","date_gmt":"2015-05-08T08:21:30","guid":{"rendered":"http:\/\/josip-rukelj.from.hr\/?page_id=348"},"modified":"2022-11-13T09:00:54","modified_gmt":"2022-11-13T08:00:54","slug":"video-pjesme","status":"publish","type":"page","link":"http:\/\/josip-rukelj.from.hr\/?page_id=348","title":{"rendered":"Video &#8211; pjesme"},"content":{"rendered":"<p><iframe loading=\"lazy\" title=\"Bo\u017eja pobjeda \u2013 \u010cisto srce\" width=\"584\" height=\"329\" src=\"https:\/\/www.youtube.com\/embed\/iW6Hf7IDmyM?feature=oembed\" frameborder=\"0\" allow=\"accelerometer; autoplay; clipboard-write; encrypted-media; gyroscope; picture-in-picture\" allowfullscreen><\/iframe><\/p>\n<hr>\n<p><iframe loading=\"lazy\" title=\"Bo\u017eja pobjeda \u2013 Ti si dostojan\" width=\"584\" height=\"329\" src=\"https:\/\/www.youtube.com\/embed\/aAI7WD9tXDI?feature=oembed\" frameborder=\"0\" allow=\"accelerometer; autoplay; clipboard-write; encrypted-media; gyroscope; picture-in-picture\" allowfullscreen><\/iframe><\/p>\n<hr>\n<p class=\"style-scope ytd-watch-metadata\"><a href=\"https:\/\/www.youtube.com\/watch?v=B7TXgxPQL58\" target=\"_blank\" rel=\"noopener\">Hanna &#8211; Presvetom Srcu (sv. Mala Terezija)<\/a><\/p>\n<p><iframe loading=\"lazy\" title=\"Hanna - Presvetom Srcu (sv. Mala Terezija)\" width=\"584\" height=\"329\" src=\"https:\/\/www.youtube.com\/embed\/B7TXgxPQL58?feature=oembed\" frameborder=\"0\" allow=\"accelerometer; autoplay; clipboard-write; encrypted-media; gyroscope; picture-in-picture\" allowfullscreen><\/iframe><\/p>\n<hr>\n<p><a href=\"https:\/\/www.youtube.com\/watch?v=YgXeUbAuXHQ\" target=\"_blank\" rel=\"noopener\">U meni je \u010de\u017enja<\/a><\/p>\n<p><iframe loading=\"lazy\" title=\"Srce predajem Ti - Emanuel live acoustic, 2013.\" width=\"584\" height=\"329\" src=\"https:\/\/www.youtube.com\/embed\/YgXeUbAuXHQ?feature=oembed\" frameborder=\"0\" allow=\"accelerometer; autoplay; clipboard-write; encrypted-media; gyroscope; picture-in-picture\" allowfullscreen><\/iframe><\/p>\n<hr>\n<p><a href=\"https:\/\/www.bitno.net\/kultura\/glazba\/osam-adventskih-skladbi-koje-morate-poslusati-2\/\" target=\"_blank\" rel=\"noopener\">VIDEO Osam adventskih skladbi koje morate poslu\u0161ati! &#8211; Bitno.net<\/a><\/p>\n<p><a href=\"https:\/\/www.youtube.com\/watch?v=cucX0e1dztU&amp;t=43s\" target=\"_blank\" rel=\"noopener\">Padaj s neba &#8211; Zbor mladih Vara\u017edinske biskupije &#8211; YouTube<\/a><\/p>\n<hr>\n<p><iframe loading=\"lazy\" title=\"Pentatonix - Hallelujah (Official Video)\" width=\"584\" height=\"329\" src=\"https:\/\/www.youtube.com\/embed\/LRP8d7hhpoQ?feature=oembed\" frameborder=\"0\" allow=\"accelerometer; autoplay; clipboard-write; encrypted-media; gyroscope; picture-in-picture\" allowfullscreen><\/iframe><\/p>\n<hr>\n<p>&nbsp;<\/p>\n<p><iframe loading=\"lazy\" title=\"\u017divot - fra Marin Kara\u010di\u0107\" width=\"584\" height=\"329\" src=\"https:\/\/www.youtube.com\/embed\/U-Ua-QB_Lnw?feature=oembed\" frameborder=\"0\" allow=\"accelerometer; autoplay; clipboard-write; encrypted-media; gyroscope; picture-in-picture\" allowfullscreen><\/iframe><\/p>\n<p>\u017dIVOT nitko za mene ne mo\u017ee moj kri\u017e nosit, Tvoj plan ispunit nitko za mene ne mo\u017ee moje strahove lomit moje bitke izdr\u017eati jer Ti me zove\u0161 imenom, nisam slovo ni broj, nego urezan dlan Tvoj, Ti me zove\u0161 imenom, nisam slovo ni broj, nego onaj za koga si umro i to je moj \u017eivot, moja borba i bol, moja radost i spas i kri\u017e i blagoslov, to je moj \u017eivot, moja borba i bol, moja radost i spas i kri\u017e i od neba blagoslov nitko za tebe ne mo\u017ee tvoj kri\u017e nosit, Njegov plan ispunit, nitko za tebe ne mo\u017ee tvojim stazama kro\u010dit, Tvojom se patnjom posvetiti jer On te zove imenom, nisi slovo ni broj, On te utkao u dlan svoj, Bog te zove imenom, nisi slovo ni broj, nego onaj za koga je umro i to je tvoj \u017eivot, tvoja borba i bol, tvoja radost i spas i kri\u017e i blagoslov, to je tvoj \u017eivot, tvoja borba i bol, tvoja radost i spas i kri\u017e i od neba blagoslov vjeruj da postoji ljubav, ve\u0107a od svakog straha, ve\u0107a od svake boli vjeruj da postoji ruka koja svaki put zagrli kada svatko te ostavi<\/p>\n<hr>\n<p><iframe loading=\"lazy\" title=\"DUHOVNI KUTAK:  Golgoto\" width=\"584\" height=\"329\" src=\"https:\/\/www.youtube.com\/embed\/J4SV5Kga4vM?feature=oembed\" frameborder=\"0\" allow=\"accelerometer; autoplay; clipboard-write; encrypted-media; gyroscope; picture-in-picture\" allowfullscreen><\/iframe><\/p>\n<p>Golgoto, Golgoto, Golgoto.<br \/>\nPod kri\u017eem Tvojim sam sam<br \/>\nDaleko od svijeta i zla.<br \/>\nTu bla\u017ei\u0161 mi bol i otklanja\u0161 strah<br \/>\nDok gledam Te u suzama<br \/>\nNisu pribili te \u010davli nego moj grijeh,<br \/>\nNisu ranili Te ljudi, nego moj grijeh<br \/>\nNije probilo te koplje nego moj grijeh<br \/>\nIako davno to je bilo Ti znao si me.<br \/>\nGolgoto, Golgoto, Golgoto.<br \/>\nJa gledam Te Kriste moj sad,<br \/>\nSva krvava i ranjena<br \/>\nTo ljubavi glad Te razapela,<br \/>\nDa budem za Tebe slobodan.<br \/>\nGolgoto, Golgoto, Golgoto.<br \/>\n\u010cesto ja sjetim se tog<br \/>\nNa Golgoti kri\u017ea Tvog,<br \/>\nKad izvora pet me oprlo je<br \/>\nOd tereta i grijeha sveg<\/p>\n<div id=\"wpipa-1327937-container\" class=\"wpipa-container wpipa-align-center\">&nbsp;<\/div>\n<hr>\n<p><iframe loading=\"lazy\" title=\"Fra Marin Kara\u010di\u0107 - U Tebi\" width=\"584\" height=\"329\" src=\"https:\/\/www.youtube.com\/embed\/0n2pJOWxLe0?start=25&#038;feature=oembed\" frameborder=\"0\" allow=\"accelerometer; autoplay; clipboard-write; encrypted-media; gyroscope; picture-in-picture\" allowfullscreen><\/iframe><\/p>\n<hr>\n<p><iframe loading=\"lazy\" title=\"Fra Marin Kara\u010di\u0107 \u2013 Pustinja (Bonofest 2015.)\" width=\"584\" height=\"329\" src=\"https:\/\/www.youtube.com\/embed\/Ysume_iciHI?feature=oembed\" frameborder=\"0\" allow=\"accelerometer; autoplay; clipboard-write; encrypted-media; gyroscope; picture-in-picture\" allowfullscreen><\/iframe><\/p>\n<hr>\n<p>PUSTINJA&nbsp;<\/p>\n<p>KROZ PUSTINJU, AKO MORAM PRO\u0106<\/p>\n<p>I BEZ GLASA TVOG, SAM KROZ DUGU TAMNU NO\u0106,<\/p>\n<p>KROZ VATRE VELIKE I VODE DUBOKE JA SAM SPREMAN!<\/p>\n<p>TI ME POSTAVLJA\u0160 TAKO BLIZ A DALEK SVIM,<\/p>\n<p>DA NE ZABORAVIM DA SI TI NAJVA\u017dNIJI,<\/p>\n<p>DA TI MI OSTAJE\u0160, JEDAN JEDINI U MOM SRCU.<\/p>\n<p>&nbsp;<\/p>\n<p>JESAM LI ONO \u0160TO SI STVORIO, ONAKAV KAKVOG SI ME \u017dELIO JESAM LI GLAS KOJI DAJE OD SEBE SVE DA TVOJE IME SVIJETOM ODJEKUJE, MNOGO TOGA NE ZASLU\u017dUJEM ALI TI MI SVE U LJUBAVI DARUJE\u0160, KOLIKO SRCE TEBE \u017dEDNO JE SAMO TI TO ZNA\u0160.<\/p>\n<p>&nbsp;<\/p>\n<p>PO\u0106I \u0106U AKO TREBA BILO GDJE,<\/p>\n<p>SAMO DA ZNAM DA RIJE\u010c<\/p>\n<p>TVOJA BIT&#8217; \u0106E UZ MENE, JER PUT BEZ TEBE MRAK,<\/p>\n<p>HOD BEZ TEBE PAD, TOG SAM SVJESTAN.<\/p>\n<p>I SVE JE LA\u017dNO \u0160TO SVIJET MI PRU\u017dA, PRIVIDNO SVE JE BLIJEDOG SJAJA,<\/p>\n<p>MILUJE LICE RIJE\u010cIMA MAMI<\/p>\n<p>ZAVODI DOK DU\u0160U TI NE ZAROBI!<\/p>\n<p>&nbsp;<\/p>\n<p>JESAM LI ONO \u0160TO SI STVORIO, ONAKAV KAKVOG SI ME \u017dELIO JESAM LI GLAS KOJI DAJE OD SEBE SVE DA TVOJE IME SVIJETOM ODJEKUJE, MNOGO TOGA NE ZASLU\u017dUJEM ALI TI MI SVE U LJUBAVI DARUJE\u0160, KOLIKO SRCE TEBE \u017dEDNO JE SAMO TI TO ZNA\u0160.<\/p>\n<hr>\n<p>&nbsp;<\/p>\n<p>&nbsp;<\/p>\n<p><iframe loading=\"lazy\" title=\"Hanna -  SRCE MOGA KRALJA\" width=\"584\" height=\"329\" src=\"https:\/\/www.youtube.com\/embed\/ItJ3SZtBYYQ?start=59&#038;feature=oembed\" frameborder=\"0\" allow=\"accelerometer; autoplay; clipboard-write; encrypted-media; gyroscope; picture-in-picture\" allowfullscreen><\/iframe><\/p>\n<hr>\n<h1 class=\"title style-scope ytd-video-primary-info-renderer\">DUHOVNI KUTAK: Evo, ovdje je ne\u0161to vi\u0161e od Jone<\/h1>\n<p><iframe loading=\"lazy\" title=\"KES DUHOVNI KUTAK: Evo, ovdje je ne\u0161to vi\u0161e od Jone (official)\" width=\"584\" height=\"329\" src=\"https:\/\/www.youtube.com\/embed\/qUHtK2EMn1M?feature=oembed\" frameborder=\"0\" allow=\"accelerometer; autoplay; clipboard-write; encrypted-media; gyroscope; picture-in-picture\" allowfullscreen><\/iframe><\/p>\n<h1 class=\"title style-scope ytd-video-primary-info-renderer\">DUHOVNI KUTAK: Ja\u010di si od tame &#8211; slavoluk<\/h1>\n<p><iframe loading=\"lazy\" title=\"KES DUHOVNI KUTAK: Ja\u010di si od tame - slavoluk (official)\" width=\"584\" height=\"329\" src=\"https:\/\/www.youtube.com\/embed\/35Oe5gLMJAM?feature=oembed\" frameborder=\"0\" allow=\"accelerometer; autoplay; clipboard-write; encrypted-media; gyroscope; picture-in-picture\" allowfullscreen><\/iframe><\/p>\n<p><strong>Krist na\u0161a nada &#8211; himna Susreta hrvatske katoli\u010dke mlade\u017ei Vukovar 2017.<\/strong><br \/>\n<iframe loading=\"lazy\" title=\"Krist na\u0161a nada - himna Susreta hrvatske katoli\u010dke mlade\u017ei Vukovar 2017.\" width=\"584\" height=\"329\" src=\"https:\/\/www.youtube.com\/embed\/FxUh3JYhjlM?feature=oembed\" frameborder=\"0\" allow=\"accelerometer; autoplay; clipboard-write; encrypted-media; gyroscope; picture-in-picture\" allowfullscreen><\/iframe><\/p>\n<p><iframe loading=\"lazy\" title=\"Grad Heroj - Veritas aeterna feat. Dalmatino &amp; Klapa Adriaticum\" width=\"584\" height=\"329\" src=\"https:\/\/www.youtube.com\/embed\/oxh7YykJ8Nc?feature=oembed\" frameborder=\"0\" allow=\"accelerometer; autoplay; clipboard-write; encrypted-media; gyroscope; picture-in-picture\" allowfullscreen><\/iframe><\/p>\n<p><strong>Molitva predanja (official music video)<\/strong><br \/>\n<iframe loading=\"lazy\" title=\"KES DUHOVNI KUTAK: Molitva predanja (official music video)\" width=\"584\" height=\"329\" src=\"https:\/\/www.youtube.com\/embed\/Ym6S_nSdl9I?feature=oembed\" frameborder=\"0\" allow=\"accelerometer; autoplay; clipboard-write; encrypted-media; gyroscope; picture-in-picture\" allowfullscreen><\/iframe><\/p>\n<p><strong>Nova Eva &#8211; Hvalospjev ljubavi<\/strong><br \/>\n<iframe loading=\"lazy\" title=\"Nova Eva - Hvalospjev ljubavi\" width=\"584\" height=\"329\" src=\"https:\/\/www.youtube.com\/embed\/NM5irAnwZeY?feature=oembed\" frameborder=\"0\" allow=\"accelerometer; autoplay; clipboard-write; encrypted-media; gyroscope; picture-in-picture\" allowfullscreen><\/iframe><\/p>\n<p><strong>Emanuel &#8211; Divan si<\/strong><br \/>\n<iframe loading=\"lazy\" title=\"EMANUEL - DIVAN SI (OFFICIAL LYRIC VIDEO)\" width=\"584\" height=\"329\" src=\"https:\/\/www.youtube.com\/embed\/Pfem39g8Tsc?feature=oembed\" frameborder=\"0\" allow=\"accelerometer; autoplay; clipboard-write; encrypted-media; gyroscope; picture-in-picture\" allowfullscreen><\/iframe><\/p>\n<p><strong>Taize &#8211; Nada te turbe &#8211;&nbsp;<\/strong>&#8220;<strong>Za\u0161to taj nemir<\/strong>, za\u0161to tjeskoba? Bog je pored tebe, vjeruj u milost. Vjeruj u ljubav uskrslog Krista, za njega \u017eivi!&#8221; (<a href=\"https:\/\/pastoralpostings.files.wordpress.com\/2011\/10\/nada_te_turbe.jpg\" target=\"_blank\" rel=\"noopener\">sv. Terezija Avilska<\/a>)<br \/>\n<iframe loading=\"lazy\" title=\"Taiz\u00e9 - Nada te turbe\" width=\"584\" height=\"438\" src=\"https:\/\/www.youtube.com\/embed\/go1-BoDD7CI?feature=oembed\" frameborder=\"0\" allow=\"accelerometer; autoplay; clipboard-write; encrypted-media; gyroscope; picture-in-picture\" allowfullscreen><\/iframe><\/p>\n<hr>\n<p><strong>Moj Isus<\/strong><br \/>\n<iframe loading=\"lazy\" title=\"MOJ ISUS\" width=\"584\" height=\"329\" src=\"https:\/\/www.youtube.com\/embed\/-qF1isUUE54?feature=oembed\" frameborder=\"0\" allow=\"accelerometer; autoplay; clipboard-write; encrypted-media; gyroscope; picture-in-picture\" allowfullscreen><\/iframe><\/p>\n<p class=\"verse\" style=\"background: white;vertical-align: baseline;margin: 0cm 0cm 19.5pt 0cm\"><span style=\"font-size: 11.5pt;font-family: 'Helvetica',sans-serif;color: #373737\">MOJ ISUS, MOJ GOSPOD<br \/>\nNE POSTOJI NITKO \u2018KO TI<br \/>\nTI SI MOJ BOG, SLAVIM TE SAD<br \/>\nZBOG SVEG\u2019 \u0160TO SI U\u010cINIO TI<\/span><\/p>\n<p class=\"verse\" style=\"background: white;vertical-align: baseline;text-align: start;margin: 0cm 0cm 19.5pt 0cm\"><span style=\"font-size: 11.5pt;font-family: 'Helvetica',sans-serif;color: #373737\">MOJ ZAKLON I SNAGA<br \/>\nK TEBI SE UTJE\u010cEM<br \/>\nNEK SVAKI DAN, I SVAKI SAT<br \/>\nBUDE PJESMA SLAVLJENJA<\/span><\/p>\n<p class=\"verse\" style=\"background: white;vertical-align: baseline;text-align: start;margin: 0cm 0cm 19.5pt 0cm\"><span style=\"font-size: 11.5pt;font-family: 'Helvetica',sans-serif;color: #373737\">PODIGNI GLAS SVOJ I SLAVI GA SAD<br \/>\nZEMLJA NEK\u2019 CIJELA SLAVU MU DA<br \/>\nMORA NEK\u2019 HU\u010cE, SVI POKLONE SE<br \/>\nNA ZVUK IMENA TVOG<\/span><\/p>\n<p class=\"verse\" style=\"background: white;vertical-align: baseline;text-align: start;margin: 0cm 0cm 19.5pt 0cm\"><span style=\"font-size: 11.5pt;font-family: 'Helvetica',sans-serif;color: #373737\">SVIM SVOJIM SRCEM SLAVIM TE JA<br \/>\nSVA MOJA RADOST SI ZAUVIJEK TI<br \/>\nNI\u0160TA ME NE\u0106E OD TEBE ODVOJITI<\/span><\/p>\n<p><iframe loading=\"lazy\" title=\"Bo\u017eja pobjeda - Gospode, trebam te [autorizirani prepjev]\" width=\"584\" height=\"329\" src=\"https:\/\/www.youtube.com\/embed\/vAgTU0rFPqY?feature=oembed\" frameborder=\"0\" allow=\"accelerometer; autoplay; clipboard-write; encrypted-media; gyroscope; picture-in-picture\" allowfullscreen><\/iframe><\/p>\n<h1 class=\"yt watch-title-container\"><span id=\"eow-title\" class=\"watch-title \" dir=\"ltr\" title=\"Bend Mir - Mi \u017eelimo uzdi\u0107 Isusa [AUDIO]\">Bend Mir &#8211; Mi \u017eelimo uzdi\u0107 Isusa [AUDIO]<\/span><\/h1>\n<p><iframe loading=\"lazy\" title=\"Bend Mir - Mi \u017eelimo uzdi\u0107 Isusa [AUDIO]\" width=\"584\" height=\"329\" src=\"https:\/\/www.youtube.com\/embed\/HBGEwKRs1Qc?feature=oembed\" frameborder=\"0\" allow=\"accelerometer; autoplay; clipboard-write; encrypted-media; gyroscope; picture-in-picture\" allowfullscreen><\/iframe><\/p>\n<h1 class=\"yt watch-title-container\">&nbsp;<\/h1>\n<h1 class=\"yt watch-title-container\"><span id=\"eow-title\" class=\"watch-title \" dir=\"ltr\" title=\"\u017dELIM \u017dIVJETI - EMANUEL FEAT: SHORTY, NINA BADRI\u0106 , SESTRE HUSAR, SESTRE PALI\u0106, ALAN HR\u017dICA\">\u017dELIM \u017dIVJETI &#8211; EMANUEL FEAT: SHORTY, NINA BADRI\u0106 , SESTRE HUSAR, SESTRE PALI\u0106, ALAN HR\u017dICA<\/span><\/h1>\n<p><iframe loading=\"lazy\" title=\"\u017dELIM \u017dIVJETI - EMANUEL I PRIJATELJI\" width=\"584\" height=\"329\" src=\"https:\/\/www.youtube.com\/embed\/eS3i70xQzEc?feature=oembed\" frameborder=\"0\" allow=\"accelerometer; autoplay; clipboard-write; encrypted-media; gyroscope; picture-in-picture\" allowfullscreen><\/iframe><\/p>\n<h1><a href=\"http:\/\/narod.hr\/kultura\/najljepse-adventske-pjesme-srca-gore-evo-zore\" target=\"_blank\" rel=\"noopener\">Najljep\u0161e adventske pjesme: \u2018Srca gore, evo zore\u2019<\/a><\/h1>\n<p><strong>On dolazi da spasi vas<\/strong><br \/>\n<iframe loading=\"lazy\" title=\"On dolazi da spasi vas\" width=\"584\" height=\"438\" src=\"https:\/\/www.youtube.com\/embed\/Ol1qIgvUBMs?feature=oembed\" frameborder=\"0\" allow=\"accelerometer; autoplay; clipboard-write; encrypted-media; gyroscope; picture-in-picture\" allowfullscreen><\/iframe><\/p>\n<p><strong>Bo\u017eja pobjeda &#8211; Nek pada<\/strong><br \/>\n<iframe loading=\"lazy\" title=\"Bo\u017eja pobjeda - Nek pada\" width=\"584\" height=\"329\" src=\"https:\/\/www.youtube.com\/embed\/1gBaDuGXzZE?feature=oembed\" frameborder=\"0\" allow=\"accelerometer; autoplay; clipboard-write; encrypted-media; gyroscope; picture-in-picture\" allowfullscreen><\/iframe><\/p>\n<p><strong>Zbor mladih Haifa &#8211; Evo me (I na tvojim rukama)<\/strong><br \/>\n<iframe loading=\"lazy\" title=\"Zbor mladih Haifa - Evo me (I na tvojim rukama)\" width=\"584\" height=\"329\" src=\"https:\/\/www.youtube.com\/embed\/3TJmZB2YRb0?feature=oembed\" frameborder=\"0\" allow=\"accelerometer; autoplay; clipboard-write; encrypted-media; gyroscope; picture-in-picture\" allowfullscreen><\/iframe><\/p>\n<p><span style=\"color: #ff0000\">Evo me (Na Tvojim rukama)<\/span><\/p>\n<p>EVO ME JEDNOM JO\u0160, TU KRAJ TEBE BLIZU,<br \/>\nDA, \u010cUJE\u0160, JA ZNAM,<br \/>\nSVAKU RIJE\u010c MOJE MOLITVE,<br \/>\nBEZ OBZIRA KOLIKO DALEKO SAM.<\/p>\n<p>TI SI VJERAN I UVIJEK ,<br \/>\nRIJE\u010cIMA ISTINE NADU MI DA\u0160.<br \/>\nOSJE\u0106AM DODIR TVOJ,<br \/>\nKOLIKO MI ZNA\u010cI\u0160 TI NAJBOLJE ZNA\u0160.<\/p>\n<p>I NA TVOJIM RUKAMA,<br \/>\nNA TVOJIM RUKAMA,<\/p>\n<p><b> REF: JA \u0106U OTVORITI SRCE I RE\u0106I DA VOLIM TE,<br \/>\nJER DU\u0160I MOJOJ TOLIKO SI POTREBAN.<br \/>\nJEDINO \u017dELIM U TVOJOJ PRISUTNOSTI,<br \/>\nOSTATI ZAUVIJEK, JER TI SI PREDIVAN BOG.&nbsp;<\/b><\/p>\n<p><strong>Sliryc 33 &#8211; Ja sam sretan<\/strong><br \/>\n<iframe loading=\"lazy\" title=\"Sliryc 33 &amp; Hrvatsko Nadzemlje - Ja sam sretan\" width=\"584\" height=\"329\" src=\"https:\/\/www.youtube.com\/embed\/6m2f_odV3Tw?start=40&#038;feature=oembed\" frameborder=\"0\" allow=\"accelerometer; autoplay; clipboard-write; encrypted-media; gyroscope; picture-in-picture\" allowfullscreen><\/iframe><\/p>\n<p><strong>Apostoli mira &#8211; Kako da Te ne volim<\/strong><br \/>\n<iframe loading=\"lazy\" title=\"Apostoli mira - Kako da Te ne volim\" width=\"584\" height=\"329\" src=\"https:\/\/www.youtube.com\/embed\/ScyeDy8uRKA?start=25&#038;feature=oembed\" frameborder=\"0\" allow=\"accelerometer; autoplay; clipboard-write; encrypted-media; gyroscope; picture-in-picture\" allowfullscreen><\/iframe><\/p>\n<p><strong>Apostoli mira &#8211; O, koliko velik si<\/strong><br \/>\n<iframe loading=\"lazy\" title=\"Apostoli mira - O, koliko velik si @ Dobro jutro Hrvatska, HRT1\" width=\"584\" height=\"438\" src=\"https:\/\/www.youtube.com\/embed\/m7XrqManpbs?feature=oembed\" frameborder=\"0\" allow=\"accelerometer; autoplay; clipboard-write; encrypted-media; gyroscope; picture-in-picture\" allowfullscreen><\/iframe><\/p>\n<p><strong>Nakon svega &#8211; \u010cedo Antoli\u0107<\/strong><br \/>\n<iframe loading=\"lazy\" title=\"\u010cedo Antoli\u0107 - Nakon svega\" width=\"584\" height=\"438\" src=\"https:\/\/www.youtube.com\/embed\/bxhU7z_p_6o?feature=oembed\" frameborder=\"0\" allow=\"accelerometer; autoplay; clipboard-write; encrypted-media; gyroscope; picture-in-picture\" allowfullscreen><\/iframe><\/p>\n<p>Nakon svega<\/p>\n<p>Cedo Antolic<\/p>\n<p>No\u0107 se prosula ko topla ki\u0161a, odraz neba u lokvama<br \/>\nTi\u0161ina otkrila je ritam srca, dubine svemira<\/p>\n<p>Bez buke s ulice i vreve grada, sve se u jednom trenu prona\u0161lo,<br \/>\nBez svih ambicija bez obi\u010daja, bez modnih ukrasa.<\/p>\n<p>\u0160to nam je ostalo od svih ljepota, iskra u o\u010dima<br \/>\nIli praznina \u0161to se vidjet mo\u017ee u sli\u010dnim no\u0107ima<\/p>\n<p>Pa nam se u\u010dini da nije vrijedno, svo ovo lutanje<br \/>\nAli u du\u0161i ono malo svjetlo postavlja pitanje.<\/p>\n<p>I kada nakon svega, sred punine, u svakoj pori me\u0111u ljudima<br \/>\nProna\u0111em smisao i Krista \u017eiva, mogu mirno sklopit o\u010di<br \/>\nZa nova bu\u0111enja. 2x<\/p>\n<p>Za nova bu\u0111enja&#8230;. n x<\/p>\n<p><strong>Odlu\u010dio sam slijediti Krista &#8211; Luka Balvan<\/strong><\/p>\n","protected":false},"excerpt":{"rendered":"<p>Hanna &#8211; Presvetom Srcu (sv. Mala Terezija) U meni je \u010de\u017enja VIDEO Osam adventskih skladbi koje morate poslu\u0161ati! &#8211; Bitno.net Padaj s neba &#8211; Zbor mladih Vara\u017edinske biskupije &#8211; YouTube &nbsp; \u017dIVOT nitko za mene ne mo\u017ee moj kri\u017e nosit, &hellip; <a href=\"http:\/\/josip-rukelj.from.hr\/?page_id=348\">Nastavi \u010ditati <span class=\"meta-nav\">&rarr;<\/span><\/a><\/p>\n","protected":false},"author":357,"featured_media":0,"parent":205,"menu_order":0,"comment_status":"closed","ping_status":"closed","template":"","meta":{"ngg_post_thumbnail":0},"yoast_head":"<!-- This site is optimized with the Yoast SEO plugin v17.5 - https:\/\/yoast.com\/wordpress\/plugins\/seo\/ -->\n<meta name=\"robots\" content=\"index, follow, max-snippet:-1, max-image-preview:large, max-video-preview:-1\" \/>\n<link rel=\"canonical\" href=\"http:\/\/josip-rukelj.from.hr\/?page_id=348\" \/>\n<meta property=\"og:locale\" content=\"hr_HR\" \/>\n<meta property=\"og:type\" content=\"article\" \/>\n<meta property=\"og:title\" content=\"Video - pjesme - Religiozna kultura i etika\" \/>\n<meta property=\"og:description\" content=\"Hanna &#8211; Presvetom Srcu (sv. Mala Terezija) U meni je \u010de\u017enja VIDEO Osam adventskih skladbi koje morate poslu\u0161ati! &#8211; Bitno.net Padaj s neba &#8211; Zbor mladih Vara\u017edinske biskupije &#8211; YouTube &nbsp; \u017dIVOT nitko za mene ne mo\u017ee moj kri\u017e nosit, &hellip; Nastavi \u010ditati &rarr;\" \/>\n<meta property=\"og:url\" content=\"http:\/\/josip-rukelj.from.hr\/?page_id=348\" \/>\n<meta property=\"og:site_name\" content=\"Religiozna kultura i etika\" \/>\n<meta property=\"article:modified_time\" content=\"2022-11-13T08:00:54+00:00\" \/>\n<meta name=\"twitter:card\" content=\"summary\" \/>\n<meta name=\"twitter:label1\" content=\"Procijenjeno vrijeme \u010ditanja\" \/>\n\t<meta name=\"twitter:data1\" content=\"5 minuta\" \/>\n<script type=\"application\/ld+json\" class=\"yoast-schema-graph\">{\"@context\":\"https:\/\/schema.org\",\"@graph\":[{\"@type\":[\"Person\",\"Organization\"],\"@id\":\"http:\/\/josip-rukelj.from.hr\/#\/schema\/person\/aea8c0e9f30d13d5482591504b7e2d90\",\"name\":\"josip-rukelj\",\"logo\":{\"@id\":\"http:\/\/josip-rukelj.from.hr\/#personlogo\"},\"sameAs\":[\"http:\/\/www.josiprukelj.com\"]},{\"@type\":\"WebSite\",\"@id\":\"http:\/\/josip-rukelj.from.hr\/#website\",\"url\":\"http:\/\/josip-rukelj.from.hr\/\",\"name\":\"Religiozna kultura i etika\",\"description\":\"Upoznaj samog sebe\",\"publisher\":{\"@id\":\"http:\/\/josip-rukelj.from.hr\/#\/schema\/person\/aea8c0e9f30d13d5482591504b7e2d90\"},\"potentialAction\":[{\"@type\":\"SearchAction\",\"target\":{\"@type\":\"EntryPoint\",\"urlTemplate\":\"http:\/\/josip-rukelj.from.hr\/?s={search_term_string}\"},\"query-input\":\"required name=search_term_string\"}],\"inLanguage\":\"hr\"},{\"@type\":\"WebPage\",\"@id\":\"http:\/\/josip-rukelj.from.hr\/?page_id=348#webpage\",\"url\":\"http:\/\/josip-rukelj.from.hr\/?page_id=348\",\"name\":\"Video - pjesme - Religiozna kultura i etika\",\"isPartOf\":{\"@id\":\"http:\/\/josip-rukelj.from.hr\/#website\"},\"datePublished\":\"2015-05-08T08:21:30+00:00\",\"dateModified\":\"2022-11-13T08:00:54+00:00\",\"breadcrumb\":{\"@id\":\"http:\/\/josip-rukelj.from.hr\/?page_id=348#breadcrumb\"},\"inLanguage\":\"hr\",\"potentialAction\":[{\"@type\":\"ReadAction\",\"target\":[\"http:\/\/josip-rukelj.from.hr\/?page_id=348\"]}]},{\"@type\":\"BreadcrumbList\",\"@id\":\"http:\/\/josip-rukelj.from.hr\/?page_id=348#breadcrumb\",\"itemListElement\":[{\"@type\":\"ListItem\",\"position\":1,\"name\":\"Home\",\"item\":\"http:\/\/josip-rukelj.from.hr\/\"},{\"@type\":\"ListItem\",\"position\":2,\"name\":\"Vjeronauk\",\"item\":\"http:\/\/josip-rukelj.from.hr\/?page_id=205\"},{\"@type\":\"ListItem\",\"position\":3,\"name\":\"Video &#8211; pjesme\"}]}]}<\/script>\n<!-- \/ Yoast SEO plugin. -->","yoast_head_json":{"robots":{"index":"index","follow":"follow","max-snippet":"max-snippet:-1","max-image-preview":"max-image-preview:large","max-video-preview":"max-video-preview:-1"},"canonical":"http:\/\/josip-rukelj.from.hr\/?page_id=348","og_locale":"hr_HR","og_type":"article","og_title":"Video - pjesme - Religiozna kultura i etika","og_description":"Hanna &#8211; Presvetom Srcu (sv. Mala Terezija) U meni je \u010de\u017enja VIDEO Osam adventskih skladbi koje morate poslu\u0161ati! &#8211; Bitno.net Padaj s neba &#8211; Zbor mladih Vara\u017edinske biskupije &#8211; YouTube &nbsp; \u017dIVOT nitko za mene ne mo\u017ee moj kri\u017e nosit, &hellip; Nastavi \u010ditati &rarr;","og_url":"http:\/\/josip-rukelj.from.hr\/?page_id=348","og_site_name":"Religiozna kultura i etika","article_modified_time":"2022-11-13T08:00:54+00:00","twitter_card":"summary","twitter_misc":{"Procijenjeno vrijeme \u010ditanja":"5 minuta"},"schema":{"@context":"https:\/\/schema.org","@graph":[{"@type":["Person","Organization"],"@id":"http:\/\/josip-rukelj.from.hr\/#\/schema\/person\/aea8c0e9f30d13d5482591504b7e2d90","name":"josip-rukelj","logo":{"@id":"http:\/\/josip-rukelj.from.hr\/#personlogo"},"sameAs":["http:\/\/www.josiprukelj.com"]},{"@type":"WebSite","@id":"http:\/\/josip-rukelj.from.hr\/#website","url":"http:\/\/josip-rukelj.from.hr\/","name":"Religiozna kultura i etika","description":"Upoznaj samog sebe","publisher":{"@id":"http:\/\/josip-rukelj.from.hr\/#\/schema\/person\/aea8c0e9f30d13d5482591504b7e2d90"},"potentialAction":[{"@type":"SearchAction","target":{"@type":"EntryPoint","urlTemplate":"http:\/\/josip-rukelj.from.hr\/?s={search_term_string}"},"query-input":"required name=search_term_string"}],"inLanguage":"hr"},{"@type":"WebPage","@id":"http:\/\/josip-rukelj.from.hr\/?page_id=348#webpage","url":"http:\/\/josip-rukelj.from.hr\/?page_id=348","name":"Video - pjesme - Religiozna kultura i etika","isPartOf":{"@id":"http:\/\/josip-rukelj.from.hr\/#website"},"datePublished":"2015-05-08T08:21:30+00:00","dateModified":"2022-11-13T08:00:54+00:00","breadcrumb":{"@id":"http:\/\/josip-rukelj.from.hr\/?page_id=348#breadcrumb"},"inLanguage":"hr","potentialAction":[{"@type":"ReadAction","target":["http:\/\/josip-rukelj.from.hr\/?page_id=348"]}]},{"@type":"BreadcrumbList","@id":"http:\/\/josip-rukelj.from.hr\/?page_id=348#breadcrumb","itemListElement":[{"@type":"ListItem","position":1,"name":"Home","item":"http:\/\/josip-rukelj.from.hr\/"},{"@type":"ListItem","position":2,"name":"Vjeronauk","item":"http:\/\/josip-rukelj.from.hr\/?page_id=205"},{"@type":"ListItem","position":3,"name":"Video &#8211; pjesme"}]}]}},"_links":{"self":[{"href":"http:\/\/josip-rukelj.from.hr\/index.php?rest_route=\/wp\/v2\/pages\/348"}],"collection":[{"href":"http:\/\/josip-rukelj.from.hr\/index.php?rest_route=\/wp\/v2\/pages"}],"about":[{"href":"http:\/\/josip-rukelj.from.hr\/index.php?rest_route=\/wp\/v2\/types\/page"}],"author":[{"embeddable":true,"href":"http:\/\/josip-rukelj.from.hr\/index.php?rest_route=\/wp\/v2\/users\/357"}],"replies":[{"embeddable":true,"href":"http:\/\/josip-rukelj.from.hr\/index.php?rest_route=%2Fwp%2Fv2%2Fcomments&post=348"}],"version-history":[{"count":65,"href":"http:\/\/josip-rukelj.from.hr\/index.php?rest_route=\/wp\/v2\/pages\/348\/revisions"}],"predecessor-version":[{"id":2178,"href":"http:\/\/josip-rukelj.from.hr\/index.php?rest_route=\/wp\/v2\/pages\/348\/revisions\/2178"}],"up":[{"embeddable":true,"href":"http:\/\/josip-rukelj.from.hr\/index.php?rest_route=\/wp\/v2\/pages\/205"}],"wp:attachment":[{"href":"http:\/\/josip-rukelj.from.hr\/index.php?rest_route=%2Fwp%2Fv2%2Fmedia&parent=348"}],"curies":[{"name":"wp","href":"https:\/\/api.w.org\/{rel}","templated":true}]}}