{"id":369,"date":"2015-06-05T08:43:06","date_gmt":"2015-06-05T07:43:06","guid":{"rendered":"http:\/\/josip-rukelj.from.hr\/?page_id=369"},"modified":"2018-03-23T21:49:00","modified_gmt":"2018-03-23T20:49:00","slug":"369-2","status":"publish","type":"page","link":"http:\/\/josip-rukelj.from.hr\/?page_id=369","title":{"rendered":"Video (prilozi)"},"content":{"rendered":"<h1 class=\"l-text-center profile_headline\">Steve Cutts: <a href=\"https:\/\/vimeo.com\/user4630714\" target=\"_blank\">Vimeo<\/a>&nbsp;i <a href=\"http:\/\/www.stevecutts.com\/animation.html\" target=\"_blank\">Web stranica<\/a><\/h1>\n<p><b>Filmove koje treba pogledati<br \/>\n<\/b><a href=\"http:\/\/www.bitno.net\/kultura\/video-iskoristite-ljetne-praznike-pogledajte-ove-filmove-koje-vam-preporucujemo\/\" target=\"_blank\">http:\/\/www.bitno.net\/kultura\/video-iskoristite-ljetne-praznike-pogledajte-ove-filmove-koje-vam-preporucujemo\/<\/a><\/p>\n<p>Repekt &#8211; Po\u0161tovanje (https:\/\/www.youtube.com\/watch?v=1ZGsmw3f5Ik)<br \/>\n<iframe loading=\"lazy\" width=\"584\" height=\"438\" src=\"https:\/\/www.youtube.com\/embed\/1ZGsmw3f5Ik?feature=oembed\" frameborder=\"0\" allow=\"autoplay; encrypted-media\" allowfullscreen><\/iframe><\/p>\n<p><iframe loading=\"lazy\" width=\"584\" height=\"329\" src=\"https:\/\/www.youtube.com\/embed\/YNOnFsnjYhY?feature=oembed\" frameborder=\"0\" allow=\"autoplay; encrypted-media\" allowfullscreen><\/iframe><\/p>\n<p><a href=\"https:\/\/www.bitno.net\/mulitmedija\/video-10-dana-zivota-u-prekrasnim-fotografijama-roditelji-su-znali-da-nece-dugo-zivjeti-ali-su-mu-odlucili-dati-sansu\/\" target=\"_blank\">10 dana \u017eivota u prekrasnim fotografijama: Roditelji su znali da ne\u0107e dugo \u017eivjeti, ali su mu odlu\u010dili dati \u0161ansu<\/a><\/p>\n<p><b>Pornografija i smrtna kazna (ubojstva)<br \/>\n<\/b><a href=\"http:\/\/www.bitno.net\/mulitmedija\/video-ispovijest-serijskog-ubojice-nasilna-pornografija-doprinijela-je-da-zapocnem-ubijati\/\">http:\/\/www.bitno.net\/mulitmedija\/video-ispovijest-serijskog-ubojice-nasilna-pornografija-doprinijela-je-da-zapocnem-ubijati\/<\/a><\/p>\n<p><b>Ovisnosti<br \/>\n<\/b><a href=\"http:\/\/www.bitno.net\/mulitmedija\/video-evo-kako-djeluje-razorni-mehanizam-ovisnosti\/\">http:\/\/www.bitno.net\/mulitmedija\/video-evo-kako-djeluje-razorni-mehanizam-ovisnosti\/<\/a><\/p>\n<p><iframe loading=\"lazy\" width=\"584\" height=\"329\" src=\"https:\/\/www.youtube.com\/embed\/HUngLgGRJpo?feature=oembed\" frameborder=\"0\" allow=\"autoplay; encrypted-media\" allowfullscreen><\/iframe><\/p>\n<p><b>HRT Slika Hrvatske &#8211; Pedofilija kao temelj spolnog odgoja?<\/b><\/p>\n<p><iframe loading=\"lazy\" width=\"584\" height=\"438\" src=\"https:\/\/www.youtube.com\/embed\/TlaCwh2Xtc0?feature=oembed\" frameborder=\"0\" allow=\"autoplay; encrypted-media\" allowfullscreen><\/iframe><\/p>\n<p>&nbsp;<\/p>\n<p><b>Kratak film koji \u0161alje poruku o rasizmu<\/b><\/p>\n<p><iframe loading=\"lazy\" width=\"584\" height=\"329\" src=\"https:\/\/www.youtube.com\/embed\/dfccrwUlROU?feature=oembed\" frameborder=\"0\" allow=\"autoplay; encrypted-media\" allowfullscreen><\/iframe><\/p>\n<p>&nbsp;<\/p>\n<p><b>60 sekundi koje \u0107e vam promijeniti mi\u0161ljenje!<\/b><\/p>\n<p><iframe loading=\"lazy\" width=\"584\" height=\"329\" src=\"https:\/\/www.youtube.com\/embed\/gKkHATlsk8k?feature=oembed\" frameborder=\"0\" allow=\"autoplay; encrypted-media\" allowfullscreen><\/iframe><\/p>\n<p><b>&nbsp;<\/b><\/p>\n","protected":false},"excerpt":{"rendered":"<p>Steve Cutts: Vimeo&nbsp;i Web stranica Filmove koje treba pogledati http:\/\/www.bitno.net\/kultura\/video-iskoristite-ljetne-praznike-pogledajte-ove-filmove-koje-vam-preporucujemo\/ Repekt &#8211; Po\u0161tovanje (https:\/\/www.youtube.com\/watch?v=1ZGsmw3f5Ik) 10 dana \u017eivota u prekrasnim fotografijama: Roditelji su znali da ne\u0107e dugo \u017eivjeti, ali su mu odlu\u010dili dati \u0161ansu Pornografija i smrtna kazna (ubojstva) http:\/\/www.bitno.net\/mulitmedija\/video-ispovijest-serijskog-ubojice-nasilna-pornografija-doprinijela-je-da-zapocnem-ubijati\/ Ovisnosti &hellip; <a href=\"http:\/\/josip-rukelj.from.hr\/?page_id=369\">Nastavi \u010ditati <span class=\"meta-nav\">&rarr;<\/span><\/a><\/p>\n","protected":false},"author":357,"featured_media":0,"parent":223,"menu_order":0,"comment_status":"closed","ping_status":"closed","template":"","meta":{"ngg_post_thumbnail":0},"yoast_head":"<!-- This site is optimized with the Yoast SEO plugin v17.5 - https:\/\/yoast.com\/wordpress\/plugins\/seo\/ -->\n<meta name=\"robots\" content=\"index, follow, max-snippet:-1, max-image-preview:large, max-video-preview:-1\" \/>\n<link rel=\"canonical\" href=\"http:\/\/josip-rukelj.from.hr\/?page_id=369\" \/>\n<meta property=\"og:locale\" content=\"hr_HR\" \/>\n<meta property=\"og:type\" content=\"article\" \/>\n<meta property=\"og:title\" content=\"Video (prilozi) - Religiozna kultura i etika\" \/>\n<meta property=\"og:description\" content=\"Steve Cutts: Vimeo&nbsp;i Web stranica Filmove koje treba pogledati http:\/\/www.bitno.net\/kultura\/video-iskoristite-ljetne-praznike-pogledajte-ove-filmove-koje-vam-preporucujemo\/ Repekt &#8211; Po\u0161tovanje (https:\/\/www.youtube.com\/watch?v=1ZGsmw3f5Ik) 10 dana \u017eivota u prekrasnim fotografijama: Roditelji su znali da ne\u0107e dugo \u017eivjeti, ali su mu odlu\u010dili dati \u0161ansu Pornografija i smrtna kazna (ubojstva) http:\/\/www.bitno.net\/mulitmedija\/video-ispovijest-serijskog-ubojice-nasilna-pornografija-doprinijela-je-da-zapocnem-ubijati\/ Ovisnosti &hellip; Nastavi \u010ditati &rarr;\" \/>\n<meta property=\"og:url\" content=\"http:\/\/josip-rukelj.from.hr\/?page_id=369\" \/>\n<meta property=\"og:site_name\" content=\"Religiozna kultura i etika\" \/>\n<meta property=\"article:modified_time\" content=\"2018-03-23T20:49:00+00:00\" \/>\n<meta name=\"twitter:card\" content=\"summary\" \/>\n<meta name=\"twitter:label1\" content=\"Procijenjeno vrijeme \u010ditanja\" \/>\n\t<meta name=\"twitter:data1\" content=\"1 minuta\" \/>\n<script type=\"application\/ld+json\" class=\"yoast-schema-graph\">{\"@context\":\"https:\/\/schema.org\",\"@graph\":[{\"@type\":[\"Person\",\"Organization\"],\"@id\":\"http:\/\/josip-rukelj.from.hr\/#\/schema\/person\/aea8c0e9f30d13d5482591504b7e2d90\",\"name\":\"josip-rukelj\",\"logo\":{\"@id\":\"http:\/\/josip-rukelj.from.hr\/#personlogo\"},\"sameAs\":[\"http:\/\/www.josiprukelj.com\"]},{\"@type\":\"WebSite\",\"@id\":\"http:\/\/josip-rukelj.from.hr\/#website\",\"url\":\"http:\/\/josip-rukelj.from.hr\/\",\"name\":\"Religiozna kultura i etika\",\"description\":\"Upoznaj samog sebe\",\"publisher\":{\"@id\":\"http:\/\/josip-rukelj.from.hr\/#\/schema\/person\/aea8c0e9f30d13d5482591504b7e2d90\"},\"potentialAction\":[{\"@type\":\"SearchAction\",\"target\":{\"@type\":\"EntryPoint\",\"urlTemplate\":\"http:\/\/josip-rukelj.from.hr\/?s={search_term_string}\"},\"query-input\":\"required name=search_term_string\"}],\"inLanguage\":\"hr\"},{\"@type\":\"WebPage\",\"@id\":\"http:\/\/josip-rukelj.from.hr\/?page_id=369#webpage\",\"url\":\"http:\/\/josip-rukelj.from.hr\/?page_id=369\",\"name\":\"Video (prilozi) - Religiozna kultura i etika\",\"isPartOf\":{\"@id\":\"http:\/\/josip-rukelj.from.hr\/#website\"},\"datePublished\":\"2015-06-05T07:43:06+00:00\",\"dateModified\":\"2018-03-23T20:49:00+00:00\",\"breadcrumb\":{\"@id\":\"http:\/\/josip-rukelj.from.hr\/?page_id=369#breadcrumb\"},\"inLanguage\":\"hr\",\"potentialAction\":[{\"@type\":\"ReadAction\",\"target\":[\"http:\/\/josip-rukelj.from.hr\/?page_id=369\"]}]},{\"@type\":\"BreadcrumbList\",\"@id\":\"http:\/\/josip-rukelj.from.hr\/?page_id=369#breadcrumb\",\"itemListElement\":[{\"@type\":\"ListItem\",\"position\":1,\"name\":\"Home\",\"item\":\"http:\/\/josip-rukelj.from.hr\/\"},{\"@type\":\"ListItem\",\"position\":2,\"name\":\"Etika\",\"item\":\"http:\/\/josip-rukelj.from.hr\/?page_id=223\"},{\"@type\":\"ListItem\",\"position\":3,\"name\":\"Video (prilozi)\"}]}]}<\/script>\n<!-- \/ Yoast SEO plugin. -->","yoast_head_json":{"robots":{"index":"index","follow":"follow","max-snippet":"max-snippet:-1","max-image-preview":"max-image-preview:large","max-video-preview":"max-video-preview:-1"},"canonical":"http:\/\/josip-rukelj.from.hr\/?page_id=369","og_locale":"hr_HR","og_type":"article","og_title":"Video (prilozi) - Religiozna kultura i etika","og_description":"Steve Cutts: Vimeo&nbsp;i Web stranica Filmove koje treba pogledati http:\/\/www.bitno.net\/kultura\/video-iskoristite-ljetne-praznike-pogledajte-ove-filmove-koje-vam-preporucujemo\/ Repekt &#8211; Po\u0161tovanje (https:\/\/www.youtube.com\/watch?v=1ZGsmw3f5Ik) 10 dana \u017eivota u prekrasnim fotografijama: Roditelji su znali da ne\u0107e dugo \u017eivjeti, ali su mu odlu\u010dili dati \u0161ansu Pornografija i smrtna kazna (ubojstva) http:\/\/www.bitno.net\/mulitmedija\/video-ispovijest-serijskog-ubojice-nasilna-pornografija-doprinijela-je-da-zapocnem-ubijati\/ Ovisnosti &hellip; Nastavi \u010ditati &rarr;","og_url":"http:\/\/josip-rukelj.from.hr\/?page_id=369","og_site_name":"Religiozna kultura i etika","article_modified_time":"2018-03-23T20:49:00+00:00","twitter_card":"summary","twitter_misc":{"Procijenjeno vrijeme \u010ditanja":"1 minuta"},"schema":{"@context":"https:\/\/schema.org","@graph":[{"@type":["Person","Organization"],"@id":"http:\/\/josip-rukelj.from.hr\/#\/schema\/person\/aea8c0e9f30d13d5482591504b7e2d90","name":"josip-rukelj","logo":{"@id":"http:\/\/josip-rukelj.from.hr\/#personlogo"},"sameAs":["http:\/\/www.josiprukelj.com"]},{"@type":"WebSite","@id":"http:\/\/josip-rukelj.from.hr\/#website","url":"http:\/\/josip-rukelj.from.hr\/","name":"Religiozna kultura i etika","description":"Upoznaj samog sebe","publisher":{"@id":"http:\/\/josip-rukelj.from.hr\/#\/schema\/person\/aea8c0e9f30d13d5482591504b7e2d90"},"potentialAction":[{"@type":"SearchAction","target":{"@type":"EntryPoint","urlTemplate":"http:\/\/josip-rukelj.from.hr\/?s={search_term_string}"},"query-input":"required name=search_term_string"}],"inLanguage":"hr"},{"@type":"WebPage","@id":"http:\/\/josip-rukelj.from.hr\/?page_id=369#webpage","url":"http:\/\/josip-rukelj.from.hr\/?page_id=369","name":"Video (prilozi) - Religiozna kultura i etika","isPartOf":{"@id":"http:\/\/josip-rukelj.from.hr\/#website"},"datePublished":"2015-06-05T07:43:06+00:00","dateModified":"2018-03-23T20:49:00+00:00","breadcrumb":{"@id":"http:\/\/josip-rukelj.from.hr\/?page_id=369#breadcrumb"},"inLanguage":"hr","potentialAction":[{"@type":"ReadAction","target":["http:\/\/josip-rukelj.from.hr\/?page_id=369"]}]},{"@type":"BreadcrumbList","@id":"http:\/\/josip-rukelj.from.hr\/?page_id=369#breadcrumb","itemListElement":[{"@type":"ListItem","position":1,"name":"Home","item":"http:\/\/josip-rukelj.from.hr\/"},{"@type":"ListItem","position":2,"name":"Etika","item":"http:\/\/josip-rukelj.from.hr\/?page_id=223"},{"@type":"ListItem","position":3,"name":"Video (prilozi)"}]}]}},"_links":{"self":[{"href":"http:\/\/josip-rukelj.from.hr\/index.php?rest_route=\/wp\/v2\/pages\/369"}],"collection":[{"href":"http:\/\/josip-rukelj.from.hr\/index.php?rest_route=\/wp\/v2\/pages"}],"about":[{"href":"http:\/\/josip-rukelj.from.hr\/index.php?rest_route=\/wp\/v2\/types\/page"}],"author":[{"embeddable":true,"href":"http:\/\/josip-rukelj.from.hr\/index.php?rest_route=\/wp\/v2\/users\/357"}],"replies":[{"embeddable":true,"href":"http:\/\/josip-rukelj.from.hr\/index.php?rest_route=%2Fwp%2Fv2%2Fcomments&post=369"}],"version-history":[{"count":21,"href":"http:\/\/josip-rukelj.from.hr\/index.php?rest_route=\/wp\/v2\/pages\/369\/revisions"}],"predecessor-version":[{"id":845,"href":"http:\/\/josip-rukelj.from.hr\/index.php?rest_route=\/wp\/v2\/pages\/369\/revisions\/845"}],"up":[{"embeddable":true,"href":"http:\/\/josip-rukelj.from.hr\/index.php?rest_route=\/wp\/v2\/pages\/223"}],"wp:attachment":[{"href":"http:\/\/josip-rukelj.from.hr\/index.php?rest_route=%2Fwp%2Fv2%2Fmedia&parent=369"}],"curies":[{"name":"wp","href":"https:\/\/api.w.org\/{rel}","templated":true}]}}