{"id":619,"date":"2016-10-25T09:06:00","date_gmt":"2016-10-25T08:06:00","guid":{"rendered":"http:\/\/josip-rukelj.from.hr\/?page_id=619"},"modified":"2023-11-22T08:34:16","modified_gmt":"2023-11-22T07:34:16","slug":"esej-etika","status":"publish","type":"page","link":"http:\/\/josip-rukelj.from.hr\/?page_id=619","title":{"rendered":"Esej (etika)"},"content":{"rendered":"<p><strong>1. razred (1. polugodi\u0161te):<\/strong><\/p>\n<p><span id=\"previous-work-hour\" class=\"grey block mt5\">1. Etika i mitovi<br \/>\n<\/span><span id=\"previous-work-hour\" class=\"grey block mt5\">2. Vrline i mane<br \/>\n3. Sudbina i sloboda<br \/>\n4. Moralnost i religija\/e<\/span><\/p>\n<p>_____________________________________________________________<\/p>\n<p><strong>3. razred (1. polugodi\u0161te):<\/strong><\/p>\n<ol>\n<li>Bioetika i njezina podru\u010dje&nbsp;<\/li>\n<li>Antropocentrizam, biocentrizam, demarkacija i patocentrizam (razlike i specifi\u010dnosti)<\/li>\n<li>Albert Schweitzer i Aldo Leopold<\/li>\n<li>Ekologija i etika&nbsp;<\/li>\n<\/ol>\n<p><strong>(2. polugodi\u0161te):<\/strong><\/p>\n<ol>\n<li>Kloniranje (stvaranje \u010dovjeka, terapijsko)<\/li>\n<li>Transplantacija organa i moralne dileme<\/li>\n<li>Stvaranje \u017eivota i umjetna oplodnja<\/li>\n<li>Ljudi i \u017eivotinje (moralni obziri, Singer i Regan)<\/li>\n<\/ol>\n<p>_____________________________________________________________<\/p>\n<p>Teme za esej &#8211; 4. razred (2. polugodi\u0161te):<\/p>\n<ol>\n<li>Smisao moralnog\/eti\u010dkog djelovanja<\/li>\n<li>Normativna etika, deskriptivna etika i metaetika<\/li>\n<li>Medicinska etika i etika u tehnologiji<\/li>\n<\/ol>\n<p>Teme za esej &#8211; 2. razred (2.polugodi\u0161te):<\/p>\n<ol>\n<li>Sloboda i njezine granice<\/li>\n<li>Eti\u010dki sustavi religije<\/li>\n<li>Zlatno pravilo<\/li>\n<li>Vrline<\/li>\n<\/ol>\n<p>_____________________________________________________________<\/p>\n<p>Teme za esej &#8211; 2. razred (1.polugodi\u0161te):<\/p>\n<ol>\n<li>Odnosi u obitelji<\/li>\n<li>Po\u0161tivanje razli\u010ditosti<\/li>\n<li>Ljubav je samo jedna, ali njezin kopija ima tisu\u0107e (Francois de La Rochefoucauld)<\/li>\n<li>Prijateljstvo je jedna du\u0161a u dva tijela (Aristotel)<\/li>\n<\/ol>\n<p style=\"padding-left: 40px\">1. Slo\u017eenost ljudskih odnosa<br \/>\n2. Prijateljstvo, ljubav, tipovi ljubavi, odnos me\u0111u spolovima<\/p>\n<p>Teme za esej &#8211; 4. razred (1. polugodi\u0161te):<\/p>\n<ol>\n<li>Religije i etika (ekumenizam)<\/li>\n<li>Moral i dru\u0161tvo<\/li>\n<li>Unutarnja i izvanjska moralnost<\/li>\n<li>Razlike izme\u0111u etike i morala<\/li>\n<\/ol>\n<p><a href=\"https:\/\/drive.google.com\/file\/d\/0B1XZlcQ2sBEnZ21jVlNaZWtkRmM\/view?usp=sharing\" target=\"_blank\" rel=\"noopener\">Teme za esej &#8211; 1. i 2. polug.<\/a>&nbsp;(6.5.2015.)<\/p>\n<p><a href=\"https:\/\/drive.google.com\/file\/d\/0B9sUxAFAm1xFWkRTYlRNQzI0ejA\/edit?usp=sharing\" target=\"_blank\" rel=\"noopener\">Teme za esej &nbsp;&#8211; 2. raz. (2.polug.)<\/a><\/p>\n","protected":false},"excerpt":{"rendered":"<p>1. razred (1. polugodi\u0161te): 1. Etika i mitovi 2. Vrline i mane 3. Sudbina i sloboda 4. Moralnost i religija\/e _____________________________________________________________ 3. razred (1. polugodi\u0161te): Bioetika i njezina podru\u010dje&nbsp; Antropocentrizam, biocentrizam, demarkacija i patocentrizam (razlike i specifi\u010dnosti) Albert Schweitzer i &hellip; <a href=\"http:\/\/josip-rukelj.from.hr\/?page_id=619\">Nastavi \u010ditati <span class=\"meta-nav\">&rarr;<\/span><\/a><\/p>\n","protected":false},"author":357,"featured_media":0,"parent":223,"menu_order":0,"comment_status":"closed","ping_status":"closed","template":"","meta":{"ngg_post_thumbnail":0},"yoast_head":"<!-- This site is optimized with the Yoast SEO plugin v17.5 - https:\/\/yoast.com\/wordpress\/plugins\/seo\/ -->\n<meta name=\"robots\" content=\"index, follow, max-snippet:-1, max-image-preview:large, max-video-preview:-1\" \/>\n<link rel=\"canonical\" href=\"http:\/\/josip-rukelj.from.hr\/?page_id=619\" \/>\n<meta property=\"og:locale\" content=\"hr_HR\" \/>\n<meta property=\"og:type\" content=\"article\" \/>\n<meta property=\"og:title\" content=\"Esej (etika) - Religiozna kultura i etika\" \/>\n<meta property=\"og:description\" content=\"1. razred (1. polugodi\u0161te): 1. Etika i mitovi 2. Vrline i mane 3. Sudbina i sloboda 4. Moralnost i religija\/e _____________________________________________________________ 3. razred (1. polugodi\u0161te): Bioetika i njezina podru\u010dje&nbsp; Antropocentrizam, biocentrizam, demarkacija i patocentrizam (razlike i specifi\u010dnosti) Albert Schweitzer i &hellip; Nastavi \u010ditati &rarr;\" \/>\n<meta property=\"og:url\" content=\"http:\/\/josip-rukelj.from.hr\/?page_id=619\" \/>\n<meta property=\"og:site_name\" content=\"Religiozna kultura i etika\" \/>\n<meta property=\"article:modified_time\" content=\"2023-11-22T07:34:16+00:00\" \/>\n<meta name=\"twitter:card\" content=\"summary\" \/>\n<meta name=\"twitter:label1\" content=\"Procijenjeno vrijeme \u010ditanja\" \/>\n\t<meta name=\"twitter:data1\" content=\"1 minuta\" \/>\n<script type=\"application\/ld+json\" class=\"yoast-schema-graph\">{\"@context\":\"https:\/\/schema.org\",\"@graph\":[{\"@type\":[\"Person\",\"Organization\"],\"@id\":\"http:\/\/josip-rukelj.from.hr\/#\/schema\/person\/aea8c0e9f30d13d5482591504b7e2d90\",\"name\":\"josip-rukelj\",\"logo\":{\"@id\":\"http:\/\/josip-rukelj.from.hr\/#personlogo\"},\"sameAs\":[\"http:\/\/www.josiprukelj.com\"]},{\"@type\":\"WebSite\",\"@id\":\"http:\/\/josip-rukelj.from.hr\/#website\",\"url\":\"http:\/\/josip-rukelj.from.hr\/\",\"name\":\"Religiozna kultura i etika\",\"description\":\"Upoznaj samog sebe\",\"publisher\":{\"@id\":\"http:\/\/josip-rukelj.from.hr\/#\/schema\/person\/aea8c0e9f30d13d5482591504b7e2d90\"},\"potentialAction\":[{\"@type\":\"SearchAction\",\"target\":{\"@type\":\"EntryPoint\",\"urlTemplate\":\"http:\/\/josip-rukelj.from.hr\/?s={search_term_string}\"},\"query-input\":\"required name=search_term_string\"}],\"inLanguage\":\"hr\"},{\"@type\":\"WebPage\",\"@id\":\"http:\/\/josip-rukelj.from.hr\/?page_id=619#webpage\",\"url\":\"http:\/\/josip-rukelj.from.hr\/?page_id=619\",\"name\":\"Esej (etika) - Religiozna kultura i etika\",\"isPartOf\":{\"@id\":\"http:\/\/josip-rukelj.from.hr\/#website\"},\"datePublished\":\"2016-10-25T08:06:00+00:00\",\"dateModified\":\"2023-11-22T07:34:16+00:00\",\"breadcrumb\":{\"@id\":\"http:\/\/josip-rukelj.from.hr\/?page_id=619#breadcrumb\"},\"inLanguage\":\"hr\",\"potentialAction\":[{\"@type\":\"ReadAction\",\"target\":[\"http:\/\/josip-rukelj.from.hr\/?page_id=619\"]}]},{\"@type\":\"BreadcrumbList\",\"@id\":\"http:\/\/josip-rukelj.from.hr\/?page_id=619#breadcrumb\",\"itemListElement\":[{\"@type\":\"ListItem\",\"position\":1,\"name\":\"Home\",\"item\":\"http:\/\/josip-rukelj.from.hr\/\"},{\"@type\":\"ListItem\",\"position\":2,\"name\":\"Etika\",\"item\":\"http:\/\/josip-rukelj.from.hr\/?page_id=223\"},{\"@type\":\"ListItem\",\"position\":3,\"name\":\"Esej (etika)\"}]}]}<\/script>\n<!-- \/ Yoast SEO plugin. -->","yoast_head_json":{"robots":{"index":"index","follow":"follow","max-snippet":"max-snippet:-1","max-image-preview":"max-image-preview:large","max-video-preview":"max-video-preview:-1"},"canonical":"http:\/\/josip-rukelj.from.hr\/?page_id=619","og_locale":"hr_HR","og_type":"article","og_title":"Esej (etika) - Religiozna kultura i etika","og_description":"1. razred (1. polugodi\u0161te): 1. Etika i mitovi 2. Vrline i mane 3. Sudbina i sloboda 4. Moralnost i religija\/e _____________________________________________________________ 3. razred (1. polugodi\u0161te): Bioetika i njezina podru\u010dje&nbsp; Antropocentrizam, biocentrizam, demarkacija i patocentrizam (razlike i specifi\u010dnosti) Albert Schweitzer i &hellip; Nastavi \u010ditati &rarr;","og_url":"http:\/\/josip-rukelj.from.hr\/?page_id=619","og_site_name":"Religiozna kultura i etika","article_modified_time":"2023-11-22T07:34:16+00:00","twitter_card":"summary","twitter_misc":{"Procijenjeno vrijeme \u010ditanja":"1 minuta"},"schema":{"@context":"https:\/\/schema.org","@graph":[{"@type":["Person","Organization"],"@id":"http:\/\/josip-rukelj.from.hr\/#\/schema\/person\/aea8c0e9f30d13d5482591504b7e2d90","name":"josip-rukelj","logo":{"@id":"http:\/\/josip-rukelj.from.hr\/#personlogo"},"sameAs":["http:\/\/www.josiprukelj.com"]},{"@type":"WebSite","@id":"http:\/\/josip-rukelj.from.hr\/#website","url":"http:\/\/josip-rukelj.from.hr\/","name":"Religiozna kultura i etika","description":"Upoznaj samog sebe","publisher":{"@id":"http:\/\/josip-rukelj.from.hr\/#\/schema\/person\/aea8c0e9f30d13d5482591504b7e2d90"},"potentialAction":[{"@type":"SearchAction","target":{"@type":"EntryPoint","urlTemplate":"http:\/\/josip-rukelj.from.hr\/?s={search_term_string}"},"query-input":"required name=search_term_string"}],"inLanguage":"hr"},{"@type":"WebPage","@id":"http:\/\/josip-rukelj.from.hr\/?page_id=619#webpage","url":"http:\/\/josip-rukelj.from.hr\/?page_id=619","name":"Esej (etika) - Religiozna kultura i etika","isPartOf":{"@id":"http:\/\/josip-rukelj.from.hr\/#website"},"datePublished":"2016-10-25T08:06:00+00:00","dateModified":"2023-11-22T07:34:16+00:00","breadcrumb":{"@id":"http:\/\/josip-rukelj.from.hr\/?page_id=619#breadcrumb"},"inLanguage":"hr","potentialAction":[{"@type":"ReadAction","target":["http:\/\/josip-rukelj.from.hr\/?page_id=619"]}]},{"@type":"BreadcrumbList","@id":"http:\/\/josip-rukelj.from.hr\/?page_id=619#breadcrumb","itemListElement":[{"@type":"ListItem","position":1,"name":"Home","item":"http:\/\/josip-rukelj.from.hr\/"},{"@type":"ListItem","position":2,"name":"Etika","item":"http:\/\/josip-rukelj.from.hr\/?page_id=223"},{"@type":"ListItem","position":3,"name":"Esej (etika)"}]}]}},"_links":{"self":[{"href":"http:\/\/josip-rukelj.from.hr\/index.php?rest_route=\/wp\/v2\/pages\/619"}],"collection":[{"href":"http:\/\/josip-rukelj.from.hr\/index.php?rest_route=\/wp\/v2\/pages"}],"about":[{"href":"http:\/\/josip-rukelj.from.hr\/index.php?rest_route=\/wp\/v2\/types\/page"}],"author":[{"embeddable":true,"href":"http:\/\/josip-rukelj.from.hr\/index.php?rest_route=\/wp\/v2\/users\/357"}],"replies":[{"embeddable":true,"href":"http:\/\/josip-rukelj.from.hr\/index.php?rest_route=%2Fwp%2Fv2%2Fcomments&post=619"}],"version-history":[{"count":13,"href":"http:\/\/josip-rukelj.from.hr\/index.php?rest_route=\/wp\/v2\/pages\/619\/revisions"}],"predecessor-version":[{"id":621,"href":"http:\/\/josip-rukelj.from.hr\/index.php?rest_route=\/wp\/v2\/pages\/619\/revisions\/621"}],"up":[{"embeddable":true,"href":"http:\/\/josip-rukelj.from.hr\/index.php?rest_route=\/wp\/v2\/pages\/223"}],"wp:attachment":[{"href":"http:\/\/josip-rukelj.from.hr\/index.php?rest_route=%2Fwp%2Fv2%2Fmedia&parent=619"}],"curies":[{"name":"wp","href":"https:\/\/api.w.org\/{rel}","templated":true}]}}