{"id":642,"date":"2016-11-20T09:39:12","date_gmt":"2016-11-20T08:39:12","guid":{"rendered":"http:\/\/josip-rukelj.from.hr\/?page_id=642"},"modified":"2022-11-27T22:18:21","modified_gmt":"2022-11-27T21:18:21","slug":"video-motivacija","status":"publish","type":"page","link":"http:\/\/josip-rukelj.from.hr\/?page_id=642","title":{"rendered":"Video (motivacija)"},"content":{"rendered":"<h4>&nbsp;<\/h4>\n<p><iframe loading=\"lazy\" title=\"Biti ro\u0111ena - To be born\" width=\"584\" height=\"438\" src=\"https:\/\/www.youtube.com\/embed\/_OJOQoiUafE?start=174&#038;feature=oembed\" frameborder=\"0\" allow=\"accelerometer; autoplay; clipboard-write; encrypted-media; gyroscope; picture-in-picture\" allowfullscreen><\/iframe><\/p>\n<h4 class=\"x1heor9g x1qlqyl8 x1pd3egz x1a2a7pz x1gslohp x1yc453h\"><a href=\"https:\/\/www.bitno.net\/mulitmedija\/film-biti-rodena-pobacaj-iz-perspektive-nerodenog-djeteta\/\" target=\"_blank\" rel=\"noopener\"><span class=\"xt0psk2\"><strong>Pravo na \u017divot<\/strong><\/span><\/a><\/h4>\n<hr>\n<h1 class=\"title style-scope ytd-video-primary-info-renderer\"><a href=\"https:\/\/www.youtube.com\/watch?v=3s45XOnYOIw&amp;list=PLiYXxMPbHyHDIqr07o4FMnbmxsKA86h2_&amp;index=15\" target=\"_blank\" rel=\"noopener\">Gregohttps:\/\/web.facebook.com\/spasimonerodjene\/videos\/649517393498078rio ALLEGRI &#8211; Miserere Mei, Deus (+ Lyrics \/ OXFORD, Choir of New College)<\/a><\/h1>\n<hr>\n<p><iframe loading=\"lazy\" title=\"Kalam kozmolo\u0161ki dokaz\" width=\"584\" height=\"329\" src=\"https:\/\/www.youtube.com\/embed\/hIFeItHe-nI?feature=oembed\" frameborder=\"0\" allow=\"accelerometer; autoplay; clipboard-write; encrypted-media; gyroscope; picture-in-picture\" allowfullscreen><\/iframe><\/p>\n<p><iframe loading=\"lazy\" title=\"Ontolo\u0161ki dokaz\" width=\"584\" height=\"329\" src=\"https:\/\/www.youtube.com\/embed\/tB1RxZlZEH8?feature=oembed\" frameborder=\"0\" allow=\"accelerometer; autoplay; clipboard-write; encrypted-media; gyroscope; picture-in-picture\" allowfullscreen><\/iframe><\/p>\n<p><iframe loading=\"lazy\" title=\"Teleolo\u0161ki argument\" width=\"584\" height=\"329\" src=\"https:\/\/www.youtube.com\/embed\/i8qhsfsyTx8?feature=oembed\" frameborder=\"0\" allow=\"accelerometer; autoplay; clipboard-write; encrypted-media; gyroscope; picture-in-picture\" allowfullscreen><\/iframe><\/p>\n<hr>\n<p>U prepunoj dvorani sportskog centra Gripe, u subotu 11. studenog 2017. godine, odr\u017ean je najve\u0107i koncert duhovne glazbe u povijesti grada Splita \u201eNajmanjima od najmanjih\u201c. Ovaj humanitarni koncert svojevrsni je vrhunac manifestacije \u201eDani socijalne zauzetosti\u201c &#8230; <strong>Prispodoba o&nbsp;Posljednjem sudu (Mt 25,31)<\/strong><\/p>\n<p><iframe loading=\"lazy\" title=\"fra Ante Vu\u010dkovi\u0107 - Meditacija\" width=\"584\" height=\"329\" src=\"https:\/\/www.youtube.com\/embed\/qN9k36EHIw8?feature=oembed\" frameborder=\"0\" allow=\"accelerometer; autoplay; clipboard-write; encrypted-media; gyroscope; picture-in-picture\" allowfullscreen><\/iframe><\/p>\n<hr>\n<blockquote class=\"wp-embedded-content\" data-secret=\"oB4MvYoOOd\"><p><a href=\"https:\/\/www.bitno.net\/mulitmedija\/video\/video-pogledajte-video-koji-nas-uvodi-u-jako-vazno-pitanje-tko-sam-ja\/\">VIDEO Pogledajte video koji nas uvodi u jako va\u017eno pitanje: Tko sam ja?<\/a><\/p><\/blockquote>\n<p><iframe class=\"wp-embedded-content\" sandbox=\"allow-scripts\" security=\"restricted\" style=\"position: absolute; clip: rect(1px, 1px, 1px, 1px);\" title=\"&#8220;VIDEO Pogledajte video koji nas uvodi u jako va\u017eno pitanje: Tko sam ja?&#8221; &#8212; Bitno.net\" src=\"https:\/\/www.bitno.net\/mulitmedija\/video\/video-pogledajte-video-koji-nas-uvodi-u-jako-vazno-pitanje-tko-sam-ja\/embed\/#?secret=DLqR4MUizB#?secret=oB4MvYoOOd\" data-secret=\"oB4MvYoOOd\" width=\"584\" height=\"329\" frameborder=\"0\" marginwidth=\"0\" marginheight=\"0\" scrolling=\"no\"><\/iframe><\/p>\n<hr>\n<p><a href=\"http:\/\/www.katholisch.de\/video\/serien\/katholisch-fur-anfanger\" target=\"_blank\" rel=\"noopener\">Katoli\u010dki za po\u010detnike (Katholisch f\u00fcr Anf\u00e4nger)<\/a><\/p>\n<hr>\n<p><a href=\"https:\/\/www.bitno.net\/mulitmedija\/video\/film-o-sv-maksimilijanu-kolbeu-vojska-bezgresne\/\" target=\"_blank\" rel=\"noopener\">[VIDEO] \u2018\u017divot je borba\u2026\u2019, tako po\u010dinje ovaj izvrsni kratki film o sv. Maksimilijanu Kolbeu\u2026 Pogledajte ga!<\/a><\/p>\n<p><iframe loading=\"lazy\" title=\"Militia Immaculatae\" width=\"584\" height=\"329\" src=\"https:\/\/www.youtube.com\/embed\/9jLxudMyrgU?start=372&#038;feature=oembed\" frameborder=\"0\" allow=\"accelerometer; autoplay; clipboard-write; encrypted-media; gyroscope; picture-in-picture\" allowfullscreen><\/iframe><\/p>\n<hr>\n<p><strong>VIDEO Animirani film koji pokazuje da \u017ertva u\u010dinjena iz ljubavi<br \/>\ndonosi mno\u0161tvo blagoslova<\/strong><\/p>\n<p><iframe loading=\"lazy\" title=\"A Joy Story: Joy and Heron\" width=\"584\" height=\"329\" src=\"https:\/\/www.youtube.com\/embed\/ZQGuVKHtrxc?start=215&#038;feature=oembed\" frameborder=\"0\" allow=\"accelerometer; autoplay; clipboard-write; encrypted-media; gyroscope; picture-in-picture\" allowfullscreen><\/iframe><\/p>\n<hr>\n<ol>\n<li><strong><a href=\"https:\/\/1drv.ms\/v\/s!AisB5CpHkFigjwPY8B9y72-Gjnb9\" target=\"_blank\" rel=\"noopener\">Vukovar &#8211; 18. studenog 1991.<\/a>&nbsp;<\/strong><\/li>\n<li><strong><a href=\"https:\/\/1drv.ms\/v\/s!AisB5CpHkFigjweea5P-EMtoyuyB\" target=\"_blank\" rel=\"noopener\">Prolaz kroz vrijeme i prostor<\/a><\/strong><\/li>\n<li><strong>sv. Franjo Asi\u0161ki<\/strong>: <a href=\"https:\/\/1drv.ms\/v\/s!AisB5CpHkFigg2GntmlnKut6ag4q\" target=\"_blank\" rel=\"noopener\">prvi dio<\/a> &#8211; <a href=\"https:\/\/1drv.ms\/v\/s!AisB5CpHkFigg2LcmDY7obfXYXWB\" target=\"_blank\" rel=\"noopener\">drugi dio<\/a><\/li>\n<li><strong>sv. Dominik:<\/strong> <a href=\"https:\/\/1drv.ms\/v\/s!AisB5CpHkFigg2D0feTDtMHiSVQB\" target=\"_blank\" rel=\"noopener\">prvi dio<\/a> &#8211; <a href=\"https:\/\/1drv.ms\/v\/s!AisB5CpHkFigg19MXqG1J1pWPmLo\" target=\"_blank\" rel=\"noopener\">drugi dio<\/a><\/li>\n<li><strong>sv. Benedikt:<\/strong> <a href=\"https:\/\/1drv.ms\/v\/s!AisB5CpHkFigg13kW0hkkBJ_9YnF\" target=\"_blank\" rel=\"noopener\">prvi dio<\/a> &#8211; <a href=\"https:\/\/1drv.ms\/v\/s!AisB5CpHkFigg15FLEQZKGUFYt5_\" target=\"_blank\" rel=\"noopener\">drugi dio<\/a><\/li>\n<li><strong>sv. Bernard:<\/strong> <a href=\"https:\/\/1drv.ms\/v\/s!AisB5CpHkFigg2R97wS4tELT1KYS\" target=\"_blank\" rel=\"noopener\">prvi dio<\/a> &#8211; <a href=\"https:\/\/1drv.ms\/v\/s!AisB5CpHkFigg2O4SbHBRaMg9sEB\" target=\"_blank\" rel=\"noopener\">drugi dio<\/a><\/li>\n<\/ol>\n<p><iframe loading=\"lazy\" title=\"Brat Lazarus Al-Anthony\" width=\"584\" height=\"438\" src=\"https:\/\/www.youtube.com\/embed\/o_9g9RSbmiQ?feature=oembed\" frameborder=\"0\" allow=\"accelerometer; autoplay; clipboard-write; encrypted-media; gyroscope; picture-in-picture\" allowfullscreen><\/iframe><\/p>\n<p><iframe loading=\"lazy\" title=\"ISUSOVE PRISPODOBE - Milosrdni Samarijanac - crtani film\" width=\"584\" height=\"329\" src=\"https:\/\/www.youtube.com\/embed\/lG_q_0sE37c?feature=oembed\" frameborder=\"0\" allow=\"accelerometer; autoplay; clipboard-write; encrypted-media; gyroscope; picture-in-picture\" allowfullscreen><\/iframe><\/p>\n<p>&nbsp;<\/p>\n<p><iframe loading=\"lazy\" title=\"ISUSOVE PRISPODOBE -  Milosrdni Samarijanac - crtani film\" width=\"584\" height=\"329\" src=\"https:\/\/www.youtube.com\/embed\/dRtELzdX4LM?feature=oembed\" frameborder=\"0\" allow=\"accelerometer; autoplay; clipboard-write; encrypted-media; gyroscope; picture-in-picture\" allowfullscreen><\/iframe><\/p>\n","protected":false},"excerpt":{"rendered":"<p>&nbsp; Pravo na \u017divot Gregohttps:\/\/web.facebook.com\/spasimonerodjene\/videos\/649517393498078rio ALLEGRI &#8211; Miserere Mei, Deus (+ Lyrics \/ OXFORD, Choir of New College) U prepunoj dvorani sportskog centra Gripe, u subotu 11. studenog 2017. godine, odr\u017ean je najve\u0107i koncert duhovne glazbe u povijesti grada Splita &hellip; <a href=\"http:\/\/josip-rukelj.from.hr\/?page_id=642\">Nastavi \u010ditati <span class=\"meta-nav\">&rarr;<\/span><\/a><\/p>\n","protected":false},"author":357,"featured_media":0,"parent":205,"menu_order":0,"comment_status":"closed","ping_status":"closed","template":"","meta":{"ngg_post_thumbnail":0},"yoast_head":"<!-- This site is optimized with the Yoast SEO plugin v17.5 - https:\/\/yoast.com\/wordpress\/plugins\/seo\/ -->\n<meta name=\"robots\" content=\"index, follow, max-snippet:-1, max-image-preview:large, max-video-preview:-1\" \/>\n<link rel=\"canonical\" href=\"http:\/\/josip-rukelj.from.hr\/?page_id=642\" \/>\n<meta property=\"og:locale\" content=\"hr_HR\" \/>\n<meta property=\"og:type\" content=\"article\" \/>\n<meta property=\"og:title\" content=\"Video (motivacija) - Religiozna kultura i etika\" \/>\n<meta property=\"og:description\" content=\"&nbsp; Pravo na \u017divot Gregohttps:\/\/web.facebook.com\/spasimonerodjene\/videos\/649517393498078rio ALLEGRI &#8211; Miserere Mei, Deus (+ Lyrics \/ OXFORD, Choir of New College) U prepunoj dvorani sportskog centra Gripe, u subotu 11. studenog 2017. godine, odr\u017ean je najve\u0107i koncert duhovne glazbe u povijesti grada Splita &hellip; Nastavi \u010ditati &rarr;\" \/>\n<meta property=\"og:url\" content=\"http:\/\/josip-rukelj.from.hr\/?page_id=642\" \/>\n<meta property=\"og:site_name\" content=\"Religiozna kultura i etika\" \/>\n<meta property=\"article:modified_time\" content=\"2022-11-27T21:18:21+00:00\" \/>\n<meta name=\"twitter:card\" content=\"summary\" \/>\n<meta name=\"twitter:label1\" content=\"Procijenjeno vrijeme \u010ditanja\" \/>\n\t<meta name=\"twitter:data1\" content=\"1 minuta\" \/>\n<script type=\"application\/ld+json\" class=\"yoast-schema-graph\">{\"@context\":\"https:\/\/schema.org\",\"@graph\":[{\"@type\":[\"Person\",\"Organization\"],\"@id\":\"http:\/\/josip-rukelj.from.hr\/#\/schema\/person\/aea8c0e9f30d13d5482591504b7e2d90\",\"name\":\"josip-rukelj\",\"logo\":{\"@id\":\"http:\/\/josip-rukelj.from.hr\/#personlogo\"},\"sameAs\":[\"http:\/\/www.josiprukelj.com\"]},{\"@type\":\"WebSite\",\"@id\":\"http:\/\/josip-rukelj.from.hr\/#website\",\"url\":\"http:\/\/josip-rukelj.from.hr\/\",\"name\":\"Religiozna kultura i etika\",\"description\":\"Upoznaj samog sebe\",\"publisher\":{\"@id\":\"http:\/\/josip-rukelj.from.hr\/#\/schema\/person\/aea8c0e9f30d13d5482591504b7e2d90\"},\"potentialAction\":[{\"@type\":\"SearchAction\",\"target\":{\"@type\":\"EntryPoint\",\"urlTemplate\":\"http:\/\/josip-rukelj.from.hr\/?s={search_term_string}\"},\"query-input\":\"required name=search_term_string\"}],\"inLanguage\":\"hr\"},{\"@type\":\"WebPage\",\"@id\":\"http:\/\/josip-rukelj.from.hr\/?page_id=642#webpage\",\"url\":\"http:\/\/josip-rukelj.from.hr\/?page_id=642\",\"name\":\"Video (motivacija) - Religiozna kultura i etika\",\"isPartOf\":{\"@id\":\"http:\/\/josip-rukelj.from.hr\/#website\"},\"datePublished\":\"2016-11-20T08:39:12+00:00\",\"dateModified\":\"2022-11-27T21:18:21+00:00\",\"breadcrumb\":{\"@id\":\"http:\/\/josip-rukelj.from.hr\/?page_id=642#breadcrumb\"},\"inLanguage\":\"hr\",\"potentialAction\":[{\"@type\":\"ReadAction\",\"target\":[\"http:\/\/josip-rukelj.from.hr\/?page_id=642\"]}]},{\"@type\":\"BreadcrumbList\",\"@id\":\"http:\/\/josip-rukelj.from.hr\/?page_id=642#breadcrumb\",\"itemListElement\":[{\"@type\":\"ListItem\",\"position\":1,\"name\":\"Home\",\"item\":\"http:\/\/josip-rukelj.from.hr\/\"},{\"@type\":\"ListItem\",\"position\":2,\"name\":\"Vjeronauk\",\"item\":\"http:\/\/josip-rukelj.from.hr\/?page_id=205\"},{\"@type\":\"ListItem\",\"position\":3,\"name\":\"Video (motivacija)\"}]}]}<\/script>\n<!-- \/ Yoast SEO plugin. -->","yoast_head_json":{"robots":{"index":"index","follow":"follow","max-snippet":"max-snippet:-1","max-image-preview":"max-image-preview:large","max-video-preview":"max-video-preview:-1"},"canonical":"http:\/\/josip-rukelj.from.hr\/?page_id=642","og_locale":"hr_HR","og_type":"article","og_title":"Video (motivacija) - Religiozna kultura i etika","og_description":"&nbsp; Pravo na \u017divot Gregohttps:\/\/web.facebook.com\/spasimonerodjene\/videos\/649517393498078rio ALLEGRI &#8211; Miserere Mei, Deus (+ Lyrics \/ OXFORD, Choir of New College) U prepunoj dvorani sportskog centra Gripe, u subotu 11. studenog 2017. godine, odr\u017ean je najve\u0107i koncert duhovne glazbe u povijesti grada Splita &hellip; Nastavi \u010ditati &rarr;","og_url":"http:\/\/josip-rukelj.from.hr\/?page_id=642","og_site_name":"Religiozna kultura i etika","article_modified_time":"2022-11-27T21:18:21+00:00","twitter_card":"summary","twitter_misc":{"Procijenjeno vrijeme \u010ditanja":"1 minuta"},"schema":{"@context":"https:\/\/schema.org","@graph":[{"@type":["Person","Organization"],"@id":"http:\/\/josip-rukelj.from.hr\/#\/schema\/person\/aea8c0e9f30d13d5482591504b7e2d90","name":"josip-rukelj","logo":{"@id":"http:\/\/josip-rukelj.from.hr\/#personlogo"},"sameAs":["http:\/\/www.josiprukelj.com"]},{"@type":"WebSite","@id":"http:\/\/josip-rukelj.from.hr\/#website","url":"http:\/\/josip-rukelj.from.hr\/","name":"Religiozna kultura i etika","description":"Upoznaj samog sebe","publisher":{"@id":"http:\/\/josip-rukelj.from.hr\/#\/schema\/person\/aea8c0e9f30d13d5482591504b7e2d90"},"potentialAction":[{"@type":"SearchAction","target":{"@type":"EntryPoint","urlTemplate":"http:\/\/josip-rukelj.from.hr\/?s={search_term_string}"},"query-input":"required name=search_term_string"}],"inLanguage":"hr"},{"@type":"WebPage","@id":"http:\/\/josip-rukelj.from.hr\/?page_id=642#webpage","url":"http:\/\/josip-rukelj.from.hr\/?page_id=642","name":"Video (motivacija) - Religiozna kultura i etika","isPartOf":{"@id":"http:\/\/josip-rukelj.from.hr\/#website"},"datePublished":"2016-11-20T08:39:12+00:00","dateModified":"2022-11-27T21:18:21+00:00","breadcrumb":{"@id":"http:\/\/josip-rukelj.from.hr\/?page_id=642#breadcrumb"},"inLanguage":"hr","potentialAction":[{"@type":"ReadAction","target":["http:\/\/josip-rukelj.from.hr\/?page_id=642"]}]},{"@type":"BreadcrumbList","@id":"http:\/\/josip-rukelj.from.hr\/?page_id=642#breadcrumb","itemListElement":[{"@type":"ListItem","position":1,"name":"Home","item":"http:\/\/josip-rukelj.from.hr\/"},{"@type":"ListItem","position":2,"name":"Vjeronauk","item":"http:\/\/josip-rukelj.from.hr\/?page_id=205"},{"@type":"ListItem","position":3,"name":"Video (motivacija)"}]}]}},"_links":{"self":[{"href":"http:\/\/josip-rukelj.from.hr\/index.php?rest_route=\/wp\/v2\/pages\/642"}],"collection":[{"href":"http:\/\/josip-rukelj.from.hr\/index.php?rest_route=\/wp\/v2\/pages"}],"about":[{"href":"http:\/\/josip-rukelj.from.hr\/index.php?rest_route=\/wp\/v2\/types\/page"}],"author":[{"embeddable":true,"href":"http:\/\/josip-rukelj.from.hr\/index.php?rest_route=\/wp\/v2\/users\/357"}],"replies":[{"embeddable":true,"href":"http:\/\/josip-rukelj.from.hr\/index.php?rest_route=%2Fwp%2Fv2%2Fcomments&post=642"}],"version-history":[{"count":38,"href":"http:\/\/josip-rukelj.from.hr\/index.php?rest_route=\/wp\/v2\/pages\/642\/revisions"}],"predecessor-version":[{"id":2186,"href":"http:\/\/josip-rukelj.from.hr\/index.php?rest_route=\/wp\/v2\/pages\/642\/revisions\/2186"}],"up":[{"embeddable":true,"href":"http:\/\/josip-rukelj.from.hr\/index.php?rest_route=\/wp\/v2\/pages\/205"}],"wp:attachment":[{"href":"http:\/\/josip-rukelj.from.hr\/index.php?rest_route=%2Fwp%2Fv2%2Fmedia&parent=642"}],"curies":[{"name":"wp","href":"https:\/\/api.w.org\/{rel}","templated":true}]}}