{"id":675,"date":"2016-12-13T08:56:34","date_gmt":"2016-12-13T07:56:34","guid":{"rendered":"http:\/\/josip-rukelj.from.hr\/?page_id=675"},"modified":"2016-12-13T08:58:37","modified_gmt":"2016-12-13T07:58:37","slug":"675-2","status":"publish","type":"page","link":"http:\/\/josip-rukelj.from.hr\/?page_id=675","title":{"rendered":"Aristotel (384.-324.pr.Kr.)"},"content":{"rendered":"<article class=\"post-3353 post type-post status-publish format-quote hentry category-filozofija clearfix isotope-item\">\n<div class=\"entry-inner clearfix\">\n<div class=\"entry-media-wrapper clearfix\">\n<div class=\"entry-title-wrapper clearfix\">\n<h1 class=\"entry-title\"><a href=\"http:\/\/citati.hr\/citat-989\">Svi ljudi po naravi te\u017ee znanju.<\/a><\/h1>\n<h1 class=\"entry-autor\"><a href=\"http:\/\/citati.hr\/autori-citata\/aristotel\">Aristotel<\/a><\/h1>\n<div id=\"likes-count-3353\" class=\"likeThis \"><\/div>\n<\/div>\n<\/div>\n<\/div>\n<\/article>\n<article class=\"post-3070 post type-post status-publish format-quote hentry category-drzava clearfix isotope-item\">\n<div class=\"entry-inner clearfix\">\n<div class=\"entry-media-wrapper clearfix\">\n<div class=\"entry-title-wrapper clearfix\">\n<h1 class=\"entry-title\"><a href=\"http:\/\/citati.hr\/citat-849\">Dr\u017eavom bolje upravlja izvrstan \u010dovjek nego izvrstan zakon.<\/a><\/h1>\n<h1 class=\"entry-autor\"><a href=\"http:\/\/citati.hr\/autori-citata\/aristotel\">Aristotel<\/a><\/h1>\n<div id=\"likes-count-3070\" class=\"likeThis \"><\/div>\n<\/div>\n<\/div>\n<\/div>\n<\/article>\n<article class=\"post-2032 post type-post status-publish format-quote hentry category-covjek-ljudi-covjecanstvo clearfix isotope-item\">\n<div class=\"entry-inner clearfix\">\n<div class=\"entry-media-wrapper clearfix\">\n<div class=\"entry-title-wrapper clearfix\">\n<h1 class=\"entry-title\"><a href=\"http:\/\/citati.hr\/citat-339\">\u010covjek koji je nesposoban sura\u0111ivati sa zajednicom, ili koji u svojoj samodostatnosti ne treba drugih, nije \u010dlan zajednice, kao niti divlja zvijer ili Bog.<\/a><\/h1>\n<h1 class=\"entry-autor\"><a href=\"http:\/\/citati.hr\/autori-citata\/aristotel\">Aristotel<\/a><\/h1>\n<div id=\"likes-count-2032\" class=\"likeThis \"><\/div>\n<\/div>\n<\/div>\n<\/div>\n<\/article>\n<article class=\"post-4372 post type-post status-publish format-quote hentry category-laz-laganje-neistina clearfix isotope-item\">\n<div class=\"entry-inner clearfix\">\n<div class=\"entry-media-wrapper clearfix\">\n<div class=\"entry-title-wrapper clearfix\">\n<h1 class=\"entry-title\"><a href=\"http:\/\/citati.hr\/citat-1487\">Sudbina la\u017eljivca je da im se ne vjeruje ni kada govore istinu.<\/a><\/h1>\n<h1 class=\"entry-autor\"><a href=\"http:\/\/citati.hr\/autori-citata\/aristotel\">Aristotel<\/a><\/h1>\n<div id=\"likes-count-4372\" class=\"likeThis \"><\/div>\n<\/div>\n<\/div>\n<\/div>\n<\/article>\n<article class=\"post-4773 post type-post status-publish format-quote hentry category-mane-poroci clearfix isotope-item\">\n<div class=\"entry-inner clearfix\">\n<div class=\"entry-media-wrapper clearfix\">\n<div class=\"entry-title-wrapper clearfix\">\n<h1 class=\"entry-title\"><a href=\"http:\/\/citati.hr\/citat-1687\">Nema tako velika uma s kojim nije pomije\u0161ano ludilo.<\/a><\/h1>\n<h1 class=\"entry-autor\"><a href=\"http:\/\/citati.hr\/autori-citata\/aristotel\">Aristotel<\/a><\/h1>\n<div id=\"likes-count-4773\" class=\"likeThis \"><\/div>\n<\/div>\n<\/div>\n<\/div>\n<\/article>\n<article class=\"post-10507 post type-post status-publish format-quote hentry category-mudrost-znanje-pamet clearfix isotope-item\">\n<div class=\"entry-inner clearfix\">\n<div class=\"entry-media-wrapper clearfix\">\n<div class=\"entry-title-wrapper clearfix\">\n<h1 class=\"entry-title\"><a href=\"http:\/\/citati.hr\/citat-4240\">Oni koji znaju, rade. Oni koji razumiju, podu\u010davaju.<\/a><\/h1>\n<h1 class=\"entry-autor\"><a href=\"http:\/\/citati.hr\/autori-citata\/aristotel\">Aristotel<\/a><\/h1>\n<div id=\"likes-count-10507\" class=\"likeThis \"><\/div>\n<\/div>\n<\/div>\n<\/div>\n<\/article>\n<article class=\"post-4676 post type-post status-publish format-quote hentry category-ljubav-zaljubljenost clearfix isotope-item\">\n<div class=\"entry-inner clearfix\">\n<div class=\"entry-media-wrapper clearfix\">\n<div class=\"entry-title-wrapper clearfix\">\n<h1 class=\"entry-title\"><a href=\"http:\/\/citati.hr\/citat-1639\">Vi\u0161e se voli ono \u0161to se te\u017ee dobije.<\/a><\/h1>\n<h1 class=\"entry-autor\"><a href=\"http:\/\/citati.hr\/autori-citata\/aristotel\">Aristotel<\/a><\/h1>\n<div id=\"likes-count-4676\" class=\"likeThis \"><\/div>\n<\/div>\n<\/div>\n<\/div>\n<\/article>\n<article class=\"post-10281 post type-post status-publish format-quote hentry category-zlo clearfix isotope-item\">\n<div class=\"entry-inner clearfix\">\n<div class=\"entry-media-wrapper clearfix\">\n<div class=\"entry-title-wrapper clearfix\">\n<h1 class=\"entry-title\"><a href=\"http:\/\/citati.hr\/citat-4128\">Onome koji je odlu\u010dio \u010diniti lo\u0161e nije te\u0161ko na\u0107i razlog da bi to u\u010dinio.<\/a><\/h1>\n<h1 class=\"entry-autor\"><a href=\"http:\/\/citati.hr\/autori-citata\/aristotel\">Aristotel<\/a><\/h1>\n<div id=\"likes-count-10281\" class=\"likeThis \"><\/div>\n<\/div>\n<\/div>\n<\/div>\n<\/article>\n<article class=\"post-5288 post type-post status-publish format-quote hentry category-moral-etika-oprost clearfix isotope-item\">\n<div class=\"entry-inner clearfix\">\n<div class=\"entry-media-wrapper clearfix\">\n<div class=\"entry-title-wrapper clearfix\">\n<h1 class=\"entry-title\"><a href=\"http:\/\/citati.hr\/citat-1938\">Stvar koja najbr\u017ee ostari je zahvalnost.<\/a><\/h1>\n<h1 class=\"entry-autor\"><a href=\"http:\/\/citati.hr\/autori-citata\/aristotel\">Aristotel<\/a><\/h1>\n<div id=\"likes-count-5288\" class=\"likeThis \"><\/div>\n<\/div>\n<\/div>\n<\/div>\n<\/article>\n<article class=\"post-6508 post type-post status-publish format-quote hentry category-politika clearfix isotope-item\">\n<div class=\"entry-inner clearfix\">\n<div class=\"entry-media-wrapper clearfix\">\n<div class=\"entry-title-wrapper clearfix\">\n<h1 class=\"entry-title\"><a href=\"http:\/\/citati.hr\/citat-2452\">Podre\u0111eni \u0107e se pobuniti da bi bili isti kao i drugi, a oni koji su isti, pobunit \u0107e se da bi bili superiorniji od drugih: to je uzrok svim prevratima.<\/a><\/h1>\n<h1 class=\"entry-autor\"><a href=\"http:\/\/citati.hr\/autori-citata\/aristotel\">Aristotel<\/a><\/h1>\n<div id=\"likes-count-6508\" class=\"likeThis \"><\/div>\n<\/div>\n<\/div>\n<\/div>\n<\/article>\n<article class=\"post-6158 post type-post status-publish format-quote hentry category-opce-tvrdnje clearfix isotope-item\">\n<div class=\"entry-inner clearfix\">\n<div class=\"entry-media-wrapper clearfix\">\n<div class=\"entry-title-wrapper clearfix\">\n<h1 class=\"entry-title\"><a href=\"http:\/\/citati.hr\/citat-2279\">I slijepa golubica ponekad prona\u0111e zrno.<\/a><\/h1>\n<h1 class=\"entry-autor\"><a href=\"http:\/\/citati.hr\/autori-citata\/aristotel\">Aristotel<\/a><\/h1>\n<div id=\"likes-count-6158\" class=\"likeThis \"><\/div>\n<\/div>\n<\/div>\n<\/div>\n<\/article>\n<article class=\"post-10431 post type-post status-publish format-quote hentry category-mudrost-znanje-pamet clearfix isotope-item\">\n<div class=\"entry-inner clearfix\">\n<div class=\"entry-media-wrapper clearfix\">\n<div class=\"entry-title-wrapper clearfix\">\n<h1 class=\"entry-title\"><a href=\"http:\/\/citati.hr\/citat-4202\">Znanje je vrlina.<\/a><\/h1>\n<h1 class=\"entry-autor\"><a href=\"http:\/\/citati.hr\/autori-citata\/aristotel\">Aristotel<\/a><\/h1>\n<div id=\"likes-count-10431\" class=\"likeThis \"><\/div>\n<\/div>\n<\/div>\n<\/div>\n<\/article>\n<article class=\"post-10387 post type-post status-publish format-quote hentry category-mudrost-znanje-pamet clearfix isotope-item\">\n<div class=\"entry-inner clearfix\">\n<div class=\"entry-media-wrapper clearfix\">\n<div class=\"entry-title-wrapper clearfix\">\n<h1 class=\"entry-title\"><a href=\"http:\/\/citati.hr\/citat-4180\">Korijeni u\u010denja su gorki, ali su plodovi slatki.<\/a><\/h1>\n<h1 class=\"entry-autor\"><a href=\"http:\/\/citati.hr\/autori-citata\/aristotel\">Aristotel<\/a><\/h1>\n<div id=\"likes-count-10387\" class=\"likeThis \"><\/div>\n<\/div>\n<\/div>\n<\/div>\n<\/article>\n<article class=\"post-4057 post type-post status-publish format-quote hentry category-karakter clearfix isotope-item\">\n<div class=\"entry-inner clearfix\">\n<div class=\"entry-media-wrapper clearfix\">\n<div class=\"entry-title-wrapper clearfix\">\n<h1 class=\"entry-title\"><a href=\"http:\/\/citati.hr\/citat-1332\">Tko sije misao, \u017eanje akciju; tko sije akciju, \u017eanje naviku; tko sije naviku, \u017eanje karakter; tko sije karakter, \u017eanje sudbinu.<\/a><\/h1>\n<h1 class=\"entry-autor\"><a href=\"http:\/\/citati.hr\/autori-citata\/aristotel\">Aristotel<\/a><\/h1>\n<div id=\"likes-count-4057\" class=\"likeThis \"><\/div>\n<\/div>\n<\/div>\n<\/div>\n<\/article>\n<article class=\"post-5937 post type-post status-publish format-quote hentry category-odgoj clearfix isotope-item\">\n<div class=\"entry-inner clearfix\">\n<div class=\"entry-media-wrapper clearfix\">\n<div class=\"entry-title-wrapper clearfix\">\n<h1 class=\"entry-title\"><a href=\"http:\/\/citati.hr\/citat-2170\">Duhovitost je drskost koja je stekla obrazovanje.<\/a><\/h1>\n<h1 class=\"entry-autor\"><a href=\"http:\/\/citati.hr\/autori-citata\/aristotel\">Aristotel<\/a><\/h1>\n<div id=\"likes-count-5937\" class=\"likeThis \"><\/div>\n<\/div>\n<\/div>\n<\/div>\n<\/article>\n<article class=\"post-9608 post type-post status-publish format-quote hentry category-umjetnost clearfix isotope-item\">\n<div class=\"entry-inner clearfix\">\n<div class=\"entry-media-wrapper clearfix\">\n<div class=\"entry-title-wrapper clearfix\">\n<h1 class=\"entry-title\"><a href=\"http:\/\/citati.hr\/citat-3796\">Pisac mora biti glumac koliko god mu je to mogu\u0107e.<\/a><\/h1>\n<h1 class=\"entry-autor\"><a href=\"http:\/\/citati.hr\/autori-citata\/aristotel\">Aristotel<\/a><\/h1>\n<div id=\"likes-count-9608\" class=\"likeThis \"><\/div>\n<\/div>\n<\/div>\n<\/div>\n<\/article>\n<article class=\"post-5413 post type-post status-publish format-quote hentry category-mudrost-znanje-pamet clearfix isotope-item\">\n<div class=\"entry-inner clearfix\">\n<div class=\"entry-media-wrapper clearfix\">\n<div class=\"entry-title-wrapper clearfix\">\n<h1 class=\"entry-title\"><a href=\"http:\/\/citati.hr\/citat-2000\">Pamet je ukras u blagostanju i uto\u010di\u0161\u0107e u nevolji.<\/a><\/h1>\n<h1 class=\"entry-autor\"><a href=\"http:\/\/citati.hr\/autori-citata\/aristotel\">Aristotel<\/a><\/h1>\n<div id=\"likes-count-5413\" class=\"likeThis \"><\/div>\n<\/div>\n<\/div>\n<\/div>\n<\/article>\n<article class=\"post-3956 post type-post status-publish format-quote hentry category-istina clearfix isotope-item\">\n<div class=\"entry-inner clearfix\">\n<div class=\"entry-media-wrapper clearfix\">\n<div class=\"entry-title-wrapper clearfix\">\n<h1 class=\"entry-title\"><a href=\"http:\/\/citati.hr\/citat-1285\">Ono \u0161to je nemogu\u0107e, ali je sli\u010dno istini bolje je od onoga \u0161to je mogu\u0107e, ali nije uvjerljivo.<\/a><\/h1>\n<h1 class=\"entry-autor\"><a href=\"http:\/\/citati.hr\/autori-citata\/aristotel\">Aristotel<\/a><\/h1>\n<div id=\"likes-count-3956\" class=\"likeThis \"><\/div>\n<\/div>\n<\/div>\n<\/div>\n<\/article>\n<article class=\"post-5490 post type-post status-publish format-quote hentry category-nada clearfix isotope-item\">\n<div class=\"entry-inner clearfix\">\n<div class=\"entry-media-wrapper clearfix\">\n<div class=\"entry-title-wrapper clearfix\">\n<h1 class=\"entry-title\"><a href=\"http:\/\/citati.hr\/citat-2038\">Nada je san budnih.<\/a><\/h1>\n<h1 class=\"entry-autor\"><a href=\"http:\/\/citati.hr\/autori-citata\/aristotel\">Aristotel<\/a><\/h1>\n<div id=\"likes-count-5490\" class=\"likeThis \"><\/div>\n<\/div>\n<\/div>\n<\/div>\n<\/article>\n<article class=\"post-4680 post type-post status-publish format-quote hentry category-ljubav-zaljubljenost clearfix isotope-item\">\n<div class=\"entry-inner clearfix\">\n<div class=\"entry-media-wrapper clearfix\">\n<div class=\"entry-title-wrapper clearfix\">\n<h1 class=\"entry-title\"><a href=\"http:\/\/citati.hr\/citat-1641\">Ljubav je sa\u010dinjena od jedne du\u0161e koja nastanjuje dvije osobe.<\/a><\/h1>\n<h1 class=\"entry-autor\"><a href=\"http:\/\/citati.hr\/autori-citata\/aristotel\">Aristotel<\/a><\/h1>\n<\/div>\n<\/div>\n<\/div>\n<\/article>\n","protected":false},"excerpt":{"rendered":"<p>Svi ljudi po naravi te\u017ee znanju. Aristotel Dr\u017eavom bolje upravlja izvrstan \u010dovjek nego izvrstan zakon. Aristotel \u010covjek koji je nesposoban sura\u0111ivati sa zajednicom, ili koji u svojoj samodostatnosti ne treba drugih, nije \u010dlan zajednice, kao niti divlja zvijer ili Bog. &hellip; <a href=\"http:\/\/josip-rukelj.from.hr\/?page_id=675\">Nastavi \u010ditati <span class=\"meta-nav\">&rarr;<\/span><\/a><\/p>\n","protected":false},"author":357,"featured_media":0,"parent":223,"menu_order":0,"comment_status":"closed","ping_status":"closed","template":"","meta":{"ngg_post_thumbnail":0},"yoast_head":"<!-- This site is optimized with the Yoast SEO plugin v17.5 - https:\/\/yoast.com\/wordpress\/plugins\/seo\/ -->\n<meta name=\"robots\" content=\"index, follow, max-snippet:-1, max-image-preview:large, max-video-preview:-1\" \/>\n<link rel=\"canonical\" href=\"http:\/\/josip-rukelj.from.hr\/?page_id=675\" \/>\n<meta property=\"og:locale\" content=\"hr_HR\" \/>\n<meta property=\"og:type\" content=\"article\" \/>\n<meta property=\"og:title\" content=\"Aristotel (384.-324.pr.Kr.) - Religiozna kultura i etika\" \/>\n<meta property=\"og:description\" content=\"Svi ljudi po naravi te\u017ee znanju. Aristotel Dr\u017eavom bolje upravlja izvrstan \u010dovjek nego izvrstan zakon. Aristotel \u010covjek koji je nesposoban sura\u0111ivati sa zajednicom, ili koji u svojoj samodostatnosti ne treba drugih, nije \u010dlan zajednice, kao niti divlja zvijer ili Bog. &hellip; Nastavi \u010ditati &rarr;\" \/>\n<meta property=\"og:url\" content=\"http:\/\/josip-rukelj.from.hr\/?page_id=675\" \/>\n<meta property=\"og:site_name\" content=\"Religiozna kultura i etika\" \/>\n<meta property=\"article:modified_time\" content=\"2016-12-13T07:58:37+00:00\" \/>\n<meta name=\"twitter:card\" content=\"summary\" \/>\n<meta name=\"twitter:label1\" content=\"Procijenjeno vrijeme \u010ditanja\" \/>\n\t<meta name=\"twitter:data1\" content=\"1 minuta\" \/>\n<script type=\"application\/ld+json\" class=\"yoast-schema-graph\">{\"@context\":\"https:\/\/schema.org\",\"@graph\":[{\"@type\":[\"Person\",\"Organization\"],\"@id\":\"http:\/\/josip-rukelj.from.hr\/#\/schema\/person\/aea8c0e9f30d13d5482591504b7e2d90\",\"name\":\"josip-rukelj\",\"logo\":{\"@id\":\"http:\/\/josip-rukelj.from.hr\/#personlogo\"},\"sameAs\":[\"http:\/\/www.josiprukelj.com\"]},{\"@type\":\"WebSite\",\"@id\":\"http:\/\/josip-rukelj.from.hr\/#website\",\"url\":\"http:\/\/josip-rukelj.from.hr\/\",\"name\":\"Religiozna kultura i etika\",\"description\":\"Upoznaj samog sebe\",\"publisher\":{\"@id\":\"http:\/\/josip-rukelj.from.hr\/#\/schema\/person\/aea8c0e9f30d13d5482591504b7e2d90\"},\"potentialAction\":[{\"@type\":\"SearchAction\",\"target\":{\"@type\":\"EntryPoint\",\"urlTemplate\":\"http:\/\/josip-rukelj.from.hr\/?s={search_term_string}\"},\"query-input\":\"required name=search_term_string\"}],\"inLanguage\":\"hr\"},{\"@type\":\"WebPage\",\"@id\":\"http:\/\/josip-rukelj.from.hr\/?page_id=675#webpage\",\"url\":\"http:\/\/josip-rukelj.from.hr\/?page_id=675\",\"name\":\"Aristotel (384.-324.pr.Kr.) - Religiozna kultura i etika\",\"isPartOf\":{\"@id\":\"http:\/\/josip-rukelj.from.hr\/#website\"},\"datePublished\":\"2016-12-13T07:56:34+00:00\",\"dateModified\":\"2016-12-13T07:58:37+00:00\",\"breadcrumb\":{\"@id\":\"http:\/\/josip-rukelj.from.hr\/?page_id=675#breadcrumb\"},\"inLanguage\":\"hr\",\"potentialAction\":[{\"@type\":\"ReadAction\",\"target\":[\"http:\/\/josip-rukelj.from.hr\/?page_id=675\"]}]},{\"@type\":\"BreadcrumbList\",\"@id\":\"http:\/\/josip-rukelj.from.hr\/?page_id=675#breadcrumb\",\"itemListElement\":[{\"@type\":\"ListItem\",\"position\":1,\"name\":\"Home\",\"item\":\"http:\/\/josip-rukelj.from.hr\/\"},{\"@type\":\"ListItem\",\"position\":2,\"name\":\"Etika\",\"item\":\"http:\/\/josip-rukelj.from.hr\/?page_id=223\"},{\"@type\":\"ListItem\",\"position\":3,\"name\":\"Aristotel (384.-324.pr.Kr.)\"}]}]}<\/script>\n<!-- \/ Yoast SEO plugin. -->","yoast_head_json":{"robots":{"index":"index","follow":"follow","max-snippet":"max-snippet:-1","max-image-preview":"max-image-preview:large","max-video-preview":"max-video-preview:-1"},"canonical":"http:\/\/josip-rukelj.from.hr\/?page_id=675","og_locale":"hr_HR","og_type":"article","og_title":"Aristotel (384.-324.pr.Kr.) - Religiozna kultura i etika","og_description":"Svi ljudi po naravi te\u017ee znanju. Aristotel Dr\u017eavom bolje upravlja izvrstan \u010dovjek nego izvrstan zakon. Aristotel \u010covjek koji je nesposoban sura\u0111ivati sa zajednicom, ili koji u svojoj samodostatnosti ne treba drugih, nije \u010dlan zajednice, kao niti divlja zvijer ili Bog. &hellip; Nastavi \u010ditati &rarr;","og_url":"http:\/\/josip-rukelj.from.hr\/?page_id=675","og_site_name":"Religiozna kultura i etika","article_modified_time":"2016-12-13T07:58:37+00:00","twitter_card":"summary","twitter_misc":{"Procijenjeno vrijeme \u010ditanja":"1 minuta"},"schema":{"@context":"https:\/\/schema.org","@graph":[{"@type":["Person","Organization"],"@id":"http:\/\/josip-rukelj.from.hr\/#\/schema\/person\/aea8c0e9f30d13d5482591504b7e2d90","name":"josip-rukelj","logo":{"@id":"http:\/\/josip-rukelj.from.hr\/#personlogo"},"sameAs":["http:\/\/www.josiprukelj.com"]},{"@type":"WebSite","@id":"http:\/\/josip-rukelj.from.hr\/#website","url":"http:\/\/josip-rukelj.from.hr\/","name":"Religiozna kultura i etika","description":"Upoznaj samog sebe","publisher":{"@id":"http:\/\/josip-rukelj.from.hr\/#\/schema\/person\/aea8c0e9f30d13d5482591504b7e2d90"},"potentialAction":[{"@type":"SearchAction","target":{"@type":"EntryPoint","urlTemplate":"http:\/\/josip-rukelj.from.hr\/?s={search_term_string}"},"query-input":"required name=search_term_string"}],"inLanguage":"hr"},{"@type":"WebPage","@id":"http:\/\/josip-rukelj.from.hr\/?page_id=675#webpage","url":"http:\/\/josip-rukelj.from.hr\/?page_id=675","name":"Aristotel (384.-324.pr.Kr.) - Religiozna kultura i etika","isPartOf":{"@id":"http:\/\/josip-rukelj.from.hr\/#website"},"datePublished":"2016-12-13T07:56:34+00:00","dateModified":"2016-12-13T07:58:37+00:00","breadcrumb":{"@id":"http:\/\/josip-rukelj.from.hr\/?page_id=675#breadcrumb"},"inLanguage":"hr","potentialAction":[{"@type":"ReadAction","target":["http:\/\/josip-rukelj.from.hr\/?page_id=675"]}]},{"@type":"BreadcrumbList","@id":"http:\/\/josip-rukelj.from.hr\/?page_id=675#breadcrumb","itemListElement":[{"@type":"ListItem","position":1,"name":"Home","item":"http:\/\/josip-rukelj.from.hr\/"},{"@type":"ListItem","position":2,"name":"Etika","item":"http:\/\/josip-rukelj.from.hr\/?page_id=223"},{"@type":"ListItem","position":3,"name":"Aristotel (384.-324.pr.Kr.)"}]}]}},"_links":{"self":[{"href":"http:\/\/josip-rukelj.from.hr\/index.php?rest_route=\/wp\/v2\/pages\/675"}],"collection":[{"href":"http:\/\/josip-rukelj.from.hr\/index.php?rest_route=\/wp\/v2\/pages"}],"about":[{"href":"http:\/\/josip-rukelj.from.hr\/index.php?rest_route=\/wp\/v2\/types\/page"}],"author":[{"embeddable":true,"href":"http:\/\/josip-rukelj.from.hr\/index.php?rest_route=\/wp\/v2\/users\/357"}],"replies":[{"embeddable":true,"href":"http:\/\/josip-rukelj.from.hr\/index.php?rest_route=%2Fwp%2Fv2%2Fcomments&post=675"}],"version-history":[{"count":3,"href":"http:\/\/josip-rukelj.from.hr\/index.php?rest_route=\/wp\/v2\/pages\/675\/revisions"}],"predecessor-version":[{"id":678,"href":"http:\/\/josip-rukelj.from.hr\/index.php?rest_route=\/wp\/v2\/pages\/675\/revisions\/678"}],"up":[{"embeddable":true,"href":"http:\/\/josip-rukelj.from.hr\/index.php?rest_route=\/wp\/v2\/pages\/223"}],"wp:attachment":[{"href":"http:\/\/josip-rukelj.from.hr\/index.php?rest_route=%2Fwp%2Fv2%2Fmedia&parent=675"}],"curies":[{"name":"wp","href":"https:\/\/api.w.org\/{rel}","templated":true}]}}