{"id":774,"date":"2017-09-28T08:31:01","date_gmt":"2017-09-28T07:31:01","guid":{"rendered":"http:\/\/josip-rukelj.from.hr\/?page_id=774"},"modified":"2017-09-28T08:34:01","modified_gmt":"2017-09-28T07:34:01","slug":"krizevi","status":"publish","type":"page","link":"http:\/\/josip-rukelj.from.hr\/?page_id=774","title":{"rendered":"Kri\u017eevi"},"content":{"rendered":"<h2>Znak tau \u2013 \u010diji je to znak i koje je njegovo zna\u010denje?<\/h2>\n<blockquote data-secret=\"8UPmb6XzAu\" class=\"wp-embedded-content\"><p><a href=\"https:\/\/www.bitno.net\/vjera\/pitajte-svecenika\/znak-tau-ciji-je-to-znak-i-koje-je-njegovo-znacenje\/\">Znak tau &#8211; \u010diji je to znak i koje je njegovo zna\u010denje?<\/a><\/p><\/blockquote>\n<p><iframe class=\"wp-embedded-content\" sandbox=\"allow-scripts\" security=\"restricted\" style=\"position: absolute; clip: rect(1px, 1px, 1px, 1px);\" src=\"https:\/\/www.bitno.net\/vjera\/pitajte-svecenika\/znak-tau-ciji-je-to-znak-i-koje-je-njegovo-znacenje\/embed\/#?secret=8UPmb6XzAu\" data-secret=\"8UPmb6XzAu\" width=\"584\" height=\"329\" title=\"&#8220;Znak tau &#8211; \u010diji je to znak i koje je njegovo zna\u010denje?&#8221; &#8212; Bitno.net\" frameborder=\"0\" marginwidth=\"0\" marginheight=\"0\" scrolling=\"no\"><\/iframe><\/p>\n<p>Znak&nbsp;<em>tau<\/em>, kao simbol \u017eivota, susre\u0107emo ve\u0107 u starom Egiptu i u kulturama s kojima je dolazio u doticaj starozavjetni Bo\u017eji narod. U Starom zavjetu na nj nailazimo kod proroka Ezekiela gdje stoji zapisano:&nbsp;<em>Pro\u0111i posred grada Jeruzalema i upi\u0161i znak \u00b4tau\u00b4 na \u010delo svih koji zapoma\u017eu i uzdi\u0161u nad grozotama po\u010dinjenima u Gradu<\/em>&nbsp;(Ez 9,4). Taj \u0107e znak biti znak raspoznavanja koji \u0107e ozna\u010dene spasiti od smrti zatorne. Sama pak rije\u010d&nbsp;<em>tau<\/em>&nbsp;ime je zadnjega slova hebrejskoga alfabeta, a zna\u010di znak, biljeg, pe\u010dat. U tom ga je smislu onda i spomenuo prorok Ezekiel. Kako taj znak ne samo da ima oblik kri\u017ea, nego neki teoreti\u010dari i danas, a posebice to vrijedi za srednji vijek, dr\u017ee da je to izvorni oblik kri\u017ea na kojem je raspet i Isus Krist, on je prihva\u0107en kao najsvetiji znak, kao znak spasenja, tj. kao Kristov kri\u017e. U tom je zna\u010denju onda&nbsp;<em>tau<\/em>&nbsp;prili\u010dno prisutan u kr\u0161\u0107anskoj ikonografiji.<\/p>\n<p><a href=\"http:\/\/josip-rukelj.from.hr\/files\/2017\/09\/Krizevi-natpisi.jpg\"><img loading=\"lazy\" class=\"alignnone size-medium wp-image-777\" src=\"http:\/\/josip-rukelj.from.hr\/files\/2017\/09\/Krizevi-natpisi-300x231.jpg\" alt=\"\" width=\"300\" height=\"231\" srcset=\"http:\/\/josip-rukelj.from.hr\/files\/2017\/09\/Krizevi-natpisi-300x231.jpg 300w, http:\/\/josip-rukelj.from.hr\/files\/2017\/09\/Krizevi-natpisi-768x590.jpg 768w, http:\/\/josip-rukelj.from.hr\/files\/2017\/09\/Krizevi-natpisi-1024x787.jpg 1024w, http:\/\/josip-rukelj.from.hr\/files\/2017\/09\/Krizevi-natpisi-390x300.jpg 390w\" sizes=\"(max-width: 300px) 100vw, 300px\" \/><\/a> <a href=\"http:\/\/josip-rukelj.from.hr\/files\/2017\/09\/Krizevi.jpg\"><img loading=\"lazy\" class=\"alignnone size-medium wp-image-776\" src=\"http:\/\/josip-rukelj.from.hr\/files\/2017\/09\/Krizevi-196x300.jpg\" alt=\"\" width=\"196\" height=\"300\" srcset=\"http:\/\/josip-rukelj.from.hr\/files\/2017\/09\/Krizevi-196x300.jpg 196w, http:\/\/josip-rukelj.from.hr\/files\/2017\/09\/Krizevi-768x1176.jpg 768w, http:\/\/josip-rukelj.from.hr\/files\/2017\/09\/Krizevi-669x1024.jpg 669w, http:\/\/josip-rukelj.from.hr\/files\/2017\/09\/Krizevi.jpg 1189w\" sizes=\"(max-width: 196px) 100vw, 196px\" \/><\/a><\/p>\n","protected":false},"excerpt":{"rendered":"<p>Znak tau \u2013 \u010diji je to znak i koje je njegovo zna\u010denje? Znak tau &#8211; \u010diji je to znak i koje je njegovo zna\u010denje? Znak&nbsp;tau, kao simbol \u017eivota, susre\u0107emo ve\u0107 u starom Egiptu i u kulturama s kojima je dolazio &hellip; <a href=\"http:\/\/josip-rukelj.from.hr\/?page_id=774\">Nastavi \u010ditati <span class=\"meta-nav\">&rarr;<\/span><\/a><\/p>\n","protected":false},"author":357,"featured_media":0,"parent":205,"menu_order":0,"comment_status":"closed","ping_status":"closed","template":"","meta":{"ngg_post_thumbnail":0},"yoast_head":"<!-- This site is optimized with the Yoast SEO plugin v17.5 - https:\/\/yoast.com\/wordpress\/plugins\/seo\/ -->\n<meta name=\"robots\" content=\"index, follow, max-snippet:-1, max-image-preview:large, max-video-preview:-1\" \/>\n<link rel=\"canonical\" href=\"http:\/\/josip-rukelj.from.hr\/?page_id=774\" \/>\n<meta property=\"og:locale\" content=\"hr_HR\" \/>\n<meta property=\"og:type\" content=\"article\" \/>\n<meta property=\"og:title\" content=\"Kri\u017eevi - Religiozna kultura i etika\" \/>\n<meta property=\"og:description\" content=\"Znak tau \u2013 \u010diji je to znak i koje je njegovo zna\u010denje? Znak tau &#8211; \u010diji je to znak i koje je njegovo zna\u010denje? Znak&nbsp;tau, kao simbol \u017eivota, susre\u0107emo ve\u0107 u starom Egiptu i u kulturama s kojima je dolazio &hellip; Nastavi \u010ditati &rarr;\" \/>\n<meta property=\"og:url\" content=\"http:\/\/josip-rukelj.from.hr\/?page_id=774\" \/>\n<meta property=\"og:site_name\" content=\"Religiozna kultura i etika\" \/>\n<meta property=\"article:modified_time\" content=\"2017-09-28T07:34:01+00:00\" \/>\n<meta property=\"og:image\" content=\"http:\/\/josip-rukelj.from.hr\/files\/2017\/09\/Krizevi-natpisi-300x231.jpg\" \/>\n<meta name=\"twitter:card\" content=\"summary\" \/>\n<meta name=\"twitter:label1\" content=\"Procijenjeno vrijeme \u010ditanja\" \/>\n\t<meta name=\"twitter:data1\" content=\"1 minuta\" \/>\n<script type=\"application\/ld+json\" class=\"yoast-schema-graph\">{\"@context\":\"https:\/\/schema.org\",\"@graph\":[{\"@type\":[\"Person\",\"Organization\"],\"@id\":\"http:\/\/josip-rukelj.from.hr\/#\/schema\/person\/aea8c0e9f30d13d5482591504b7e2d90\",\"name\":\"josip-rukelj\",\"logo\":{\"@id\":\"http:\/\/josip-rukelj.from.hr\/#personlogo\"},\"sameAs\":[\"http:\/\/www.josiprukelj.com\"]},{\"@type\":\"WebSite\",\"@id\":\"http:\/\/josip-rukelj.from.hr\/#website\",\"url\":\"http:\/\/josip-rukelj.from.hr\/\",\"name\":\"Religiozna kultura i etika\",\"description\":\"Upoznaj samog sebe\",\"publisher\":{\"@id\":\"http:\/\/josip-rukelj.from.hr\/#\/schema\/person\/aea8c0e9f30d13d5482591504b7e2d90\"},\"potentialAction\":[{\"@type\":\"SearchAction\",\"target\":{\"@type\":\"EntryPoint\",\"urlTemplate\":\"http:\/\/josip-rukelj.from.hr\/?s={search_term_string}\"},\"query-input\":\"required name=search_term_string\"}],\"inLanguage\":\"hr\"},{\"@type\":\"ImageObject\",\"@id\":\"http:\/\/josip-rukelj.from.hr\/?page_id=774#primaryimage\",\"inLanguage\":\"hr\",\"url\":\"http:\/\/josip-rukelj.from.hr\/files\/2017\/09\/Krizevi-natpisi-300x231.jpg\",\"contentUrl\":\"http:\/\/josip-rukelj.from.hr\/files\/2017\/09\/Krizevi-natpisi-300x231.jpg\"},{\"@type\":\"WebPage\",\"@id\":\"http:\/\/josip-rukelj.from.hr\/?page_id=774#webpage\",\"url\":\"http:\/\/josip-rukelj.from.hr\/?page_id=774\",\"name\":\"Kri\\u017eevi - Religiozna kultura i etika\",\"isPartOf\":{\"@id\":\"http:\/\/josip-rukelj.from.hr\/#website\"},\"primaryImageOfPage\":{\"@id\":\"http:\/\/josip-rukelj.from.hr\/?page_id=774#primaryimage\"},\"datePublished\":\"2017-09-28T07:31:01+00:00\",\"dateModified\":\"2017-09-28T07:34:01+00:00\",\"breadcrumb\":{\"@id\":\"http:\/\/josip-rukelj.from.hr\/?page_id=774#breadcrumb\"},\"inLanguage\":\"hr\",\"potentialAction\":[{\"@type\":\"ReadAction\",\"target\":[\"http:\/\/josip-rukelj.from.hr\/?page_id=774\"]}]},{\"@type\":\"BreadcrumbList\",\"@id\":\"http:\/\/josip-rukelj.from.hr\/?page_id=774#breadcrumb\",\"itemListElement\":[{\"@type\":\"ListItem\",\"position\":1,\"name\":\"Home\",\"item\":\"http:\/\/josip-rukelj.from.hr\/\"},{\"@type\":\"ListItem\",\"position\":2,\"name\":\"Vjeronauk\",\"item\":\"http:\/\/josip-rukelj.from.hr\/?page_id=205\"},{\"@type\":\"ListItem\",\"position\":3,\"name\":\"Kri\\u017eevi\"}]}]}<\/script>\n<!-- \/ Yoast SEO plugin. -->","yoast_head_json":{"robots":{"index":"index","follow":"follow","max-snippet":"max-snippet:-1","max-image-preview":"max-image-preview:large","max-video-preview":"max-video-preview:-1"},"canonical":"http:\/\/josip-rukelj.from.hr\/?page_id=774","og_locale":"hr_HR","og_type":"article","og_title":"Kri\u017eevi - Religiozna kultura i etika","og_description":"Znak tau \u2013 \u010diji je to znak i koje je njegovo zna\u010denje? Znak tau &#8211; \u010diji je to znak i koje je njegovo zna\u010denje? Znak&nbsp;tau, kao simbol \u017eivota, susre\u0107emo ve\u0107 u starom Egiptu i u kulturama s kojima je dolazio &hellip; Nastavi \u010ditati &rarr;","og_url":"http:\/\/josip-rukelj.from.hr\/?page_id=774","og_site_name":"Religiozna kultura i etika","article_modified_time":"2017-09-28T07:34:01+00:00","og_image":[{"url":"http:\/\/josip-rukelj.from.hr\/files\/2017\/09\/Krizevi-natpisi-300x231.jpg"}],"twitter_card":"summary","twitter_misc":{"Procijenjeno vrijeme \u010ditanja":"1 minuta"},"schema":{"@context":"https:\/\/schema.org","@graph":[{"@type":["Person","Organization"],"@id":"http:\/\/josip-rukelj.from.hr\/#\/schema\/person\/aea8c0e9f30d13d5482591504b7e2d90","name":"josip-rukelj","logo":{"@id":"http:\/\/josip-rukelj.from.hr\/#personlogo"},"sameAs":["http:\/\/www.josiprukelj.com"]},{"@type":"WebSite","@id":"http:\/\/josip-rukelj.from.hr\/#website","url":"http:\/\/josip-rukelj.from.hr\/","name":"Religiozna kultura i etika","description":"Upoznaj samog sebe","publisher":{"@id":"http:\/\/josip-rukelj.from.hr\/#\/schema\/person\/aea8c0e9f30d13d5482591504b7e2d90"},"potentialAction":[{"@type":"SearchAction","target":{"@type":"EntryPoint","urlTemplate":"http:\/\/josip-rukelj.from.hr\/?s={search_term_string}"},"query-input":"required name=search_term_string"}],"inLanguage":"hr"},{"@type":"ImageObject","@id":"http:\/\/josip-rukelj.from.hr\/?page_id=774#primaryimage","inLanguage":"hr","url":"http:\/\/josip-rukelj.from.hr\/files\/2017\/09\/Krizevi-natpisi-300x231.jpg","contentUrl":"http:\/\/josip-rukelj.from.hr\/files\/2017\/09\/Krizevi-natpisi-300x231.jpg"},{"@type":"WebPage","@id":"http:\/\/josip-rukelj.from.hr\/?page_id=774#webpage","url":"http:\/\/josip-rukelj.from.hr\/?page_id=774","name":"Kri\u017eevi - Religiozna kultura i etika","isPartOf":{"@id":"http:\/\/josip-rukelj.from.hr\/#website"},"primaryImageOfPage":{"@id":"http:\/\/josip-rukelj.from.hr\/?page_id=774#primaryimage"},"datePublished":"2017-09-28T07:31:01+00:00","dateModified":"2017-09-28T07:34:01+00:00","breadcrumb":{"@id":"http:\/\/josip-rukelj.from.hr\/?page_id=774#breadcrumb"},"inLanguage":"hr","potentialAction":[{"@type":"ReadAction","target":["http:\/\/josip-rukelj.from.hr\/?page_id=774"]}]},{"@type":"BreadcrumbList","@id":"http:\/\/josip-rukelj.from.hr\/?page_id=774#breadcrumb","itemListElement":[{"@type":"ListItem","position":1,"name":"Home","item":"http:\/\/josip-rukelj.from.hr\/"},{"@type":"ListItem","position":2,"name":"Vjeronauk","item":"http:\/\/josip-rukelj.from.hr\/?page_id=205"},{"@type":"ListItem","position":3,"name":"Kri\u017eevi"}]}]}},"_links":{"self":[{"href":"http:\/\/josip-rukelj.from.hr\/index.php?rest_route=\/wp\/v2\/pages\/774"}],"collection":[{"href":"http:\/\/josip-rukelj.from.hr\/index.php?rest_route=\/wp\/v2\/pages"}],"about":[{"href":"http:\/\/josip-rukelj.from.hr\/index.php?rest_route=\/wp\/v2\/types\/page"}],"author":[{"embeddable":true,"href":"http:\/\/josip-rukelj.from.hr\/index.php?rest_route=\/wp\/v2\/users\/357"}],"replies":[{"embeddable":true,"href":"http:\/\/josip-rukelj.from.hr\/index.php?rest_route=%2Fwp%2Fv2%2Fcomments&post=774"}],"version-history":[{"count":2,"href":"http:\/\/josip-rukelj.from.hr\/index.php?rest_route=\/wp\/v2\/pages\/774\/revisions"}],"predecessor-version":[{"id":778,"href":"http:\/\/josip-rukelj.from.hr\/index.php?rest_route=\/wp\/v2\/pages\/774\/revisions\/778"}],"up":[{"embeddable":true,"href":"http:\/\/josip-rukelj.from.hr\/index.php?rest_route=\/wp\/v2\/pages\/205"}],"wp:attachment":[{"href":"http:\/\/josip-rukelj.from.hr\/index.php?rest_route=%2Fwp%2Fv2%2Fmedia&parent=774"}],"curies":[{"name":"wp","href":"https:\/\/api.w.org\/{rel}","templated":true}]}}