{"id":986,"date":"2018-08-14T19:52:50","date_gmt":"2018-08-14T18:52:50","guid":{"rendered":"http:\/\/josip-rukelj.from.hr\/?page_id=986"},"modified":"2024-06-29T20:24:06","modified_gmt":"2024-06-29T19:24:06","slug":"kviz-bitno-net","status":"publish","type":"page","link":"http:\/\/josip-rukelj.from.hr\/?page_id=986","title":{"rendered":"Kviz (Bitno.net)"},"content":{"rendered":"<h1 class=\"mb-3 font-sans text-3xl font-bold leading-tight md:text-4xl\"><a href=\"https:\/\/www.bitno.net\/vjera\/formacija\/kviz-apostolski-prvaci-sveti-petar-i-pavao\/\" target=\"_blank\" rel=\"noopener\">KVIZ Provjeri koliko dobro poznaje\u0161 sv. Petra i Pavla<\/a><\/h1>\n<hr>\n<blockquote class=\"wp-embedded-content\" data-secret=\"3Vu5pjhyQi\"><p><a href=\"https:\/\/www.bitno.net\/vjera\/rijesi-krizaljku-i-pokazi-svoje-znanje-o-adventu\/\">Rije\u0161i kri\u017ealjku i poka\u017ei svoje znanje o adventu!<\/a><\/p><\/blockquote>\n<p><iframe class=\"wp-embedded-content\" sandbox=\"allow-scripts\" security=\"restricted\" style=\"position: absolute; clip: rect(1px, 1px, 1px, 1px);\" title=\"&#8220;Rije\u0161i kri\u017ealjku i poka\u017ei svoje znanje o adventu!&#8221; &#8212; Bitno.net\" src=\"https:\/\/www.bitno.net\/vjera\/rijesi-krizaljku-i-pokazi-svoje-znanje-o-adventu\/embed\/#?secret=5RLJeDbj4Y#?secret=3Vu5pjhyQi\" data-secret=\"3Vu5pjhyQi\" width=\"584\" height=\"329\" frameborder=\"0\" marginwidth=\"0\" marginheight=\"0\" scrolling=\"no\"><\/iframe><\/p>\n<hr>\n<blockquote class=\"wp-embedded-content\" data-secret=\"N2M5WVF29B\"><p><a href=\"https:\/\/www.bitno.net\/vjera\/formacija\/kviz-veliki-tjedan\/\">KVIZ Provjerite svoje znanje o doga\u0111ajima Velikog tjedna!<\/a><\/p><\/blockquote>\n<p><iframe class=\"wp-embedded-content\" sandbox=\"allow-scripts\" security=\"restricted\" style=\"position: absolute; clip: rect(1px, 1px, 1px, 1px);\" title=\"&#8220;KVIZ Provjerite svoje znanje o doga\u0111ajima Velikog tjedna!&#8221; &#8212; Bitno.net\" src=\"https:\/\/www.bitno.net\/vjera\/formacija\/kviz-veliki-tjedan\/embed\/#?secret=eZ595w8P75#?secret=N2M5WVF29B\" data-secret=\"N2M5WVF29B\" width=\"584\" height=\"329\" frameborder=\"0\" marginwidth=\"0\" marginheight=\"0\" scrolling=\"no\"><\/iframe><\/p>\n<hr>\n<blockquote data-secret=\"6JP3QAYzsx\" class=\"wp-embedded-content\"><p><a href=\"https:\/\/www.bitno.net\/vjera\/formacija\/kviz-20-poucnih-i-zanimljivih-bozicnih-pitanja\/\">KVIZ 20 pou\u010dnih i zanimljivih bo\u017ei\u0107nih pitanja<\/a><\/p><\/blockquote>\n<p><iframe class=\"wp-embedded-content\" sandbox=\"allow-scripts\" security=\"restricted\" style=\"position: absolute; clip: rect(1px, 1px, 1px, 1px);\" src=\"https:\/\/www.bitno.net\/vjera\/formacija\/kviz-20-poucnih-i-zanimljivih-bozicnih-pitanja\/embed\/#?secret=6JP3QAYzsx\" data-secret=\"6JP3QAYzsx\" width=\"584\" height=\"329\" title=\"&#8220;KVIZ 20 pou\u010dnih i zanimljivih bo\u017ei\u0107nih pitanja&#8221; &#8212; Bitno.net\" frameborder=\"0\" marginwidth=\"0\" marginheight=\"0\" scrolling=\"no\"><\/iframe><\/p>\n<hr>\n<blockquote data-secret=\"EPTO9eLpuD\" class=\"wp-embedded-content\"><p><a href=\"https:\/\/www.bitno.net\/vjera\/formacija\/kviz-koliko-dobro-poznajes-novi-zavjet\/\">[KVIZ] Koliko dobro poznaje\u0161 Novi zavjet?<\/a><\/p><\/blockquote>\n<p><iframe class=\"wp-embedded-content\" sandbox=\"allow-scripts\" security=\"restricted\" style=\"position: absolute; clip: rect(1px, 1px, 1px, 1px);\" src=\"https:\/\/www.bitno.net\/vjera\/formacija\/kviz-koliko-dobro-poznajes-novi-zavjet\/embed\/#?secret=EPTO9eLpuD\" data-secret=\"EPTO9eLpuD\" width=\"584\" height=\"329\" title=\"&#8220;[KVIZ] Koliko dobro poznaje\u0161 Novi zavjet?&#8221; &#8212; Bitno.net\" frameborder=\"0\" marginwidth=\"0\" marginheight=\"0\" scrolling=\"no\"><\/iframe><\/p>\n<hr>\n<h1 class=\"Single-article__h1\"><a href=\"https:\/\/www.bitno.net\/vjera\/formacija\/kviz-sakrament-ispovijedi\/\" target=\"_blank\" rel=\"noopener\">[KVIZ] Provjerite svoje znanje o sakramentu ispovijedi<\/a><\/h1>\n<h1 class=\"Single-article__h1\"><a href=\"https:\/\/www.bitno.net\/vjera\/formacija\/kviz-prepoznajte-hrvatske-katedrale\/\" target=\"_blank\" rel=\"noopener\">[KVIZ] Prepoznajte hrvatske katedrale!<\/a><\/h1>\n<h1 class=\"Single-article__h1\"><a href=\"https:\/\/www.bitno.net\/vjera\/formacija\/kviz-prepoznajete-li-ove-biblijske-zene\/\" target=\"_blank\" rel=\"noopener\">[KVIZ] Prepoznajete li ove \u017eenske likove iz Svetog pisma?<\/a><\/h1>\n<h1 class=\"Single-article__h1\"><a href=\"https:\/\/www.bitno.net\/vjera\/formacija\/kviz-apostolski-prvaci-sveti-petar-i-pavao\/\" target=\"_blank\" rel=\"noopener\">[KVIZ] Provjeri koliko dobro poznaje\u0161 Apostolske prvake<\/a><\/h1>\n<h1 class=\"Single-article__h1\"><a href=\"https:\/\/www.bitno.net\/vjera\/formacija\/euharistija\/\" target=\"_blank\" rel=\"noopener\">[KVIZ] Odgovori na 14 pitanja o euharistiji i ocijenit \u0107e te sv. Toma Akvinski!<\/a><\/h1>\n<h1 class=\"Single-article__h1\"><a href=\"https:\/\/www.bitno.net\/vjera\/formacija\/kviz-prepoznajte-redovnicko-geslo\/\">[KVIZ] Prepoznajte kojim redovnicima pripadaju ova gesla!<\/a><\/h1>\n<h1 class=\"Single-article__h1\"><a href=\"https:\/\/www.bitno.net\/vjera\/formacija\/provjeri-kakav-si-stovatelj-blazene-djevice-marije-2\">[KVIZ] Provjeri kakav si \u0161tovatelj Bla\u017eene Djevice Marije!<\/a><\/h1>\n<h1 class=\"Single-article__h1\"><a href=\"https:\/\/www.bitno.net\/vjera\/formacija\/kviz-hrvatski-sveci-i-blazenici\/\" target=\"_blank\" rel=\"noopener\">KVIZ Provjeri koliko dobro poznaje\u0161 hrvatske svece i bla\u017eenike!<\/a><\/h1>\n<h1 class=\"Single-article__h1\"><a href=\"https:\/\/www.bitno.net\/vjera\/formacija\/kviz-sakrament-ispovijedi\/\" target=\"_blank\" rel=\"noopener\">[KVIZ] Provjerite svoje znanje o sakramentu ispovijedi<\/a><\/h1>\n","protected":false},"excerpt":{"rendered":"<p>KVIZ Provjeri koliko dobro poznaje\u0161 sv. Petra i Pavla Rije\u0161i kri\u017ealjku i poka\u017ei svoje znanje o adventu! KVIZ Provjerite svoje znanje o doga\u0111ajima Velikog tjedna! KVIZ 20 pou\u010dnih i zanimljivih bo\u017ei\u0107nih pitanja [KVIZ] Koliko dobro poznaje\u0161 Novi zavjet? [KVIZ] Provjerite &hellip; <a href=\"http:\/\/josip-rukelj.from.hr\/?page_id=986\">Nastavi \u010ditati <span class=\"meta-nav\">&rarr;<\/span><\/a><\/p>\n","protected":false},"author":357,"featured_media":0,"parent":0,"menu_order":0,"comment_status":"closed","ping_status":"closed","template":"","meta":{"ngg_post_thumbnail":0},"yoast_head":"<!-- This site is optimized with the Yoast SEO plugin v17.5 - https:\/\/yoast.com\/wordpress\/plugins\/seo\/ -->\n<meta name=\"robots\" content=\"index, follow, max-snippet:-1, max-image-preview:large, max-video-preview:-1\" \/>\n<link rel=\"canonical\" href=\"http:\/\/josip-rukelj.from.hr\/?page_id=986\" \/>\n<meta property=\"og:locale\" content=\"hr_HR\" \/>\n<meta property=\"og:type\" content=\"article\" \/>\n<meta property=\"og:title\" content=\"Kviz (Bitno.net) - Religiozna kultura i etika\" \/>\n<meta property=\"og:description\" content=\"KVIZ Provjeri koliko dobro poznaje\u0161 sv. Petra i Pavla Rije\u0161i kri\u017ealjku i poka\u017ei svoje znanje o adventu! KVIZ Provjerite svoje znanje o doga\u0111ajima Velikog tjedna! KVIZ 20 pou\u010dnih i zanimljivih bo\u017ei\u0107nih pitanja [KVIZ] Koliko dobro poznaje\u0161 Novi zavjet? [KVIZ] Provjerite &hellip; Nastavi \u010ditati &rarr;\" \/>\n<meta property=\"og:url\" content=\"http:\/\/josip-rukelj.from.hr\/?page_id=986\" \/>\n<meta property=\"og:site_name\" content=\"Religiozna kultura i etika\" \/>\n<meta property=\"article:modified_time\" content=\"2024-06-29T19:24:06+00:00\" \/>\n<meta name=\"twitter:card\" content=\"summary\" \/>\n<meta name=\"twitter:label1\" content=\"Procijenjeno vrijeme \u010ditanja\" \/>\n\t<meta name=\"twitter:data1\" content=\"1 minuta\" \/>\n<script type=\"application\/ld+json\" class=\"yoast-schema-graph\">{\"@context\":\"https:\/\/schema.org\",\"@graph\":[{\"@type\":[\"Person\",\"Organization\"],\"@id\":\"http:\/\/josip-rukelj.from.hr\/#\/schema\/person\/aea8c0e9f30d13d5482591504b7e2d90\",\"name\":\"josip-rukelj\",\"logo\":{\"@id\":\"http:\/\/josip-rukelj.from.hr\/#personlogo\"},\"sameAs\":[\"http:\/\/www.josiprukelj.com\"]},{\"@type\":\"WebSite\",\"@id\":\"http:\/\/josip-rukelj.from.hr\/#website\",\"url\":\"http:\/\/josip-rukelj.from.hr\/\",\"name\":\"Religiozna kultura i etika\",\"description\":\"Upoznaj samog sebe\",\"publisher\":{\"@id\":\"http:\/\/josip-rukelj.from.hr\/#\/schema\/person\/aea8c0e9f30d13d5482591504b7e2d90\"},\"potentialAction\":[{\"@type\":\"SearchAction\",\"target\":{\"@type\":\"EntryPoint\",\"urlTemplate\":\"http:\/\/josip-rukelj.from.hr\/?s={search_term_string}\"},\"query-input\":\"required name=search_term_string\"}],\"inLanguage\":\"hr\"},{\"@type\":\"WebPage\",\"@id\":\"http:\/\/josip-rukelj.from.hr\/?page_id=986#webpage\",\"url\":\"http:\/\/josip-rukelj.from.hr\/?page_id=986\",\"name\":\"Kviz (Bitno.net) - Religiozna kultura i etika\",\"isPartOf\":{\"@id\":\"http:\/\/josip-rukelj.from.hr\/#website\"},\"datePublished\":\"2018-08-14T18:52:50+00:00\",\"dateModified\":\"2024-06-29T19:24:06+00:00\",\"breadcrumb\":{\"@id\":\"http:\/\/josip-rukelj.from.hr\/?page_id=986#breadcrumb\"},\"inLanguage\":\"hr\",\"potentialAction\":[{\"@type\":\"ReadAction\",\"target\":[\"http:\/\/josip-rukelj.from.hr\/?page_id=986\"]}]},{\"@type\":\"BreadcrumbList\",\"@id\":\"http:\/\/josip-rukelj.from.hr\/?page_id=986#breadcrumb\",\"itemListElement\":[{\"@type\":\"ListItem\",\"position\":1,\"name\":\"Home\",\"item\":\"http:\/\/josip-rukelj.from.hr\/\"},{\"@type\":\"ListItem\",\"position\":2,\"name\":\"Kviz (Bitno.net)\"}]}]}<\/script>\n<!-- \/ Yoast SEO plugin. -->","yoast_head_json":{"robots":{"index":"index","follow":"follow","max-snippet":"max-snippet:-1","max-image-preview":"max-image-preview:large","max-video-preview":"max-video-preview:-1"},"canonical":"http:\/\/josip-rukelj.from.hr\/?page_id=986","og_locale":"hr_HR","og_type":"article","og_title":"Kviz (Bitno.net) - Religiozna kultura i etika","og_description":"KVIZ Provjeri koliko dobro poznaje\u0161 sv. Petra i Pavla Rije\u0161i kri\u017ealjku i poka\u017ei svoje znanje o adventu! KVIZ Provjerite svoje znanje o doga\u0111ajima Velikog tjedna! KVIZ 20 pou\u010dnih i zanimljivih bo\u017ei\u0107nih pitanja [KVIZ] Koliko dobro poznaje\u0161 Novi zavjet? [KVIZ] Provjerite &hellip; Nastavi \u010ditati &rarr;","og_url":"http:\/\/josip-rukelj.from.hr\/?page_id=986","og_site_name":"Religiozna kultura i etika","article_modified_time":"2024-06-29T19:24:06+00:00","twitter_card":"summary","twitter_misc":{"Procijenjeno vrijeme \u010ditanja":"1 minuta"},"schema":{"@context":"https:\/\/schema.org","@graph":[{"@type":["Person","Organization"],"@id":"http:\/\/josip-rukelj.from.hr\/#\/schema\/person\/aea8c0e9f30d13d5482591504b7e2d90","name":"josip-rukelj","logo":{"@id":"http:\/\/josip-rukelj.from.hr\/#personlogo"},"sameAs":["http:\/\/www.josiprukelj.com"]},{"@type":"WebSite","@id":"http:\/\/josip-rukelj.from.hr\/#website","url":"http:\/\/josip-rukelj.from.hr\/","name":"Religiozna kultura i etika","description":"Upoznaj samog sebe","publisher":{"@id":"http:\/\/josip-rukelj.from.hr\/#\/schema\/person\/aea8c0e9f30d13d5482591504b7e2d90"},"potentialAction":[{"@type":"SearchAction","target":{"@type":"EntryPoint","urlTemplate":"http:\/\/josip-rukelj.from.hr\/?s={search_term_string}"},"query-input":"required name=search_term_string"}],"inLanguage":"hr"},{"@type":"WebPage","@id":"http:\/\/josip-rukelj.from.hr\/?page_id=986#webpage","url":"http:\/\/josip-rukelj.from.hr\/?page_id=986","name":"Kviz (Bitno.net) - Religiozna kultura i etika","isPartOf":{"@id":"http:\/\/josip-rukelj.from.hr\/#website"},"datePublished":"2018-08-14T18:52:50+00:00","dateModified":"2024-06-29T19:24:06+00:00","breadcrumb":{"@id":"http:\/\/josip-rukelj.from.hr\/?page_id=986#breadcrumb"},"inLanguage":"hr","potentialAction":[{"@type":"ReadAction","target":["http:\/\/josip-rukelj.from.hr\/?page_id=986"]}]},{"@type":"BreadcrumbList","@id":"http:\/\/josip-rukelj.from.hr\/?page_id=986#breadcrumb","itemListElement":[{"@type":"ListItem","position":1,"name":"Home","item":"http:\/\/josip-rukelj.from.hr\/"},{"@type":"ListItem","position":2,"name":"Kviz (Bitno.net)"}]}]}},"_links":{"self":[{"href":"http:\/\/josip-rukelj.from.hr\/index.php?rest_route=\/wp\/v2\/pages\/986"}],"collection":[{"href":"http:\/\/josip-rukelj.from.hr\/index.php?rest_route=\/wp\/v2\/pages"}],"about":[{"href":"http:\/\/josip-rukelj.from.hr\/index.php?rest_route=\/wp\/v2\/types\/page"}],"author":[{"embeddable":true,"href":"http:\/\/josip-rukelj.from.hr\/index.php?rest_route=\/wp\/v2\/users\/357"}],"replies":[{"embeddable":true,"href":"http:\/\/josip-rukelj.from.hr\/index.php?rest_route=%2Fwp%2Fv2%2Fcomments&post=986"}],"version-history":[{"count":11,"href":"http:\/\/josip-rukelj.from.hr\/index.php?rest_route=\/wp\/v2\/pages\/986\/revisions"}],"predecessor-version":[{"id":2384,"href":"http:\/\/josip-rukelj.from.hr\/index.php?rest_route=\/wp\/v2\/pages\/986\/revisions\/2384"}],"wp:attachment":[{"href":"http:\/\/josip-rukelj.from.hr\/index.php?rest_route=%2Fwp%2Fv2%2Fmedia&parent=986"}],"curies":[{"name":"wp","href":"https:\/\/api.w.org\/{rel}","templated":true}]}}